{"id":90628,"date":"2025-07-02T15:39:13","date_gmt":"2025-07-02T13:39:13","guid":{"rendered":"https:\/\/www.kolibica.com\/product\/otvarac-za-flase-sa-magnetom-miller\/"},"modified":"2025-07-02T15:39:13","modified_gmt":"2025-07-02T13:39:13","slug":"otvarac-za-flase-sa-magnetom-miller","status":"publish","type":"product","link":"https:\/\/www.kolibica.com\/sk\/produkt\/otvarac-za-flase-sa-magnetom-miller\/","title":{"rendered":"Otvara\u010d za fla\u0161e sa magnetom MILLER"},"content":{"rendered":"<h3 data-start=\"921\" data-end=\"1254\"><strong data-start=\"921\" data-end=\"962\">Otvara\u010d za fla\u0161e sa magnetom MILLER<\/strong>, izra\u0111en od bambusa i metala, savr\u0161en je primer takvog proizvoda. Pre\u010dnik od 7 cm i debljina od 1 cm i te\u017einom od svega 27 g, MILLER spaja prirodnu lepotu bambusa s prakti\u010dno\u0161\u0107u metala i sna\u017enog magneta koji omogu\u0107ava da ga uvek imate pri ruci, pri\u010dvr\u0161\u0107enog na fri\u017eider, metalnu policu ili \u0161ank.<\/h3>\n<h4 data-start=\"921\" data-end=\"1254\">U poslovnom svetu, detalji \u010desto \u010dine razliku izme\u0111u prose\u010dnog i vrhunskog iskustva. Posebno u ugostiteljstvu, hotelijerstvu i B2B sektoru, proizvodi koji kombinuju funkcionalnost, estetiku i mogu\u0107nost brendiranja postaju nezamenljivi alati za ja\u010danje brenda i ostavljanje sna\u017enog utiska.<\/h4>\n<h4 data-start=\"1256\" data-end=\"1295\"><strong data-start=\"1261\" data-end=\"1295\">Spoj elegancije i prakti\u010dnosti<\/strong><\/h4>\n<p data-start=\"921\" data-end=\"1254\"><strong data-start=\"921\" data-end=\"962\">Otvara\u010d za fla\u0161e sa magnetom MILLER <\/strong>nije samo alat za otvaranje boca. On je dodatak koji unosi sofisticiranost u svako poslu\u017eenje, bilo da se koristi u barskoj atmosferi, restoranu, hotelskom apartmanu ili na korporativnim doga\u0111ajima. Prirodna tekstura bambusa daje mu toplinu i vizuelnu privla\u010dnost, dok metalni deo garantuje dugotrajnost i pouzdanost u upotrebi.<\/p>\n<p data-start=\"1644\" data-end=\"1922\">Njegov integrisani magnet omogu\u0107ava jednostavno odlaganje na metalne povr\u0161ine, \u0161to ga \u010dini uvek dostupnim i prakti\u010dnim. Umesto da se skriva u fiokama, <strong>MILLER otvara\u010d<\/strong> se pretvara u diskretan, ali efektan detalj koji doprinosi profesionalnom ambijentu va\u0161eg lokala ili poslovnog prostora.<\/p>\n<h4 data-start=\"1924\" data-end=\"1955\"><strong data-start=\"1929\" data-end=\"1955\">Idealno za brendiranje<\/strong><\/h4>\n<p data-start=\"1957\" data-end=\"2022\">Bambusova povr\u0161ina <strong>MILLER otvara\u010da<\/strong> idealna je za personalizaciju:<\/p>\n<ul data-start=\"2023\" data-end=\"2228\">\n<li data-start=\"2023\" data-end=\"2085\">\n<p data-start=\"2025\" data-end=\"2085\"><strong data-start=\"2025\" data-end=\"2048\">Lasersko graviranje<\/strong> \u2014 za elegantan, sofisticiran utisak.<\/p>\n<\/li>\n<li data-start=\"2086\" data-end=\"2143\">\n<p data-start=\"2088\" data-end=\"2143\"><strong data-start=\"2088\" data-end=\"2101\">UV \u0161tampa<\/strong> \u2014 za \u017eivopisne boje i brendirane detalje.<\/p>\n<\/li>\n<li data-start=\"2144\" data-end=\"2228\">\n<p data-start=\"2146\" data-end=\"2228\"><strong data-start=\"2146\" data-end=\"2179\">Specijalne poruke ili slogani<\/strong> \u2014 za promotivne akcije ili korporativne poklone.<\/p>\n<\/li>\n<\/ul>\n<p data-start=\"2230\" data-end=\"2457\">Svaki put kada va\u0161i gosti ili klijenti koriste <strong>MILLER otvara\u010d<\/strong>, va\u0161 brend ostaje u fokusu. U ugostiteljstvu, gde je svaka interakcija sa gostom prilika za promociju, ovakav detalj mo\u017ee biti presudan za ja\u010danje prepoznatljivosti.<\/p>\n<h4 data-start=\"2459\" data-end=\"2491\"><strong data-start=\"2464\" data-end=\"2491\">Ekolo\u0161ki i odr\u017eiv izbor<\/strong><\/h4>\n<p data-start=\"2493\" data-end=\"2795\">Bambus kao materijal nije samo lep, ve\u0107 i ekolo\u0161ki prihvatljiv. Raste brzo, prirodno je obnovljiv i simbolizuje odr\u017eivost, \u0161to je danas izuzetno va\u017ena vrednost u poslovnom svetu. Poklanjaju\u0107i ili koriste\u0107i MILLER otvara\u010d, \u0161aljete sna\u017enu poruku da va\u0161a firma misli na prirodu i vodi ra\u010duna o budu\u0107nosti.<\/p>\n<h4 data-start=\"2797\" data-end=\"2826\"><strong data-start=\"2802\" data-end=\"2826\">Vi\u0161enamenska primena<\/strong><\/h4>\n<h3 data-start=\"921\" data-end=\"1254\"><strong data-start=\"921\" data-end=\"962\">Otvara\u010d za fla\u0161e sa magnetom MILLER <\/strong><strong>je savr\u0161en za:<\/strong><\/h3>\n<ul data-start=\"2858\" data-end=\"3152\">\n<li data-start=\"2858\" data-end=\"2948\">\n<p data-start=\"2860\" data-end=\"2948\">Restorane, barove i kafi\u0107e koji \u017eele prakti\u010dan alat koji se uklapa u elegantan ambijent.<\/p>\n<\/li>\n<li data-start=\"2949\" data-end=\"3010\">\n<p data-start=\"2951\" data-end=\"3010\">Hotelske sobe ili mini-barove, gde ostavlja premium utisak.<\/p>\n<\/li>\n<li data-start=\"3011\" data-end=\"3086\">\n<p data-start=\"3013\" data-end=\"3086\">Promotivne poklone za B2B partnere, kao simbol pa\u017enje i profesionalnosti.<\/p>\n<\/li>\n<li data-start=\"3087\" data-end=\"3152\">\n<p data-start=\"3089\" data-end=\"3152\">Korporativne poklone na sajmovima, konferencijama i doga\u0111ajima.<\/p>\n<\/li>\n<\/ul>\n<p data-start=\"3182\" data-end=\"3537\">\n<p data-start=\"3778\" data-end=\"4034\">U\u010dinite da va\u0161 brend bude prime\u0107en u svakom trenutku poslu\u017eenja! Naru\u010dite <strong>MILLER otvara\u010d za fla\u0161e<\/strong> sa mogu\u0107no\u0161\u0107u brendiranja i spojite prirodnu eleganciju s funkcionalno\u0161\u0107u. <a href=\"https:\/\/www.kolibica.com\/sk\/kontakt\/\"><strong>Kontaktirajte nas<\/strong> <\/a>ve\u0107 danas za ponudu i koli\u010dinske popuste: <strong data-start=\"4011\" data-end=\"4034\"><a class=\"cursor-pointer\" rel=\"noopener\" data-start=\"4013\" data-end=\"4032\">office@kolibica.com<\/a><\/strong><\/p>\n","protected":false},"excerpt":{"rendered":"<p>Otvara\u010d za fla\u0161e sa magnetom MILLER, izra\u0111en od bambusa i  [&#8230;]<\/p>\n","protected":false},"featured_media":90587,"template":"","meta":{"content-type":""},"product_brand":[],"product_cat":[253,252],"product_tag":[],"class_list":{"0":"post-90628","1":"product","2":"type-product","3":"status-publish","4":"has-post-thumbnail","6":"product_cat-drevena-kuchynska-galanteria","7":"product_cat-drevna-galanteria","9":"first","10":"instock","11":"shipping-taxable","12":"purchasable","13":"product-type-simple"},"aioseo_notices":[],"_links":{"self":[{"href":"https:\/\/www.kolibica.com\/sk\/wp-json\/wp\/v2\/product\/90628","targetHints":{"allow":["GET"]}}],"collection":[{"href":"https:\/\/www.kolibica.com\/sk\/wp-json\/wp\/v2\/product"}],"about":[{"href":"https:\/\/www.kolibica.com\/sk\/wp-json\/wp\/v2\/types\/product"}],"wp:featuredmedia":[{"embeddable":true,"href":"https:\/\/www.kolibica.com\/sk\/wp-json\/wp\/v2\/media\/90587"}],"wp:attachment":[{"href":"https:\/\/www.kolibica.com\/sk\/wp-json\/wp\/v2\/media?parent=90628"}],"wp:term":[{"taxonomy":"product_brand","embeddable":true,"href":"https:\/\/www.kolibica.com\/sk\/wp-json\/wp\/v2\/product_brand?post=90628"},{"taxonomy":"product_cat","embeddable":true,"href":"https:\/\/www.kolibica.com\/sk\/wp-json\/wp\/v2\/product_cat?post=90628"},{"taxonomy":"product_tag","embeddable":true,"href":"https:\/\/www.kolibica.com\/sk\/wp-json\/wp\/v2\/product_tag?post=90628"}],"curies":[{"name":"wp","href":"https:\/\/api.w.org\/{rel}","templated":true}]}}