{"id":89770,"date":"2025-06-04T22:28:44","date_gmt":"2025-06-04T20:28:44","guid":{"rendered":"https:\/\/www.kolibica.com\/product\/vinski-set-barolo\/"},"modified":"2025-06-04T22:39:13","modified_gmt":"2025-06-04T20:39:13","slug":"vinski-set-barolo","status":"publish","type":"product","link":"https:\/\/www.kolibica.com\/sk\/produkt\/vinski-set-barolo\/","title":{"rendered":"Vinski set BAROLO"},"content":{"rendered":"<h2 data-start=\"81\" data-end=\"166\"><strong data-start=\"87\" data-end=\"166\">Vinski set u drvenoj kutiji BAROLO (5\/1): Poklon koji govori vi\u0161e od re\u010di<\/strong><\/h2>\n<p data-start=\"168\" data-end=\"282\"><span class=\"relative -mx-px my-[-0.2rem] rounded px-px py-[0.2rem] transition-colors duration-100 ease-in-out\">U svetu poslovnih poklona, gde je prvi utisak \u010desto presudan, <strong data-start=\"62\" data-end=\"72\">BAROLO<\/strong> vinski set predstavlja savr\u0161en spoj klasi\u010dnog dizajna i prakti\u010dne upotrebljivosti.<\/span> <span class=\"relative -mx-px my-[-0.2rem] rounded px-px py-[0.2rem] transition-colors duration-100 ease-in-out\">Ovaj set, koji se sastoji od elegantne drvene kutije i pribora za vino, idealan je za kompanije koje \u017eele da ostave sna\u017ean i trajan utisak na svoje klijente, partnere ili zaposlene.<\/span><\/p>\n<h3 data-start=\"284\" data-end=\"337\">\ud83c\udf3f <strong data-start=\"291\" data-end=\"337\">Prirodni materijali za sofisticiran izgled<\/strong><\/h3>\n<p data-start=\"339\" data-end=\"457\"><span class=\"relative -mx-px my-[-0.2rem] rounded px-px py-[0.2rem] transition-colors duration-100 ease-in-out\">BAROLO set je izra\u0111en od visokokvalitetnog drveta, \u0161to mu daje prirodnu toplinu i estetski ugo\u0111aj.<\/span> <span class=\"relative -mx-px my-[-0.2rem] rounded px-px py-[0.2rem] transition-colors duration-100 ease-in-out\">Njegov minimalisti\u010dki dizajn i pa\u017eljivo odabrani materijali lako se uklapaju u razli\u010dite enterijere, dodaju\u0107i \u0161arm i eleganciju svakom prostoru.<\/span><\/p>\n<h3 data-start=\"459\" data-end=\"509\">\ud83c\udf81 <strong data-start=\"466\" data-end=\"509\">Idealno za poslovne poklone i promocije<\/strong><\/h3>\n<p data-start=\"511\" data-end=\"589\"><strong><span class=\"relative -mx-px my-[-0.2rem] rounded px-px py-[0.2rem] transition-colors duration-100 ease-in-out\">BAROLO set dolazi u elegantnom poklon pakovanju, \u0161to ga \u010dini savr\u0161enim izborom za:<\/span><\/strong><\/p>\n<ul data-start=\"591\" data-end=\"797\">\n<li data-start=\"591\" data-end=\"632\">\n<p data-start=\"593\" data-end=\"632\"><span class=\"relative -mx-px my-[-0.2rem] rounded px-px py-[0.2rem] transition-colors duration-100 ease-in-out\"><strong data-start=\"0\" data-end=\"20\" data-is-last-node=\"\" data-is-only-node=\"\">Poslovne poklone<\/strong><\/span><\/p>\n<\/li>\n<li data-start=\"633\" data-end=\"674\">\n<p data-start=\"635\" data-end=\"674\"><span class=\"relative -mx-px my-[-0.2rem] rounded px-px py-[0.2rem] transition-colors duration-100 ease-in-out\"><strong data-start=\"0\" data-end=\"34\" data-is-last-node=\"\" data-is-only-node=\"\">Poklone za partnere i klijente<\/strong><\/span><\/p>\n<\/li>\n<li data-start=\"675\" data-end=\"716\">\n<p data-start=\"677\" data-end=\"716\"><span class=\"relative -mx-px my-[-0.2rem] rounded px-px py-[0.2rem] transition-colors duration-100 ease-in-out\"><strong data-start=\"0\" data-end=\"23\" data-is-last-node=\"\" data-is-only-node=\"\">Promotivne kampanje<\/strong><\/span><\/p>\n<\/li>\n<li data-start=\"717\" data-end=\"797\">\n<p data-start=\"719\" data-end=\"797\"><span class=\"relative -mx-px my-[-0.2rem] rounded px-px py-[0.2rem] transition-colors duration-100 ease-in-out\"><strong data-start=\"0\" data-end=\"65\" data-is-last-node=\"\" data-is-only-node=\"\">Specijalne prilike kao \u0161to su jubileji, godi\u0161njice i proslave<\/strong><\/span><\/p>\n<\/li>\n<\/ul>\n<p data-start=\"799\" data-end=\"877\"><strong><span class=\"relative -mx-px my-[-0.2rem] rounded px-px py-[0.2rem] transition-colors duration-100 ease-in-out\">Mogu\u0107nost personalizacije putem laserske gravure omogu\u0107ava dodavanje logotipa ili posebne poruke, \u010dime se ovaj set pretvara u jedinstveni promotivni proizvod.<\/span><\/strong><\/p>\n<h3 data-start=\"879\" data-end=\"913\">\ud83d\udcd0 <strong data-start=\"886\" data-end=\"913\">Specifikacije proizvoda<\/strong><\/h3>\n<ul data-start=\"915\" data-end=\"1212\">\n<li data-start=\"915\" data-end=\"936\">\n<p data-start=\"917\" data-end=\"936\"><strong data-start=\"917\" data-end=\"930\">Materijal<\/strong>: Drvo<\/p>\n<\/li>\n<li data-start=\"937\" data-end=\"993\">\n<p data-start=\"939\" data-end=\"993\"><strong data-start=\"939\" data-end=\"952\">Dimenzije<\/strong>: <span class=\"relative -mx-px my-[-0.2rem] rounded px-px py-[0.2rem] transition-colors duration-100 ease-in-out\">27 x 22 x 6.8 cm<\/span><\/p>\n<\/li>\n<li data-start=\"994\" data-end=\"1052\">\n<p data-start=\"996\" data-end=\"1052\"><strong data-start=\"996\" data-end=\"1011\">Neto te\u017eina<\/strong>: <span class=\"relative -mx-px my-[-0.2rem] rounded px-px py-[0.2rem] transition-colors duration-100 ease-in-out\">1.42 kg<\/span><\/p>\n<\/li>\n<li data-start=\"1053\" data-end=\"1074\">\n<p data-start=\"1055\" data-end=\"1074\"><strong data-start=\"1055\" data-end=\"1068\">Pakovanje<\/strong>: 12\/1<\/p>\n<\/li>\n<li data-start=\"1075\" data-end=\"1146\">\n<p data-start=\"1077\" data-end=\"1146\"><strong data-start=\"1077\" data-end=\"1105\">Preporu\u010dena vrsta \u0161tampe<\/strong>: <span class=\"relative -mx-px my-[-0.2rem] rounded px-px py-[0.2rem] transition-colors duration-100 ease-in-out\">Laserska gravura<\/span><\/p>\n<\/li>\n<\/ul>\n","protected":false},"excerpt":{"rendered":"<p>Vinski set u drvenoj kutiji BAROLO (5\/1): Poklon koji govori  [&#8230;]<\/p>\n","protected":false},"featured_media":89735,"template":"","meta":{"content-type":""},"product_brand":[],"product_cat":[252,254,255,268],"product_tag":[],"class_list":{"0":"post-89770","1":"product","2":"type-product","3":"status-publish","4":"has-post-thumbnail","6":"product_cat-drevna-galanteria","7":"product_cat-luxusna-galanteria","8":"product_cat-obchodna-reklamna-galanteria","9":"product_cat-skrine-na-vino","11":"first","12":"instock","13":"shipping-taxable","14":"purchasable","15":"product-type-simple"},"aioseo_notices":[],"_links":{"self":[{"href":"https:\/\/www.kolibica.com\/sk\/wp-json\/wp\/v2\/product\/89770","targetHints":{"allow":["GET"]}}],"collection":[{"href":"https:\/\/www.kolibica.com\/sk\/wp-json\/wp\/v2\/product"}],"about":[{"href":"https:\/\/www.kolibica.com\/sk\/wp-json\/wp\/v2\/types\/product"}],"wp:featuredmedia":[{"embeddable":true,"href":"https:\/\/www.kolibica.com\/sk\/wp-json\/wp\/v2\/media\/89735"}],"wp:attachment":[{"href":"https:\/\/www.kolibica.com\/sk\/wp-json\/wp\/v2\/media?parent=89770"}],"wp:term":[{"taxonomy":"product_brand","embeddable":true,"href":"https:\/\/www.kolibica.com\/sk\/wp-json\/wp\/v2\/product_brand?post=89770"},{"taxonomy":"product_cat","embeddable":true,"href":"https:\/\/www.kolibica.com\/sk\/wp-json\/wp\/v2\/product_cat?post=89770"},{"taxonomy":"product_tag","embeddable":true,"href":"https:\/\/www.kolibica.com\/sk\/wp-json\/wp\/v2\/product_tag?post=89770"}],"curies":[{"name":"wp","href":"https:\/\/api.w.org\/{rel}","templated":true}]}}