{"id":89631,"date":"2025-06-04T20:04:47","date_gmt":"2025-06-04T18:04:47","guid":{"rendered":"https:\/\/www.kolibica.com\/product\/set-drvena-kutija-sa-casama\/"},"modified":"2025-06-04T20:18:15","modified_gmt":"2025-06-04T18:18:15","slug":"set-drvena-kutija-sa-casama","status":"publish","type":"product","link":"https:\/\/www.kolibica.com\/sk\/produkt\/set-drvena-kutija-sa-casama\/","title":{"rendered":"Set drvena kutija sa \u010da\u0161ama"},"content":{"rendered":"<h2 data-start=\"81\" data-end=\"164\"><strong data-start=\"87\" data-end=\"164\">Set drvena kutija sa \u010da\u0161ama: Elegancija i funkcionalnost u jednom<\/strong><\/h2>\n<p data-start=\"166\" data-end=\"280\"><span class=\"relative -mx-px my-[-0.2rem] rounded px-px py-[0.2rem] transition-colors duration-100 ease-in-out\">U svetu poslovnih poklona, gde je prvi utisak \u010desto presudan, <strong data-start=\"62\" data-end=\"71\">REBEL<\/strong> set predstavlja savr\u0161en spoj klasi\u010dnog dizajna i prakti\u010dne upotrebljivosti.<\/span> <span class=\"relative -mx-px my-[-0.2rem] rounded px-px py-[0.2rem] transition-colors duration-100 ease-in-out\">Ovaj set, koji se sastoji od elegantne drvene kutije i \u010da\u0161a, idealan je za kompanije koje \u017eele da ostave sna\u017ean i trajan utisak na svoje klijente, partnere ili zaposlene.<\/span><\/p>\n<h3 data-start=\"282\" data-end=\"335\">\ud83c\udf3f <strong data-start=\"289\" data-end=\"335\">Prirodni materijali za sofisticiran izgled<\/strong><\/h3>\n<p data-start=\"337\" data-end=\"455\"><span class=\"relative -mx-px my-[-0.2rem] rounded px-px py-[0.2rem] transition-colors duration-100 ease-in-out\"><strong>REBEL set<\/strong> je izra\u0111en od visokokvalitetnog drveta, \u0161to mu daje prirodnu toplinu i estetski ugo\u0111aj.<\/span> <span class=\"relative -mx-px my-[-0.2rem] rounded px-px py-[0.2rem] transition-colors duration-100 ease-in-out\">Njegov minimalisti\u010dki dizajn i pa\u017eljivo odabrani materijali lako se uklapaju u razli\u010dite enterijere, dodaju\u0107i \u0161arm i eleganciju svakom prostoru.<\/span><\/p>\n<h3 data-start=\"457\" data-end=\"507\">\ud83c\udf81 <strong data-start=\"464\" data-end=\"507\">Idealno za poslovne poklone i promocije<\/strong><\/h3>\n<p data-start=\"509\" data-end=\"587\"><span class=\"relative -mx-px my-[-0.2rem] rounded px-px py-[0.2rem] transition-colors duration-100 ease-in-out\">REBEL set dolazi u elegantnom poklon pakovanju, \u0161to ga \u010dini savr\u0161enim izborom za:<\/span><\/p>\n<ul data-start=\"589\" data-end=\"795\">\n<li data-start=\"589\" data-end=\"630\">\n<p data-start=\"591\" data-end=\"630\"><span class=\"relative -mx-px my-[-0.2rem] rounded px-px py-[0.2rem] transition-colors duration-100 ease-in-out\"><strong data-start=\"0\" data-end=\"20\" data-is-last-node=\"\" data-is-only-node=\"\">Poslovne poklone<\/strong><\/span><\/p>\n<\/li>\n<li data-start=\"631\" data-end=\"672\">\n<p data-start=\"633\" data-end=\"672\"><span class=\"relative -mx-px my-[-0.2rem] rounded px-px py-[0.2rem] transition-colors duration-100 ease-in-out\"><strong data-start=\"0\" data-end=\"34\" data-is-last-node=\"\" data-is-only-node=\"\">Poklone za partnere i klijente<\/strong><\/span><\/p>\n<\/li>\n<li data-start=\"673\" data-end=\"714\">\n<p data-start=\"675\" data-end=\"714\"><span class=\"relative -mx-px my-[-0.2rem] rounded px-px py-[0.2rem] transition-colors duration-100 ease-in-out\"><strong data-start=\"0\" data-end=\"23\" data-is-last-node=\"\" data-is-only-node=\"\">Promotivne kampanje<\/strong><\/span><\/p>\n<\/li>\n<li data-start=\"715\" data-end=\"795\">\n<p data-start=\"717\" data-end=\"795\"><span class=\"relative -mx-px my-[-0.2rem] rounded px-px py-[0.2rem] transition-colors duration-100 ease-in-out\"><strong data-start=\"0\" data-end=\"65\" data-is-last-node=\"\" data-is-only-node=\"\">Specijalne prilike kao \u0161to su jubileji, godi\u0161njice i proslave<\/strong><\/span><\/p>\n<\/li>\n<\/ul>\n<p data-start=\"797\" data-end=\"875\"><strong><span class=\"relative -mx-px my-[-0.2rem] rounded px-px py-[0.2rem] transition-colors duration-100 ease-in-out\">Mogu\u0107nost personalizacije putem laserske gravure omogu\u0107ava dodavanje logotipa ili posebne poruke, \u010dime se ovaj set pretvara u jedinstveni promotivni proizvod.<\/span><\/strong><\/p>\n<h3 data-start=\"877\" data-end=\"911\">\ud83d\udcd0 <strong data-start=\"884\" data-end=\"911\">Specifikacije proizvoda<\/strong><\/h3>\n<ul data-start=\"913\" data-end=\"1280\">\n<li data-start=\"913\" data-end=\"969\">\n<p data-start=\"915\" data-end=\"969\"><strong data-start=\"915\" data-end=\"928\">Materijal<\/strong>: <span class=\"relative -mx-px my-[-0.2rem] rounded px-px py-[0.2rem] transition-colors duration-100 ease-in-out\">Drvo i staklo<\/span><\/p>\n<\/li>\n<li data-start=\"970\" data-end=\"1026\">\n<p data-start=\"972\" data-end=\"1026\"><strong data-start=\"972\" data-end=\"985\">Dimenzije<\/strong>: <span class=\"text-gray-600\">24 x 20 x 13.5 cm <\/span><\/p>\n<\/li>\n<li data-start=\"1027\" data-end=\"1085\">\n<p data-start=\"1029\" data-end=\"1085\"><strong data-start=\"1029\" data-end=\"1044\">Neto te\u017eina<\/strong>: <span class=\"text-gray-600\">1.84 kg<\/span><\/p>\n<\/li>\n<li data-start=\"1086\" data-end=\"1142\">\n<p data-start=\"1088\" data-end=\"1142\"><strong data-start=\"1088\" data-end=\"1101\">Pakovanje<\/strong>: 6\/1<\/p>\n<\/li>\n<li data-start=\"1143\" data-end=\"1214\">\n<p data-start=\"1145\" data-end=\"1214\"><strong data-start=\"1145\" data-end=\"1173\">Preporu\u010dena vrsta \u0161tampe<\/strong>: <span class=\"relative -mx-px my-[-0.2rem] rounded px-px py-[0.2rem] transition-colors duration-100 ease-in-out\">Laserska gravura<\/span><\/p>\n<\/li>\n<\/ul>\n","protected":false},"excerpt":{"rendered":"<p>Set drvena kutija sa \u010da\u0161ama: Elegancija i funkcionalnost u jednom  [&#8230;]<\/p>\n","protected":false},"featured_media":89673,"template":"","meta":{"content-type":""},"product_brand":[],"product_cat":[250,268],"product_tag":[],"class_list":{"0":"post-89631","1":"product","2":"type-product","3":"status-publish","4":"has-post-thumbnail","6":"product_cat-drevena-obal","7":"product_cat-skrine-na-vino","9":"first","10":"instock","11":"shipping-taxable","12":"purchasable","13":"product-type-simple"},"aioseo_notices":[],"_links":{"self":[{"href":"https:\/\/www.kolibica.com\/sk\/wp-json\/wp\/v2\/product\/89631","targetHints":{"allow":["GET"]}}],"collection":[{"href":"https:\/\/www.kolibica.com\/sk\/wp-json\/wp\/v2\/product"}],"about":[{"href":"https:\/\/www.kolibica.com\/sk\/wp-json\/wp\/v2\/types\/product"}],"wp:featuredmedia":[{"embeddable":true,"href":"https:\/\/www.kolibica.com\/sk\/wp-json\/wp\/v2\/media\/89673"}],"wp:attachment":[{"href":"https:\/\/www.kolibica.com\/sk\/wp-json\/wp\/v2\/media?parent=89631"}],"wp:term":[{"taxonomy":"product_brand","embeddable":true,"href":"https:\/\/www.kolibica.com\/sk\/wp-json\/wp\/v2\/product_brand?post=89631"},{"taxonomy":"product_cat","embeddable":true,"href":"https:\/\/www.kolibica.com\/sk\/wp-json\/wp\/v2\/product_cat?post=89631"},{"taxonomy":"product_tag","embeddable":true,"href":"https:\/\/www.kolibica.com\/sk\/wp-json\/wp\/v2\/product_tag?post=89631"}],"curies":[{"name":"wp","href":"https:\/\/api.w.org\/{rel}","templated":true}]}}