{"id":88879,"date":"2024-04-29T10:34:29","date_gmt":"2024-04-29T08:34:29","guid":{"rendered":"https:\/\/www.kolibica.com\/?post_type=product&#038;p=88879"},"modified":"2024-04-29T14:00:59","modified_gmt":"2024-04-29T12:00:59","slug":"stolicky-pre-restauracie-porto-novo","status":"publish","type":"product","link":"https:\/\/www.kolibica.com\/sk\/produkt\/stolicky-pre-restauracie-porto-novo\/","title":{"rendered":"Stoli\u010dky pre re\u0161taur\u00e1cie Porto Novo"},"content":{"rendered":"<p><strong>Stoli\u010dky pre re\u0161taur\u00e1cie Porto Novo<\/strong> s\u00fa ve\u013emi popul\u00e1rne v\u010faka svojej elegantnej jednoduchosti. Stoli\u010dka je posilnen\u00e1 prie\u010dnymi dreven\u00fdmi ty\u010dami z ka\u017edej strany, \u010do jej dod\u00e1va mimoriadnu pevnos\u0165 a stabilitu. Operadlo je mierne naklonen\u00e9 dozadu pre v\u00e4\u010d\u0161ie pohodlie pri seden\u00ed, ke\u010f\u017ee s\u00fa stoli\u010dky ur\u010den\u00e9 pre re\u0161taur\u00e1cie. Stoli\u010dky s\u00fa vyroben\u00e9 z <strong><a href=\"https:\/\/www.kolibica.com\/sk\/gradja-svojstva-i-upotrebljivost-domacih-vrsta-drveta\/\">buku<\/a><\/strong>. Tieto stoli\u010dky sa najlep\u0161ie hodia k na\u0161im barov\u00fdm stoli\u010dk\u00e1m Porto.<\/p>\n<p>Pri v\u00e4\u010d\u0161\u00edch mno\u017estv\u00e1ch stoli\u010diek poskytujeme dodato\u010dn\u00fa z\u013eavu.<\/p>\n","protected":false},"excerpt":{"rendered":"<p>Stoli\u010dky pre re\u0161taur\u00e1cie Porto Novo s\u00fa ve\u013emi popul\u00e1rne v\u010faka svojej  [&#8230;]<\/p>\n","protected":false},"featured_media":88885,"template":"","meta":{"content-type":""},"product_brand":[],"product_cat":[257,270],"product_tag":[],"class_list":{"0":"post-88879","1":"product","2":"type-product","3":"status-publish","4":"has-post-thumbnail","6":"product_cat-drevene-stolicky","7":"product_cat-nabytok","9":"first","10":"onbackorder","11":"shipping-taxable","12":"purchasable","13":"product-type-simple"},"aioseo_notices":[],"_links":{"self":[{"href":"https:\/\/www.kolibica.com\/sk\/wp-json\/wp\/v2\/product\/88879","targetHints":{"allow":["GET"]}}],"collection":[{"href":"https:\/\/www.kolibica.com\/sk\/wp-json\/wp\/v2\/product"}],"about":[{"href":"https:\/\/www.kolibica.com\/sk\/wp-json\/wp\/v2\/types\/product"}],"wp:featuredmedia":[{"embeddable":true,"href":"https:\/\/www.kolibica.com\/sk\/wp-json\/wp\/v2\/media\/88885"}],"wp:attachment":[{"href":"https:\/\/www.kolibica.com\/sk\/wp-json\/wp\/v2\/media?parent=88879"}],"wp:term":[{"taxonomy":"product_brand","embeddable":true,"href":"https:\/\/www.kolibica.com\/sk\/wp-json\/wp\/v2\/product_brand?post=88879"},{"taxonomy":"product_cat","embeddable":true,"href":"https:\/\/www.kolibica.com\/sk\/wp-json\/wp\/v2\/product_cat?post=88879"},{"taxonomy":"product_tag","embeddable":true,"href":"https:\/\/www.kolibica.com\/sk\/wp-json\/wp\/v2\/product_tag?post=88879"}],"curies":[{"name":"wp","href":"https:\/\/api.w.org\/{rel}","templated":true}]}}