{"id":88727,"date":"2023-06-26T09:31:17","date_gmt":"2023-06-26T07:31:17","guid":{"rendered":"https:\/\/www.kolibica.com\/product\/drveni-menu-holder-kocka\/"},"modified":"2026-01-29T20:13:12","modified_gmt":"2026-01-29T18:13:12","slug":"drveni-menu-holder-kocka","status":"publish","type":"product","link":"https:\/\/www.kolibica.com\/sk\/produkt\/drveni-menu-holder-kocka\/","title":{"rendered":"Drveni menu holder kocka"},"content":{"rendered":"<p><strong>Drveni menu holder kocka<\/strong>\u00a0je namenjen ugostiteljskim objektima. Mo\u017eemo izraditi model prema \u017eeljama kupca, sa doradama (toniranje, lakiranje, lasersko graviranje, \u0161tampa).<\/p>\n","protected":false},"excerpt":{"rendered":"<p>Drveni menu holder kocka\u00a0je namenjen ugostiteljskim objektima. Mo\u017eemo izraditi model  [&#8230;]<\/p>\n","protected":false},"featured_media":88729,"template":"","meta":{"content-type":""},"product_brand":[],"product_cat":[253,252,255,275],"product_tag":[],"class_list":{"0":"post-88727","1":"product","2":"type-product","3":"status-publish","4":"has-post-thumbnail","6":"product_cat-drevena-kuchynska-galanteria","7":"product_cat-drevna-galanteria","8":"product_cat-obchodna-reklamna-galanteria","9":"product_cat-suveniry","11":"first","12":"instock","13":"shipping-taxable","14":"purchasable","15":"product-type-simple"},"aioseo_notices":[],"_links":{"self":[{"href":"https:\/\/www.kolibica.com\/sk\/wp-json\/wp\/v2\/product\/88727","targetHints":{"allow":["GET"]}}],"collection":[{"href":"https:\/\/www.kolibica.com\/sk\/wp-json\/wp\/v2\/product"}],"about":[{"href":"https:\/\/www.kolibica.com\/sk\/wp-json\/wp\/v2\/types\/product"}],"wp:featuredmedia":[{"embeddable":true,"href":"https:\/\/www.kolibica.com\/sk\/wp-json\/wp\/v2\/media\/88729"}],"wp:attachment":[{"href":"https:\/\/www.kolibica.com\/sk\/wp-json\/wp\/v2\/media?parent=88727"}],"wp:term":[{"taxonomy":"product_brand","embeddable":true,"href":"https:\/\/www.kolibica.com\/sk\/wp-json\/wp\/v2\/product_brand?post=88727"},{"taxonomy":"product_cat","embeddable":true,"href":"https:\/\/www.kolibica.com\/sk\/wp-json\/wp\/v2\/product_cat?post=88727"},{"taxonomy":"product_tag","embeddable":true,"href":"https:\/\/www.kolibica.com\/sk\/wp-json\/wp\/v2\/product_tag?post=88727"}],"curies":[{"name":"wp","href":"https:\/\/api.w.org\/{rel}","templated":true}]}}