{"id":88716,"date":"2023-02-25T08:34:26","date_gmt":"2023-02-25T06:34:26","guid":{"rendered":"https:\/\/www.kolibica.com\/product\/barske-tiffany-stolice\/"},"modified":"2025-03-20T12:17:09","modified_gmt":"2025-03-20T10:17:09","slug":"barske-tiffany-stolice","status":"publish","type":"product","link":"https:\/\/www.kolibica.com\/sk\/produkt\/barske-tiffany-stolice\/","title":{"rendered":"Barske Tiffany stolice"},"content":{"rendered":"<p><strong>Barske Tiffany stolice se odli\u010dno uklapaju uz model <a title=\"Tiffany stolice za restorane\" href=\"https:\/\/www.kolibica.com\/en\/proizvod\/tiffany-stolice\/\">Tiffany stolica za restorane<\/a>.<\/strong><\/p>\n<p>Da li tra\u017eite savr\u0161ene stolice da bi se va\u0161 doga\u0111aj istakao?<\/p>\n<p>Ne tra\u017eite dalje od <strong>barskih Tiffany<\/strong> stolica! Barske Tiffany stolice su savr\u0161ene za svako ven\u010danje, proslavu ili sve\u010dani doga\u0111aj, jer se lako ukra\u0161avaju i prilago\u0111avaju svakom okru\u017eenju. Sa raznim bojama koje mo\u017eete izabrati, ove stolice c\u0301e se savr\u0161eno uklopiti u va\u0161 enterijer. Kvalitetna izrada i jednostavan i elegantan izgled \u010dine ove stolice savr\u0161enim izborom za svaku posebnu priliku. Dodajte da\u0161ak \u0161arma poput bajke svom doga\u0111aju uz barske Tiffani stolice!<\/p>\n<p><strong>KARAKTERISTIKE:<\/strong><\/p>\n<p>\ud83c\udfa8 Raznolikost boja: Birajte iz niza boja kako biste savr\u0161eno odgovarali va\u0161em enterijeru.<br \/>\n\ud83d\udcd0 Kvalitetna izrada: U\u017eivajte u najkvalitetnijem radu za prelep i vanvremenski izgled.<br \/>\n\ud83d\udd28 Lako se ukra\u0161ava: Tiffany stolice se lako prilago\u0111avaju i ukra\u0161avaju tako da odgovaraju svakom okru\u017eenju.<\/p>\n<p><strong>SPECIFIKACIJE:<\/strong><\/p>\n<p>&#8211; Lagane i izdr\u017eljive<br \/>\n&#8211; Lako se \u010diste i odr\u017eavaju<br \/>\n&#8211; Dimenzije \u0160 x D x H (sedi\u0161te) \/ H (ukupno): 500 x 460 x 750 \/ 1060 mm<\/p>\n<p><strong>KAKO TO RADI:<\/strong><\/p>\n<p><strong>Tiffany barske stolice<\/strong> se lako postavljaju i koriste. Jednostavno ih postavite na \u017eeljeno mesto. Zatim mo\u017eete prilagoditi stolice tako da odgovaraju temi va\u0161eg doga\u0111aja dodavanjem ukrasa ili \u0161arenog pokriva\u010da. Kada se doga\u0111aj zavr\u0161i, jednostavno preklopite stolice i odlo\u017eite ih do sledec\u0301eg puta kada vam zatrebaju.<\/p>\n<p><strong>\u010cesto postavljana pitanja:<\/strong><\/p>\n<p>P: Da li se Tiffani barske stolice lako \u010duvaju?<br \/>\nO: Da! Tiffani barske stolice se mogu slo\u017eiti, \u0161to ih \u010dini lakim za odlaganje kada se ne koriste.<\/p>\n<p>P: Da li su barske Tiffani stolice izdr\u017eljive?<br \/>\nO: Apsolutno! Barske Tiffani stolice su napravljene od laganog, ali izdr\u017eljivog materijala, \u0161to osigurava da c\u0301e trajati godinama koje dolaze.<\/p>\n<p>P: Kako da prilagodim barske Tiffani stolice?<br \/>\nO: Mo\u017eete prilagoditi barske Tiffani stolice dodavanjem ukrasa ili \u0161arenog pokriva\u010da koji c\u0301e odgovarati temi va\u0161eg doga\u0111aja.<\/p>\n<p>&nbsp;<\/p>\n","protected":false},"excerpt":{"rendered":"<p>Barske Tiffany stolice se odli\u010dno uklapaju uz model Tiffany stolica  [&#8230;]<\/p>\n","protected":false},"featured_media":88722,"template":"","meta":{"content-type":""},"product_brand":[],"product_cat":[257,270],"product_tag":[],"class_list":{"0":"post-88716","1":"product","2":"type-product","3":"status-publish","4":"has-post-thumbnail","6":"product_cat-drevene-stolicky","7":"product_cat-nabytok","9":"first","10":"instock","11":"shipping-taxable","12":"purchasable","13":"product-type-simple"},"aioseo_notices":[],"_links":{"self":[{"href":"https:\/\/www.kolibica.com\/sk\/wp-json\/wp\/v2\/product\/88716","targetHints":{"allow":["GET"]}}],"collection":[{"href":"https:\/\/www.kolibica.com\/sk\/wp-json\/wp\/v2\/product"}],"about":[{"href":"https:\/\/www.kolibica.com\/sk\/wp-json\/wp\/v2\/types\/product"}],"wp:featuredmedia":[{"embeddable":true,"href":"https:\/\/www.kolibica.com\/sk\/wp-json\/wp\/v2\/media\/88722"}],"wp:attachment":[{"href":"https:\/\/www.kolibica.com\/sk\/wp-json\/wp\/v2\/media?parent=88716"}],"wp:term":[{"taxonomy":"product_brand","embeddable":true,"href":"https:\/\/www.kolibica.com\/sk\/wp-json\/wp\/v2\/product_brand?post=88716"},{"taxonomy":"product_cat","embeddable":true,"href":"https:\/\/www.kolibica.com\/sk\/wp-json\/wp\/v2\/product_cat?post=88716"},{"taxonomy":"product_tag","embeddable":true,"href":"https:\/\/www.kolibica.com\/sk\/wp-json\/wp\/v2\/product_tag?post=88716"}],"curies":[{"name":"wp","href":"https:\/\/api.w.org\/{rel}","templated":true}]}}