{"id":88687,"date":"2023-02-26T11:22:47","date_gmt":"2023-02-26T09:22:47","guid":{"rendered":"https:\/\/www.kolibica.com\/product\/drvena-kada-01\/"},"modified":"2026-02-11T11:56:46","modified_gmt":"2026-02-11T09:56:46","slug":"drvena-kada-01","status":"publish","type":"product","link":"https:\/\/www.kolibica.com\/sk\/produkt\/drvena-kada-01\/","title":{"rendered":"Drvena kada 01"},"content":{"rendered":"<p><strong>Drvena kada se proizvodi od <a title=\"Tehni\u010dke osobine hrasta\" href=\"https:\/\/www.kolibica.com\/sk\/gradja-svojstva-i-upotrebljivost-domacih-vrsta-drveta\/\">hrasta<\/a> ili <a title=\"Tehni\u010dke osobine bora\" href=\"https:\/\/www.kolibica.com\/sk\/gradja-svojstva-i-upotrebljivost-domacih-vrsta-drveta\/\">bora<\/a>. Dimenzije kade su promenljive, prema potrebama kupca.<\/strong><\/p>\n<p>Da li ste ikada \u017eeleli da stvorite jedinstveno i autenti\u010dno iskustvo za svoju porodicu i prijatelje?<\/p>\n<p>Na\u0161a <strong>drvena kada<\/strong> je savr\u0161eno re\u0161enje! Kombinujuc\u0301i tradicionalne materijale i modernu tehnologiju, na\u0161e kade su savr\u0161ene za ugradnju u va\u0161 dom, hotel ili otvoreni prostor. Bez obzira da li tra\u017eite kadu za jednu osobu ili ne\u0161to za sme\u0161taj vi\u0161e ljudi, na\u0161a drvena kada je savr\u0161en izbor.<\/p>\n<p><strong>KARAKTERISTIKE:<\/strong><br \/>\n\ud83d\udec0 Tradicionalni materijali i moderna tehnologija: Na\u0161a drvena kada je savr\u0161ena za one koji vole izgled tradicionalnih materijala, ali \u017eele udobnost moderne tehnologije.<\/p>\n<p>\ud83d\udec0 Jedna ili vi\u0161e osoba: Na\u0161a drvena kada mo\u017ee da primi jednu ili vi\u0161e osoba, \u0161to je \u010dini savr\u0161enom za porodice ili grupe.<\/p>\n<p>\ud83d\udec0 Instalacija u zatvorenom i na otvorenom: Na\u0161a drvena kada se mo\u017ee instalirati u zatvorenom ili na otvorenom, dajuc\u0301i vam fleksibilnost da odaberete savr\u0161eno mesto za va\u0161u kadu.<\/p>\n<p><strong>SPECIFIKACIJE:<\/strong><br \/>\n&#8211; Od punog drveta<br \/>\n&#8211; Dostupan u razli\u010ditim veli\u010dinama<br \/>\n&#8211; Uklju\u010duje sistem za odvod i prelivanje<\/p>\n<p><strong>KAKO TO RADI:<\/strong><br \/>\nNa\u0161a drvena kada se lako postavlja i koristi. Jednostavno izaberite \u017eeljenu lokaciju, instalirajte kadu i napunite je vodom. Kada se kadica napuni, mo\u017eete u\u017eivati u luksuznom namakanju!<\/p>\n<p><strong>\u010cesta pitanja:<\/strong><br \/>\nP: Da li je drvenu kadu lako instalirati?<br \/>\nO: Da, drvena kada se lako postavlja i mo\u017ee se postaviti u zatvorenom ili na otvorenom.<\/p>\n<p>P: Koliko ljudi mo\u017ee da primi drvena kada?<br \/>\nO: Na\u0161a drvena kada mo\u017ee da primi jednu ili vi\u0161e ljudi, \u0161to je \u010dini savr\u0161enom za porodice ili grupe.<\/p>\n","protected":false},"excerpt":{"rendered":"<p>Drvena kada se proizvodi od hrasta ili bora. Dimenzije kade  [&#8230;]<\/p>\n","protected":false},"featured_media":88690,"template":"","meta":{"content-type":""},"product_brand":[],"product_cat":[313],"product_tag":[],"class_list":{"0":"post-88687","1":"product","2":"type-product","3":"status-publish","4":"has-post-thumbnail","6":"product_cat-drevene-vane","8":"first","9":"instock","10":"shipping-taxable","11":"purchasable","12":"product-type-simple"},"aioseo_notices":[],"_links":{"self":[{"href":"https:\/\/www.kolibica.com\/sk\/wp-json\/wp\/v2\/product\/88687","targetHints":{"allow":["GET"]}}],"collection":[{"href":"https:\/\/www.kolibica.com\/sk\/wp-json\/wp\/v2\/product"}],"about":[{"href":"https:\/\/www.kolibica.com\/sk\/wp-json\/wp\/v2\/types\/product"}],"wp:featuredmedia":[{"embeddable":true,"href":"https:\/\/www.kolibica.com\/sk\/wp-json\/wp\/v2\/media\/88690"}],"wp:attachment":[{"href":"https:\/\/www.kolibica.com\/sk\/wp-json\/wp\/v2\/media?parent=88687"}],"wp:term":[{"taxonomy":"product_brand","embeddable":true,"href":"https:\/\/www.kolibica.com\/sk\/wp-json\/wp\/v2\/product_brand?post=88687"},{"taxonomy":"product_cat","embeddable":true,"href":"https:\/\/www.kolibica.com\/sk\/wp-json\/wp\/v2\/product_cat?post=88687"},{"taxonomy":"product_tag","embeddable":true,"href":"https:\/\/www.kolibica.com\/sk\/wp-json\/wp\/v2\/product_tag?post=88687"}],"curies":[{"name":"wp","href":"https:\/\/api.w.org\/{rel}","templated":true}]}}