{"id":88644,"date":"2023-02-24T09:25:41","date_gmt":"2023-02-24T07:25:41","guid":{"rendered":"https:\/\/www.kolibica.com\/product\/drvene-stolice-bentwood-018\/"},"modified":"2025-03-20T12:16:27","modified_gmt":"2025-03-20T10:16:27","slug":"drvene-stolice-bentwood-018","status":"publish","type":"product","link":"https:\/\/www.kolibica.com\/sk\/produkt\/drvene-stolice-bentwood-018\/","title":{"rendered":"Drvene stolice Bentwood 018"},"content":{"rendered":"<p><strong>Drvene stolice Bentwood 018 se odli\u010dno uklapaju uz modele barskih stolica <a title=\"Barske stolice Bentwood 012\" href=\"https:\/\/www.kolibica.com\/en\/proizvod\/barske-stolice-bentwood-012\/\">Bentwood 012<\/a>.<\/strong><\/p>\n<p>Da li tra\u017eite vanvremenski komad name\u0161taja koji c\u0301e trajati godinama?<\/p>\n<p>Na\u0161e drvene stolice su napravljene od <a href=\"https:\/\/www.kolibica.com\/sk\/gradja-svojstva-i-upotrebljivost-domacih-vrsta-drveta\/\">bukovog<\/a> drveta, \u0161to ih \u010dini neverovatno izdr\u017eljivim i dugotrajnim. Osim toga, dolaze u nizu boja, tako da mo\u017eete odabrati savr\u0161en stil koji c\u0301e odgovarati va\u0161em domu.<\/p>\n<p><strong>KARAKTERISTIKE:<\/strong><br \/>\n\ud83c\udf33 Vanvremenski dizajn: Napravljene od bukovog drveta, na\u0161e drvene stolice su bezvremenski i klasi\u010dan komad name\u0161taja koji c\u0301e izgledati sjajno u svakom domu.<\/p>\n<p>\ud83c\udfa8 Odaberite svoju boju: Uz niz boja koje mo\u017eete izabrati, mo\u017eete pronac\u0301i savr\u0161enu drvenu stolicu koja odgovara va\u0161em postojec\u0301em dekoru.<\/p>\n<p>\ud83d\udcaa Izdr\u017eljivost: Na\u0161e drvene stolice su napravljene od <a href=\"https:\/\/www.kolibica.com\/sk\/gradja-svojstva-i-upotrebljivost-domacih-vrsta-drveta\/\">bukovog<\/a> drveta, \u0161to ih \u010dini neverovatno izdr\u017eljivim i dugotrajnim.<\/p>\n<p><strong>SPECIFIKACIJE:<\/strong><br \/>\n&#8211; Od bukovog drveta<br \/>\n&#8211; Dostupan u nizu boja<br \/>\n&#8211; Dimenzije: \u0160 x D x H (sedi\u0161te) \/ H (ukupno): 400 x 470 x 450 \/ 760 mm<\/p>\n<p><strong>\u010cesto postavljana pitanja:<\/strong><br \/>\nP: Od kog materijala su napravljene stolice?<br \/>\nO: Na\u0161e drvene stolice su izra\u0111ene od bukovog drveta.<\/p>\n<p>P: Koliko te\u017eine stolice mogu da izdr\u017ee?<br \/>\nO: Stolice mogu da izdr\u017ee do 150 kg.<\/p>\n<p>P: Koje su dimenzije stolica?<br \/>\nO: Stolice imaju dimenzije \u0160 x D x H (sedi\u0161te) \/ H (ukupno): 400 x 470 x 450 \/ 760 mm.<\/p>\n","protected":false},"excerpt":{"rendered":"<p>Drvene stolice Bentwood 018 se odli\u010dno uklapaju uz modele barskih  [&#8230;]<\/p>\n","protected":false},"featured_media":88652,"template":"","meta":{"content-type":""},"product_brand":[],"product_cat":[257,270],"product_tag":[],"class_list":{"0":"post-88644","1":"product","2":"type-product","3":"status-publish","4":"has-post-thumbnail","6":"product_cat-drevene-stolicky","7":"product_cat-nabytok","9":"first","10":"instock","11":"shipping-taxable","12":"purchasable","13":"product-type-simple"},"aioseo_notices":[],"_links":{"self":[{"href":"https:\/\/www.kolibica.com\/sk\/wp-json\/wp\/v2\/product\/88644","targetHints":{"allow":["GET"]}}],"collection":[{"href":"https:\/\/www.kolibica.com\/sk\/wp-json\/wp\/v2\/product"}],"about":[{"href":"https:\/\/www.kolibica.com\/sk\/wp-json\/wp\/v2\/types\/product"}],"wp:featuredmedia":[{"embeddable":true,"href":"https:\/\/www.kolibica.com\/sk\/wp-json\/wp\/v2\/media\/88652"}],"wp:attachment":[{"href":"https:\/\/www.kolibica.com\/sk\/wp-json\/wp\/v2\/media?parent=88644"}],"wp:term":[{"taxonomy":"product_brand","embeddable":true,"href":"https:\/\/www.kolibica.com\/sk\/wp-json\/wp\/v2\/product_brand?post=88644"},{"taxonomy":"product_cat","embeddable":true,"href":"https:\/\/www.kolibica.com\/sk\/wp-json\/wp\/v2\/product_cat?post=88644"},{"taxonomy":"product_tag","embeddable":true,"href":"https:\/\/www.kolibica.com\/sk\/wp-json\/wp\/v2\/product_tag?post=88644"}],"curies":[{"name":"wp","href":"https:\/\/api.w.org\/{rel}","templated":true}]}}