{"id":88595,"date":"2023-02-22T08:35:21","date_gmt":"2023-02-22T06:35:21","guid":{"rendered":"https:\/\/www.kolibica.com\/product\/barske-stolice-tonet-bentwood-001\/"},"modified":"2024-04-23T13:57:38","modified_gmt":"2024-04-23T11:57:38","slug":"barske-stolice-tonet-bentwood-001","status":"publish","type":"product","link":"https:\/\/www.kolibica.com\/sk\/produkt\/barske-stolice-tonet-bentwood-001\/","title":{"rendered":"Barske stolice Tonet &#8211; Bentwood 001"},"content":{"rendered":"<p><strong>Barske stolice Tonet &#8211; Bentwood 001<\/strong><\/p>\n<p>Da li ste tra\u017eili vanvremenski i klasi\u010dan komad name\u0161taja koji c\u0301ete dodati svom domu ili restoranu?<\/p>\n<p>Na\u0161li ste je! Ovaj model je zasnovan na Tonet stilu patentiranom pre vi\u0161e od 150 godina i danas je veoma popularan izbor.<br \/>\nSkoro dva veka od po\u010detka proizvodnje, ovaj model stolica i dalje krasi bezbroj, kako starinskih autenti\u010dnih ambijenata, tako i najmodernije kafi\u0107e, restorane, poslasti\u010darnice\u2026<br \/>\nRu\u010dno izra\u0111ena tradicionalnom tehnologijom i napravljena od <a href=\"https:\/\/www.kolibica.com\/gradja-svojstva-i-upotrebljivost-domacih-vrsta-drveta\/\">bukve<\/a>, ova stolica c\u0301e sigurno trajati mnogo godina. Osim toga, dolazi u raznim bojama kako bi se uklopio u svaki dizajn enterijera. Sa svojim klasi\u010dnim izgledom i modernim karakteristikama, ova stolica c\u0301e sigurno biti odli\u010dan dodatak va\u0161em prostoru.<\/p>\n<p><strong>KARAKTERISTIKE:<\/strong><\/p>\n<p>\ud83d\udca1 Vanvremenski dizajn: Ova stolica je zasnovana na Tonet stilu patentiranom pre vi\u0161e od 150 godina i jo\u0161 uvek je veoma popularan izbor danas.<br \/>\n\ud83d\udcaa Izdr\u017eljiv kvalitet: Ru\u010dno izra\u0111ena tradicionalnom tehnologijom i napravljena od bukve, ova stolica c\u0301e sigurno trajati mnogo godina.<br \/>\n\ud83c\udfa8 Raznolikost boja: Ova stolica je dostupna u raznim bojama kako bi se uklopila u svaki dizajn enterijera.<\/p>\n<p><strong>SPECIFIKACIJE:<\/strong><br \/>\n&#8211; Materijal: <a href=\"https:\/\/www.kolibica.com\/gradja-svojstva-i-upotrebljivost-domacih-vrsta-drveta\/\">bukva<\/a><br \/>\n&#8211; Dimenzije: \u0160 x D x H (sedi\u0161te) \/ H (ukupno): 510 x 460 x 750 \/ 1060 mm<br \/>\n&#8211; Te\u017eina: 5 kg<\/p>\n<p><strong>KAKO PORU\u010cITI:<\/strong><br \/>\n1. Izaberite model stolice Bentvood koji najbolje odgovara va\u0161em dizajnu enterijera.<br \/>\n2. Izaberite boju po svom izboru.<br \/>\n3. Po\u0161aljite svoju narud\u017ebu na na\u0161 e-mail: office@kolibica.com.<\/p>\n<p><strong>PITANJA:<\/strong><br \/>\nP: Da li je ova stolica udobna?<br \/>\nO: Da, ova stolica je dizajnirana da bude udobna i ergonomska.<\/p>\n<p>P: Koliko je ova stolica izdr\u017eljiva?<br \/>\nO: Ova stolica je ru\u010dno izra\u0111ena tradicionalnom tehnologijom i napravljena je od bukve, tako da c\u0301e sigurno trajati mnogo godina.<\/p>\n<p>P: Mogu li izabrati drugu boju?<br \/>\nO: Da, ova stolica je dostupna u raznim bojama kako bi se uklopila u bilo koji dizajn enterijera. Ton kartu mo\u017eete pogledati u galeriji slika ovog modela.<\/p>\n","protected":false},"excerpt":{"rendered":"<p>Barske stolice Tonet &#8211; Bentwood 001 Da li ste tra\u017eili  [&#8230;]<\/p>\n","protected":false},"featured_media":88599,"template":"","meta":{"content-type":""},"product_brand":[],"product_cat":[257,270],"product_tag":[],"class_list":{"0":"post-88595","1":"product","2":"type-product","3":"status-publish","4":"has-post-thumbnail","6":"product_cat-drevene-stolicky","7":"product_cat-nabytok","9":"first","10":"instock","11":"shipping-taxable","12":"purchasable","13":"product-type-simple"},"aioseo_notices":[],"_links":{"self":[{"href":"https:\/\/www.kolibica.com\/sk\/wp-json\/wp\/v2\/product\/88595","targetHints":{"allow":["GET"]}}],"collection":[{"href":"https:\/\/www.kolibica.com\/sk\/wp-json\/wp\/v2\/product"}],"about":[{"href":"https:\/\/www.kolibica.com\/sk\/wp-json\/wp\/v2\/types\/product"}],"wp:featuredmedia":[{"embeddable":true,"href":"https:\/\/www.kolibica.com\/sk\/wp-json\/wp\/v2\/media\/88599"}],"wp:attachment":[{"href":"https:\/\/www.kolibica.com\/sk\/wp-json\/wp\/v2\/media?parent=88595"}],"wp:term":[{"taxonomy":"product_brand","embeddable":true,"href":"https:\/\/www.kolibica.com\/sk\/wp-json\/wp\/v2\/product_brand?post=88595"},{"taxonomy":"product_cat","embeddable":true,"href":"https:\/\/www.kolibica.com\/sk\/wp-json\/wp\/v2\/product_cat?post=88595"},{"taxonomy":"product_tag","embeddable":true,"href":"https:\/\/www.kolibica.com\/sk\/wp-json\/wp\/v2\/product_tag?post=88595"}],"curies":[{"name":"wp","href":"https:\/\/api.w.org\/{rel}","templated":true}]}}