{"id":88560,"date":"2023-02-05T16:45:13","date_gmt":"2023-02-05T14:45:13","guid":{"rendered":"https:\/\/www.kolibica.com\/product\/daska-za-posluzenje-4-casice\/"},"modified":"2024-04-23T13:51:20","modified_gmt":"2024-04-23T11:51:20","slug":"daska-za-posluzenje-4-casice","status":"publish","type":"product","link":"https:\/\/www.kolibica.com\/sk\/produkt\/daska-za-posluzenje-4-casice\/","title":{"rendered":"Daska za poslu\u017eenje 4 \u010da\u0161ice"},"content":{"rendered":"<p>Daska za poslu\u017eenje 4 \u010da\u0161ice je prakti\u010dno re\u0161enje za ugostiteljstvo. Proizvodi se od <a href=\"https:\/\/www.kolibica.com\/gradja-svojstva-i-upotrebljivost-domacih-vrsta-drveta\/\">bukve<\/a> ili drugog tvrdog drveta. Mo\u017ee se dodatno tonirati i lakirati, a postoji mogu\u0107nost i laserske gravure logotipa.<\/p>\n","protected":false},"excerpt":{"rendered":"<p>Daska za poslu\u017eenje 4 \u010da\u0161ice je prakti\u010dno re\u0161enje za ugostiteljstvo.  [&#8230;]<\/p>\n","protected":false},"featured_media":88568,"template":"","meta":{"content-type":""},"product_brand":[],"product_cat":[253,275],"product_tag":[],"class_list":{"0":"post-88560","1":"product","2":"type-product","3":"status-publish","4":"has-post-thumbnail","6":"product_cat-drevena-kuchynska-galanteria","7":"product_cat-suveniry","9":"first","10":"instock","11":"shipping-taxable","12":"product-type-simple"},"aioseo_notices":[],"_links":{"self":[{"href":"https:\/\/www.kolibica.com\/sk\/wp-json\/wp\/v2\/product\/88560","targetHints":{"allow":["GET"]}}],"collection":[{"href":"https:\/\/www.kolibica.com\/sk\/wp-json\/wp\/v2\/product"}],"about":[{"href":"https:\/\/www.kolibica.com\/sk\/wp-json\/wp\/v2\/types\/product"}],"wp:featuredmedia":[{"embeddable":true,"href":"https:\/\/www.kolibica.com\/sk\/wp-json\/wp\/v2\/media\/88568"}],"wp:attachment":[{"href":"https:\/\/www.kolibica.com\/sk\/wp-json\/wp\/v2\/media?parent=88560"}],"wp:term":[{"taxonomy":"product_brand","embeddable":true,"href":"https:\/\/www.kolibica.com\/sk\/wp-json\/wp\/v2\/product_brand?post=88560"},{"taxonomy":"product_cat","embeddable":true,"href":"https:\/\/www.kolibica.com\/sk\/wp-json\/wp\/v2\/product_cat?post=88560"},{"taxonomy":"product_tag","embeddable":true,"href":"https:\/\/www.kolibica.com\/sk\/wp-json\/wp\/v2\/product_tag?post=88560"}],"curies":[{"name":"wp","href":"https:\/\/api.w.org\/{rel}","templated":true}]}}