{"id":88546,"date":"2023-02-12T11:31:59","date_gmt":"2023-02-12T09:31:59","guid":{"rendered":"https:\/\/www.kolibica.com\/product\/krckalica-za-orahe\/"},"modified":"2024-04-23T13:50:53","modified_gmt":"2024-04-23T11:50:53","slug":"krckalica-za-orahe","status":"publish","type":"product","link":"https:\/\/www.kolibica.com\/sk\/produkt\/krckalica-za-orahe\/","title":{"rendered":"Krckalica za orahe"},"content":{"rendered":"<p><strong>Krckalica za orahe<\/strong> je veoma interesantan proizvod od drveta koji mo\u017eete dr\u017eati na stolu pored neke od na\u0161ih \u010dinija.<\/p>\n<p><span class=\"HwtZe\" lang=\"bs\"><span class=\"jCAhz ChMk0b\"><span class=\"ryNqvb\">Da li ste se ikada mu\u010dili da otvorite orah?<\/span><\/span><\/span><\/p>\n<p><span class=\"HwtZe\" lang=\"bs\"><span class=\"jCAhz ChMk0b\"><span class=\"ryNqvb\">Sada ne morate!<\/span><\/span> <span class=\"jCAhz ChMk0b\"><span class=\"ryNqvb\">Na\u0161a <strong>krckalica u obliku pe\u010durke<\/strong> je savr\u0161en alat za jednostavno otvaranje oraha, le\u0161nika, badema, oraha pekan i pista\u0107a.<\/span><\/span><\/span><\/p>\n<p><span class=\"jCAhz ChMk0b\"><span class=\"ryNqvb\">KARAKTERISTIKE:<\/span><\/span><\/p>\n<p><span class=\"jCAhz ChMk0b\"><span class=\"ryNqvb\">Kompaktan dizajn: Ova krckalica u obliku pe\u010durke je mala i lagana, tako da je mo\u017eete poneti sa sobom gde god da krenete.<br \/>\n<\/span><\/span> <span class=\"jCAhz ChMk0b\"><span class=\"ryNqvb\">Izdr\u017eljiv materijal: Krckalica u obliku pe\u010durke je napravljena od visokokvalitetnog drveta i napravljena je da traje.<\/span><\/span><br \/>\n<span class=\"jCAhz ChMk0b\"><span class=\"ryNqvb\">Pogodna veli\u010dina: Krckalica je lagana i dovoljno mala da stane u va\u0161 d\u017eep.<\/span><\/span><\/p>\n<p><span class=\"jCAhz ChMk0b\"><span class=\"ryNqvb\">SPECIFIKACIJE:<\/span><\/span><\/p>\n<p><span class=\"jCAhz ChMk0b\"><span class=\"ryNqvb\">&#8211; Materijal: <a title=\"Tehni\u010dke osobine bukve\" href=\"https:\/\/www.kolibica.com\/gradja-svojstva-i-upotrebljivost-domacih-vrsta-drveta\/\">bukva<\/a><br \/>\n<\/span><\/span> <span class=\"jCAhz ChMk0b\"><span class=\"ryNqvb\">&#8211; Veli\u010dina: 15 x 6 cm<\/span><\/span><br \/>\n<span class=\"jCAhz ChMk0b\"><span class=\"ryNqvb\">-Te\u017eina: 100g<\/span><\/span><\/p>\n<p><span class=\"jCAhz ChMk0b\"><span class=\"ryNqvb\">KAKO RADI:<\/span><\/span><\/p>\n<p><span class=\"jCAhz ChMk0b\"><span class=\"ryNqvb\">1. Stavite orah u predvi\u0111eni otvor<\/span><\/span><br \/>\n<span class=\"jCAhz ChMk0b\"><span class=\"ryNqvb\">2. Stavite palac na vrh dr\u0161ke<\/span><\/span><br \/>\n<span class=\"jCAhz ChMk0b\"><span class=\"ryNqvb\">3. Okrenite ru\u010dicu da razbijete maticu<\/span><\/span><\/p>\n<p>\u010cesto postavljana pitanja<span class=\"jCAhz ChMk0b\"><span class=\"ryNqvb\">:<\/span><\/span><\/p>\n<p><span class=\"HwtZe\" lang=\"bs\"><span class=\"jCAhz ChMk0b\"><span class=\"ryNqvb\">P: Da li je krckalica jednostavna za kori\u0161tenje?<\/span><\/span><br \/>\n<span class=\"jCAhz ChMk0b\"><span class=\"ryNqvb\">O: Da!<\/span><\/span> <span class=\"jCAhz ChMk0b\"><span class=\"ryNqvb\">Ergonomska ru\u010dka i lagani dizajn \u010dine ga jednostavnim za kori\u0161\u0107enje.<\/span><\/span><\/span><\/p>\n<p><span class=\"jCAhz ChMk0b\"><span class=\"ryNqvb\">P: Da li je krckalica izdr\u017eljiva?<\/span><\/span><br \/>\n<span class=\"jCAhz ChMk0b\"><span class=\"ryNqvb\">O: Da!<\/span><\/span>\u00a0<span class=\"jCAhz ChMk0b\"><span class=\"ryNqvb\">Krckalica je napravljena od visokokvalitetnog drveta i napravljena je da traje.<\/span><\/span><\/p>\n","protected":false},"excerpt":{"rendered":"<p>Krckalica za orahe je veoma interesantan proizvod od drveta koji  [&#8230;]<\/p>\n","protected":false},"featured_media":88552,"template":"","meta":{"content-type":""},"product_brand":[],"product_cat":[253],"product_tag":[],"class_list":{"0":"post-88546","1":"product","2":"type-product","3":"status-publish","4":"has-post-thumbnail","6":"product_cat-drevena-kuchynska-galanteria","8":"first","9":"instock","10":"shipping-taxable","11":"product-type-simple"},"aioseo_notices":[],"_links":{"self":[{"href":"https:\/\/www.kolibica.com\/sk\/wp-json\/wp\/v2\/product\/88546","targetHints":{"allow":["GET"]}}],"collection":[{"href":"https:\/\/www.kolibica.com\/sk\/wp-json\/wp\/v2\/product"}],"about":[{"href":"https:\/\/www.kolibica.com\/sk\/wp-json\/wp\/v2\/types\/product"}],"wp:featuredmedia":[{"embeddable":true,"href":"https:\/\/www.kolibica.com\/sk\/wp-json\/wp\/v2\/media\/88552"}],"wp:attachment":[{"href":"https:\/\/www.kolibica.com\/sk\/wp-json\/wp\/v2\/media?parent=88546"}],"wp:term":[{"taxonomy":"product_brand","embeddable":true,"href":"https:\/\/www.kolibica.com\/sk\/wp-json\/wp\/v2\/product_brand?post=88546"},{"taxonomy":"product_cat","embeddable":true,"href":"https:\/\/www.kolibica.com\/sk\/wp-json\/wp\/v2\/product_cat?post=88546"},{"taxonomy":"product_tag","embeddable":true,"href":"https:\/\/www.kolibica.com\/sk\/wp-json\/wp\/v2\/product_tag?post=88546"}],"curies":[{"name":"wp","href":"https:\/\/api.w.org\/{rel}","templated":true}]}}