{"id":88536,"date":"2023-02-05T16:28:34","date_gmt":"2023-02-05T14:28:34","guid":{"rendered":"https:\/\/www.kolibica.com\/product\/drvena-tacna-sa-pregradama-cetvrtasta\/"},"modified":"2024-04-23T13:50:55","modified_gmt":"2024-04-23T11:50:55","slug":"drvena-tacna-sa-pregradama-cetvrtasta","status":"publish","type":"product","link":"https:\/\/www.kolibica.com\/sk\/produkt\/drvena-tacna-sa-pregradama-cetvrtasta\/","title":{"rendered":"Drvena tacna sa pregradama &#8211; \u010detvrtasta"},"content":{"rendered":"<p>Drvena tacna sa sa pregradama &#8211; \u010detvrtasta se proizvodi od bukve ili drugog tvrdog drveta, po \u017eelji kupca. Postoji mogu\u0107nost modifikacije dimenzija proizvoda, kao i dodatno toniranje i graviranje.<\/p>\n<p>Dimenzije: 300x90x15 mm.<\/p>\n","protected":false},"excerpt":{"rendered":"<p>Drvena tacna sa sa pregradama &#8211; \u010detvrtasta se proizvodi od  [&#8230;]<\/p>\n","protected":false},"featured_media":88539,"template":"","meta":{"content-type":""},"product_brand":[],"product_cat":[253,275],"product_tag":[],"class_list":{"0":"post-88536","1":"product","2":"type-product","3":"status-publish","4":"has-post-thumbnail","6":"product_cat-drevena-kuchynska-galanteria","7":"product_cat-suveniry","9":"first","10":"instock","11":"shipping-taxable","12":"product-type-simple"},"aioseo_notices":[],"_links":{"self":[{"href":"https:\/\/www.kolibica.com\/sk\/wp-json\/wp\/v2\/product\/88536","targetHints":{"allow":["GET"]}}],"collection":[{"href":"https:\/\/www.kolibica.com\/sk\/wp-json\/wp\/v2\/product"}],"about":[{"href":"https:\/\/www.kolibica.com\/sk\/wp-json\/wp\/v2\/types\/product"}],"wp:featuredmedia":[{"embeddable":true,"href":"https:\/\/www.kolibica.com\/sk\/wp-json\/wp\/v2\/media\/88539"}],"wp:attachment":[{"href":"https:\/\/www.kolibica.com\/sk\/wp-json\/wp\/v2\/media?parent=88536"}],"wp:term":[{"taxonomy":"product_brand","embeddable":true,"href":"https:\/\/www.kolibica.com\/sk\/wp-json\/wp\/v2\/product_brand?post=88536"},{"taxonomy":"product_cat","embeddable":true,"href":"https:\/\/www.kolibica.com\/sk\/wp-json\/wp\/v2\/product_cat?post=88536"},{"taxonomy":"product_tag","embeddable":true,"href":"https:\/\/www.kolibica.com\/sk\/wp-json\/wp\/v2\/product_tag?post=88536"}],"curies":[{"name":"wp","href":"https:\/\/api.w.org\/{rel}","templated":true}]}}