{"id":88498,"date":"2023-01-24T17:22:25","date_gmt":"2023-01-24T15:22:25","guid":{"rendered":"https:\/\/www.kolibica.com\/product\/drvene-kutije-za-jednu-bocu-sa-krivim-stalkom\/"},"modified":"2024-04-23T13:44:44","modified_gmt":"2024-04-23T11:44:44","slug":"drvene-kutije-za-jednu-bocu-sa-krivim-stalkom","status":"publish","type":"product","link":"https:\/\/www.kolibica.com\/sk\/produkt\/drvene-kutije-za-jednu-bocu-sa-krivim-stalkom\/","title":{"rendered":"Drvene kutije za jednu bocu sa krivim stalkom"},"content":{"rendered":"<p><strong>Drvene kutije za jednu bocu sa krivim stalkom<\/strong> se izra\u0111uju od mekog drveta: lipe, jele ili smr\u010de. Ove kutije su veoma prakti\u010dne za poklone, naro\u010dito ukoliko \u017eelite da onaj kome poklanjate vino stvarno i u\u017eiva u njemu &#8211; naravno u dru\u0161tvu. <strong>Krivi stalak za boce se izra\u0111uje od bukve.<\/strong><\/p>\n<p><strong>Dimenzije kutija za jednu bocu sa krivim stalkom mogu biti promenljive, prema \u017eeljama poru\u010dioca<\/strong>.<\/p>\n<p><strong>Cene drvenih kutija za jednu bocu sa krivim stalkom<\/strong>:<br \/>\n30-50 komada: 22,70 Eur<br \/>\n50-300 komada: 20,50 Eur<br \/>\n300-1000 komada: 18,00 Eur<br \/>\nPreko 1000 komada &#8211; cena po dogovoru.<\/p>\n<p>&nbsp;<\/p>\n<p>.<\/p>\n<p><strong>Napomene:<\/strong><\/p>\n<p>Graviranje nije ura\u010dunato u cenu.<br \/>\nPo \u017eelji kupca na proizvodima laserskom \u0161tampom i CNC (ma\u0161inskim duborezom) nanosimo logo ili drugi tekst<br \/>\nDimenzije proizvoda nisu fiksne<\/p>\n","protected":false},"excerpt":{"rendered":"<p>Drvene kutije za jednu bocu sa krivim stalkom se izra\u0111uju  [&#8230;]<\/p>\n","protected":false},"featured_media":88500,"template":"","meta":{"content-type":""},"product_brand":[],"product_cat":[250,268],"product_tag":[],"class_list":{"0":"post-88498","1":"product","2":"type-product","3":"status-publish","4":"has-post-thumbnail","6":"product_cat-drevena-obal","7":"product_cat-skrine-na-vino","9":"first","10":"instock","11":"shipping-taxable","12":"purchasable","13":"product-type-simple"},"aioseo_notices":[],"_links":{"self":[{"href":"https:\/\/www.kolibica.com\/sk\/wp-json\/wp\/v2\/product\/88498","targetHints":{"allow":["GET"]}}],"collection":[{"href":"https:\/\/www.kolibica.com\/sk\/wp-json\/wp\/v2\/product"}],"about":[{"href":"https:\/\/www.kolibica.com\/sk\/wp-json\/wp\/v2\/types\/product"}],"wp:featuredmedia":[{"embeddable":true,"href":"https:\/\/www.kolibica.com\/sk\/wp-json\/wp\/v2\/media\/88500"}],"wp:attachment":[{"href":"https:\/\/www.kolibica.com\/sk\/wp-json\/wp\/v2\/media?parent=88498"}],"wp:term":[{"taxonomy":"product_brand","embeddable":true,"href":"https:\/\/www.kolibica.com\/sk\/wp-json\/wp\/v2\/product_brand?post=88498"},{"taxonomy":"product_cat","embeddable":true,"href":"https:\/\/www.kolibica.com\/sk\/wp-json\/wp\/v2\/product_cat?post=88498"},{"taxonomy":"product_tag","embeddable":true,"href":"https:\/\/www.kolibica.com\/sk\/wp-json\/wp\/v2\/product_tag?post=88498"}],"curies":[{"name":"wp","href":"https:\/\/api.w.org\/{rel}","templated":true}]}}