{"id":88475,"date":"2022-11-25T15:35:41","date_gmt":"2022-11-25T13:35:41","guid":{"rendered":"https:\/\/www.kolibica.com\/product\/restoranske-stolice-valleta\/"},"modified":"2025-03-20T12:02:59","modified_gmt":"2025-03-20T10:02:59","slug":"restoranske-stolice-valleta","status":"publish","type":"product","link":"https:\/\/www.kolibica.com\/sk\/produkt\/restoranske-stolice-valleta\/","title":{"rendered":"Restoranske stolice Valleta"},"content":{"rendered":"<p><strong>Restoranske stolice Valleta <\/strong>su elegantne i rusti\u010dne. Izra\u0111uju se od bukve. Letvice na naslonu su ukr\u0161tene i daju veoma dopadljiv izgled, kao i udobnost.<\/p>\n<p>Mo\u017eete izabrati boju stolica u skladu sa tonovima koji preovla\u0111uju u va\u0161em restoranu ili kafi\u0107u.<\/p>\n<p>Za ve\u0107e koli\u010dine stolica odobravamo dodatni popust.<\/p>\n","protected":false},"excerpt":{"rendered":"<p>Restoranske stolice Valleta su elegantne i rusti\u010dne. Izra\u0111uju se od  [&#8230;]<\/p>\n","protected":false},"featured_media":88476,"template":"","meta":{"content-type":""},"product_brand":[],"product_cat":[257,270],"product_tag":[],"class_list":{"0":"post-88475","1":"product","2":"type-product","3":"status-publish","4":"has-post-thumbnail","6":"product_cat-drevene-stolicky","7":"product_cat-nabytok","9":"first","10":"instock","11":"shipping-taxable","12":"purchasable","13":"product-type-simple"},"aioseo_notices":[],"_links":{"self":[{"href":"https:\/\/www.kolibica.com\/sk\/wp-json\/wp\/v2\/product\/88475","targetHints":{"allow":["GET"]}}],"collection":[{"href":"https:\/\/www.kolibica.com\/sk\/wp-json\/wp\/v2\/product"}],"about":[{"href":"https:\/\/www.kolibica.com\/sk\/wp-json\/wp\/v2\/types\/product"}],"wp:featuredmedia":[{"embeddable":true,"href":"https:\/\/www.kolibica.com\/sk\/wp-json\/wp\/v2\/media\/88476"}],"wp:attachment":[{"href":"https:\/\/www.kolibica.com\/sk\/wp-json\/wp\/v2\/media?parent=88475"}],"wp:term":[{"taxonomy":"product_brand","embeddable":true,"href":"https:\/\/www.kolibica.com\/sk\/wp-json\/wp\/v2\/product_brand?post=88475"},{"taxonomy":"product_cat","embeddable":true,"href":"https:\/\/www.kolibica.com\/sk\/wp-json\/wp\/v2\/product_cat?post=88475"},{"taxonomy":"product_tag","embeddable":true,"href":"https:\/\/www.kolibica.com\/sk\/wp-json\/wp\/v2\/product_tag?post=88475"}],"curies":[{"name":"wp","href":"https:\/\/api.w.org\/{rel}","templated":true}]}}