{"id":88395,"date":"2022-08-01T17:26:19","date_gmt":"2022-08-01T15:26:19","guid":{"rendered":"https:\/\/www.kolibica.com\/product\/kosi-stalak-za-vino\/"},"modified":"2024-04-23T12:42:41","modified_gmt":"2024-04-23T10:42:41","slug":"kosi-stalak-za-vino","status":"publish","type":"product","link":"https:\/\/www.kolibica.com\/sk\/produkt\/kosi-stalak-za-vino\/","title":{"rendered":"Kosi stalak za vino"},"content":{"rendered":"<p><strong>Kosi stalak za vino<\/strong> je veoma jednostavan dr\u017ea\u010d za vinske boce, koji se obi\u010dno postavlja na police ili stolove u restoranima. Izra\u0111uje se od bukve i mo\u017ee biti bajcovan i\/ili lakiran prema \u017eeljama kupca. Kosi stalak je idealan za graviranje, zbog velike ravne povr\u0161ine.<\/p>\n<p><strong>Cene kosih stalaka za vino:<\/strong><\/p>\n<p>100-500 komada: 3,00 Eur<br \/>\n500-1000 komada: 2,70 Eur<br \/>\npreko 1000 komada: 2,30 Eur<\/p>\n<p><strong>Kosi stalak za vino<\/strong> je pogodan za CNC graviranje, lasersko graviranje, kao i u\u0161tampavanje.<\/p>\n<p>.<\/p>\n<p>&nbsp;<\/p>\n","protected":false},"excerpt":{"rendered":"<p>Kosi stalak za vino je veoma jednostavan dr\u017ea\u010d za vinske  [&#8230;]<\/p>\n","protected":false},"featured_media":88399,"template":"","meta":{"content-type":""},"product_brand":[],"product_cat":[253],"product_tag":[],"class_list":{"0":"post-88395","1":"product","2":"type-product","3":"status-publish","4":"has-post-thumbnail","6":"product_cat-drevena-kuchynska-galanteria","8":"first","9":"instock","10":"shipping-taxable","11":"product-type-simple"},"aioseo_notices":[],"_links":{"self":[{"href":"https:\/\/www.kolibica.com\/sk\/wp-json\/wp\/v2\/product\/88395","targetHints":{"allow":["GET"]}}],"collection":[{"href":"https:\/\/www.kolibica.com\/sk\/wp-json\/wp\/v2\/product"}],"about":[{"href":"https:\/\/www.kolibica.com\/sk\/wp-json\/wp\/v2\/types\/product"}],"wp:featuredmedia":[{"embeddable":true,"href":"https:\/\/www.kolibica.com\/sk\/wp-json\/wp\/v2\/media\/88399"}],"wp:attachment":[{"href":"https:\/\/www.kolibica.com\/sk\/wp-json\/wp\/v2\/media?parent=88395"}],"wp:term":[{"taxonomy":"product_brand","embeddable":true,"href":"https:\/\/www.kolibica.com\/sk\/wp-json\/wp\/v2\/product_brand?post=88395"},{"taxonomy":"product_cat","embeddable":true,"href":"https:\/\/www.kolibica.com\/sk\/wp-json\/wp\/v2\/product_cat?post=88395"},{"taxonomy":"product_tag","embeddable":true,"href":"https:\/\/www.kolibica.com\/sk\/wp-json\/wp\/v2\/product_tag?post=88395"}],"curies":[{"name":"wp","href":"https:\/\/api.w.org\/{rel}","templated":true}]}}