{"id":88391,"date":"2022-01-19T16:29:28","date_gmt":"2022-01-19T14:29:28","guid":{"rendered":"https:\/\/www.kolibica.com\/product\/korpica-za-voce-velika\/"},"modified":"2024-04-23T12:42:12","modified_gmt":"2024-04-23T10:42:12","slug":"korpica-za-voce-velika","status":"publish","type":"product","link":"https:\/\/www.kolibica.com\/sk\/produkt\/korpica-za-voce-velika\/","title":{"rendered":"Korpica za vo\u0107e velika"},"content":{"rendered":"<p><strong>Korpica za vo\u0107e je namenjena pakovanju <\/strong>vo\u0107a, povr\u0107a i gljiva i proizvodi se od topole. Dimenzije korpica su: 35x14x11 cm.<\/p>\n<p>.<\/p>\n<p>&nbsp;<\/p>\n","protected":false},"excerpt":{"rendered":"<p>Korpica za vo\u0107e je namenjena pakovanju vo\u0107a, povr\u0107a i gljiva  [&#8230;]<\/p>\n","protected":false},"featured_media":88393,"template":"","meta":{"content-type":""},"product_brand":[],"product_cat":[250,256],"product_tag":[],"class_list":{"0":"post-88391","1":"product","2":"type-product","3":"status-publish","4":"has-post-thumbnail","6":"product_cat-drevena-obal","7":"product_cat-drevene-bedne","9":"first","10":"instock","11":"shipping-taxable","12":"product-type-simple"},"aioseo_notices":[],"_links":{"self":[{"href":"https:\/\/www.kolibica.com\/sk\/wp-json\/wp\/v2\/product\/88391","targetHints":{"allow":["GET"]}}],"collection":[{"href":"https:\/\/www.kolibica.com\/sk\/wp-json\/wp\/v2\/product"}],"about":[{"href":"https:\/\/www.kolibica.com\/sk\/wp-json\/wp\/v2\/types\/product"}],"wp:featuredmedia":[{"embeddable":true,"href":"https:\/\/www.kolibica.com\/sk\/wp-json\/wp\/v2\/media\/88393"}],"wp:attachment":[{"href":"https:\/\/www.kolibica.com\/sk\/wp-json\/wp\/v2\/media?parent=88391"}],"wp:term":[{"taxonomy":"product_brand","embeddable":true,"href":"https:\/\/www.kolibica.com\/sk\/wp-json\/wp\/v2\/product_brand?post=88391"},{"taxonomy":"product_cat","embeddable":true,"href":"https:\/\/www.kolibica.com\/sk\/wp-json\/wp\/v2\/product_cat?post=88391"},{"taxonomy":"product_tag","embeddable":true,"href":"https:\/\/www.kolibica.com\/sk\/wp-json\/wp\/v2\/product_tag?post=88391"}],"curies":[{"name":"wp","href":"https:\/\/api.w.org\/{rel}","templated":true}]}}