{"id":88390,"date":"2022-01-19T13:16:50","date_gmt":"2022-01-19T11:16:50","guid":{"rendered":"https:\/\/www.kolibica.com\/product\/kutija-za-carape\/"},"modified":"2024-04-23T12:42:13","modified_gmt":"2024-04-23T10:42:13","slug":"kutija-za-carape","status":"publish","type":"product","link":"https:\/\/www.kolibica.com\/sk\/produkt\/kutija-za-carape\/","title":{"rendered":"Kutija za \u010darape"},"content":{"rendered":"<p><strong>Kutija za \u010darape je drvena kutija<\/strong> koja se izra\u0111uje od mekog drveta: lipe, jele ili smr\u010de sa podom i poklopcem od brezove \u0161perplo\u010de. Kutije imaju poklopac sa \u0161arkicama i kop\u010dom.<\/p>\n<p>Dimenzije kutija se mogu izmeniti prema potrebama kupca. Na kutijama postoji mogu\u0107nost laserske gravure. Kutije mogu biti farbane i lakirane po iyboru kupca.<\/p>\n","protected":false},"excerpt":{"rendered":"<p>Kutija za \u010darape je drvena kutija koja se izra\u0111uje od  [&#8230;]<\/p>\n","protected":false},"featured_media":88392,"template":"","meta":{"content-type":""},"product_brand":[],"product_cat":[250],"product_tag":[],"class_list":{"0":"post-88390","1":"product","2":"type-product","3":"status-publish","4":"has-post-thumbnail","6":"product_cat-drevena-obal","8":"first","9":"instock","10":"shipping-taxable","11":"purchasable","12":"product-type-simple"},"aioseo_notices":[],"_links":{"self":[{"href":"https:\/\/www.kolibica.com\/sk\/wp-json\/wp\/v2\/product\/88390","targetHints":{"allow":["GET"]}}],"collection":[{"href":"https:\/\/www.kolibica.com\/sk\/wp-json\/wp\/v2\/product"}],"about":[{"href":"https:\/\/www.kolibica.com\/sk\/wp-json\/wp\/v2\/types\/product"}],"wp:featuredmedia":[{"embeddable":true,"href":"https:\/\/www.kolibica.com\/sk\/wp-json\/wp\/v2\/media\/88392"}],"wp:attachment":[{"href":"https:\/\/www.kolibica.com\/sk\/wp-json\/wp\/v2\/media?parent=88390"}],"wp:term":[{"taxonomy":"product_brand","embeddable":true,"href":"https:\/\/www.kolibica.com\/sk\/wp-json\/wp\/v2\/product_brand?post=88390"},{"taxonomy":"product_cat","embeddable":true,"href":"https:\/\/www.kolibica.com\/sk\/wp-json\/wp\/v2\/product_cat?post=88390"},{"taxonomy":"product_tag","embeddable":true,"href":"https:\/\/www.kolibica.com\/sk\/wp-json\/wp\/v2\/product_tag?post=88390"}],"curies":[{"name":"wp","href":"https:\/\/api.w.org\/{rel}","templated":true}]}}