{"id":88355,"date":"2022-01-17T10:56:56","date_gmt":"2022-01-17T08:56:56","guid":{"rendered":"https:\/\/www.kolibica.com\/product\/kutija-za-dimljenog-lososa\/"},"modified":"2024-04-23T12:38:47","modified_gmt":"2024-04-23T10:38:47","slug":"kutija-za-dimljenog-lososa","status":"publish","type":"product","link":"https:\/\/www.kolibica.com\/sk\/produkt\/kutija-za-dimljenog-lososa\/","title":{"rendered":"Kutija za dimljenog lososa"},"content":{"rendered":"<p><strong>Kutija za dimljenog lososa se izra\u0111uje od mekog drveta<\/strong>: lipe, jele ili smr\u010de sa podom i poklopcem od brezove \u0161perplo\u010de.. Ove kutije u standardnoj varijanti imaju klizni poklopac sa otvorom.<\/p>\n<p>Dimenzije kutija za jednu bocu se mogu izmeniti prema potrebama kupca.<\/p>\n","protected":false},"excerpt":{"rendered":"<p>Kutija za dimljenog lososa se izra\u0111uje od mekog drveta: lipe,  [&#8230;]<\/p>\n","protected":false},"featured_media":88358,"template":"","meta":{"content-type":""},"product_brand":[],"product_cat":[250],"product_tag":[],"class_list":{"0":"post-88355","1":"product","2":"type-product","3":"status-publish","4":"has-post-thumbnail","6":"product_cat-drevena-obal","8":"first","9":"instock","10":"shipping-taxable","11":"purchasable","12":"product-type-simple"},"aioseo_notices":[],"_links":{"self":[{"href":"https:\/\/www.kolibica.com\/sk\/wp-json\/wp\/v2\/product\/88355","targetHints":{"allow":["GET"]}}],"collection":[{"href":"https:\/\/www.kolibica.com\/sk\/wp-json\/wp\/v2\/product"}],"about":[{"href":"https:\/\/www.kolibica.com\/sk\/wp-json\/wp\/v2\/types\/product"}],"wp:featuredmedia":[{"embeddable":true,"href":"https:\/\/www.kolibica.com\/sk\/wp-json\/wp\/v2\/media\/88358"}],"wp:attachment":[{"href":"https:\/\/www.kolibica.com\/sk\/wp-json\/wp\/v2\/media?parent=88355"}],"wp:term":[{"taxonomy":"product_brand","embeddable":true,"href":"https:\/\/www.kolibica.com\/sk\/wp-json\/wp\/v2\/product_brand?post=88355"},{"taxonomy":"product_cat","embeddable":true,"href":"https:\/\/www.kolibica.com\/sk\/wp-json\/wp\/v2\/product_cat?post=88355"},{"taxonomy":"product_tag","embeddable":true,"href":"https:\/\/www.kolibica.com\/sk\/wp-json\/wp\/v2\/product_tag?post=88355"}],"curies":[{"name":"wp","href":"https:\/\/api.w.org\/{rel}","templated":true}]}}