{"id":88352,"date":"2022-01-15T17:12:54","date_gmt":"2022-01-15T15:12:54","guid":{"rendered":"https:\/\/www.kolibica.com\/product\/podmetaci-za-serpe-od-letvica\/"},"modified":"2024-04-23T12:38:41","modified_gmt":"2024-04-23T10:38:41","slug":"podmetaci-za-serpe-od-letvica","status":"publish","type":"product","link":"https:\/\/www.kolibica.com\/sk\/produkt\/podmetaci-za-serpe-od-letvica\/","title":{"rendered":"Podmeta\u010di za \u0161erpe od letvica"},"content":{"rendered":"<p><strong>Podmeta\u010di za \u0161erpe od letvica<\/strong> se proizvode prema zahtevima kupca. Mo\u017ee se odabrati debljina i vrsta drveta, kao i dimenzije. Na podmeta\u010de se mo\u017ee aplicirati logo laserskom gravurom.<\/p>\n<p>&nbsp;<\/p>\n<p>&nbsp;<\/p>\n","protected":false},"excerpt":{"rendered":"<p>Podmeta\u010di za \u0161erpe od letvica se proizvode prema zahtevima kupca.  [&#8230;]<\/p>\n","protected":false},"featured_media":88356,"template":"","meta":{"content-type":""},"product_brand":[],"product_cat":[253],"product_tag":[],"class_list":{"0":"post-88352","1":"product","2":"type-product","3":"status-publish","4":"has-post-thumbnail","6":"product_cat-drevena-kuchynska-galanteria","8":"first","9":"instock","10":"shipping-taxable","11":"product-type-simple"},"aioseo_notices":[],"_links":{"self":[{"href":"https:\/\/www.kolibica.com\/sk\/wp-json\/wp\/v2\/product\/88352","targetHints":{"allow":["GET"]}}],"collection":[{"href":"https:\/\/www.kolibica.com\/sk\/wp-json\/wp\/v2\/product"}],"about":[{"href":"https:\/\/www.kolibica.com\/sk\/wp-json\/wp\/v2\/types\/product"}],"wp:featuredmedia":[{"embeddable":true,"href":"https:\/\/www.kolibica.com\/sk\/wp-json\/wp\/v2\/media\/88356"}],"wp:attachment":[{"href":"https:\/\/www.kolibica.com\/sk\/wp-json\/wp\/v2\/media?parent=88352"}],"wp:term":[{"taxonomy":"product_brand","embeddable":true,"href":"https:\/\/www.kolibica.com\/sk\/wp-json\/wp\/v2\/product_brand?post=88352"},{"taxonomy":"product_cat","embeddable":true,"href":"https:\/\/www.kolibica.com\/sk\/wp-json\/wp\/v2\/product_cat?post=88352"},{"taxonomy":"product_tag","embeddable":true,"href":"https:\/\/www.kolibica.com\/sk\/wp-json\/wp\/v2\/product_tag?post=88352"}],"curies":[{"name":"wp","href":"https:\/\/api.w.org\/{rel}","templated":true}]}}