{"id":88348,"date":"2022-01-09T14:58:01","date_gmt":"2022-01-09T12:58:01","guid":{"rendered":"https:\/\/www.kolibica.com\/product\/korpica-za-hleb\/"},"modified":"2024-04-23T12:38:34","modified_gmt":"2024-04-23T10:38:34","slug":"korpica-za-hleb","status":"publish","type":"product","link":"https:\/\/www.kolibica.com\/sk\/produkt\/korpica-za-hleb\/","title":{"rendered":"Korpica za hleb"},"content":{"rendered":"<p><strong>Korpica za hleb<\/strong> se proizvodi po porud\u017ebini<strong>. Korpice za hleb<\/strong> se proizvode od rezanih elemenata debljine od 6 do 10 mm. Ove korpice se izra\u0111uju od topole, jele, smr\u010de, lipe, bukve ili nekog drugog drveta, po \u017eelji kupca.<\/p>\n<p>&nbsp;<\/p>\n<p>Cena korpica zavisi od dimenzija, materijala, dorade korpicama (farbanje, lakiranje, stampa, lasersko graviranje) i koli\u010dine.<\/p>\n<p>.<\/p>\n<p>&nbsp;<\/p>\n","protected":false},"excerpt":{"rendered":"<p>Korpica za hleb se proizvodi po porud\u017ebini. Korpice za hleb  [&#8230;]<\/p>\n","protected":false},"featured_media":88353,"template":"","meta":{"content-type":""},"product_brand":[],"product_cat":[250,256],"product_tag":[],"class_list":{"0":"post-88348","1":"product","2":"type-product","3":"status-publish","4":"has-post-thumbnail","6":"product_cat-drevena-obal","7":"product_cat-drevene-bedne","9":"first","10":"instock","11":"shipping-taxable","12":"purchasable","13":"product-type-simple"},"aioseo_notices":[],"_links":{"self":[{"href":"https:\/\/www.kolibica.com\/sk\/wp-json\/wp\/v2\/product\/88348","targetHints":{"allow":["GET"]}}],"collection":[{"href":"https:\/\/www.kolibica.com\/sk\/wp-json\/wp\/v2\/product"}],"about":[{"href":"https:\/\/www.kolibica.com\/sk\/wp-json\/wp\/v2\/types\/product"}],"wp:featuredmedia":[{"embeddable":true,"href":"https:\/\/www.kolibica.com\/sk\/wp-json\/wp\/v2\/media\/88353"}],"wp:attachment":[{"href":"https:\/\/www.kolibica.com\/sk\/wp-json\/wp\/v2\/media?parent=88348"}],"wp:term":[{"taxonomy":"product_brand","embeddable":true,"href":"https:\/\/www.kolibica.com\/sk\/wp-json\/wp\/v2\/product_brand?post=88348"},{"taxonomy":"product_cat","embeddable":true,"href":"https:\/\/www.kolibica.com\/sk\/wp-json\/wp\/v2\/product_cat?post=88348"},{"taxonomy":"product_tag","embeddable":true,"href":"https:\/\/www.kolibica.com\/sk\/wp-json\/wp\/v2\/product_tag?post=88348"}],"curies":[{"name":"wp","href":"https:\/\/api.w.org\/{rel}","templated":true}]}}