{"id":88345,"date":"2020-03-25T14:01:19","date_gmt":"2020-03-25T12:01:19","guid":{"rendered":"https:\/\/www.kolibica.com\/product\/drvena-gajba-od-rezanih-elemenata-za-vinske-boce\/"},"modified":"2026-01-29T20:10:36","modified_gmt":"2026-01-29T18:10:36","slug":"drvena-gajba-od-rezanih-elemenata-za-vinske-boce","status":"publish","type":"product","link":"https:\/\/www.kolibica.com\/sk\/produkt\/drvena-gajba-od-rezanih-elemenata-za-vinske-boce\/","title":{"rendered":"Drvena gajba od rezanih elemenata za vinske boce"},"content":{"rendered":"<p><strong>Drvena gajba od rezanih elemenata za vinske boce je namenjena promociji vina i drugih pi\u0107a.<\/strong><\/p>\n<p>Po porud\u017ebini, proizvodimo <strong>drvene gajbe od rezanih elemenata<\/strong> debljine od 6 do 10 mm. Ove gajbe se izra\u0111uju od topole, jele, smr\u010de, lipe, bukve ili nekog drugog drveta, po \u017eelji kupca.<\/p>\n<p>&nbsp;<\/p>\n<p>Cena <strong>drvenih gajbi<\/strong> zavisi od dimenzija gajbe, materijala, dorade na gajbama (farbanje, lakiranje, stampa, lasersko graviranje) i koli\u010dine.<\/p>\n<p>.<\/p>\n<p>&nbsp;<\/p>\n","protected":false},"excerpt":{"rendered":"<p>Drvena gajba od rezanih elemenata za vinske boce je namenjena  [&#8230;]<\/p>\n","protected":false},"featured_media":88351,"template":"","meta":{"content-type":""},"product_brand":[],"product_cat":[250,256],"product_tag":[],"class_list":{"0":"post-88345","1":"product","2":"type-product","3":"status-publish","4":"has-post-thumbnail","6":"product_cat-drevena-obal","7":"product_cat-drevene-bedne","9":"first","10":"instock","11":"shipping-taxable","12":"purchasable","13":"product-type-simple"},"aioseo_notices":[],"_links":{"self":[{"href":"https:\/\/www.kolibica.com\/sk\/wp-json\/wp\/v2\/product\/88345","targetHints":{"allow":["GET"]}}],"collection":[{"href":"https:\/\/www.kolibica.com\/sk\/wp-json\/wp\/v2\/product"}],"about":[{"href":"https:\/\/www.kolibica.com\/sk\/wp-json\/wp\/v2\/types\/product"}],"wp:featuredmedia":[{"embeddable":true,"href":"https:\/\/www.kolibica.com\/sk\/wp-json\/wp\/v2\/media\/88351"}],"wp:attachment":[{"href":"https:\/\/www.kolibica.com\/sk\/wp-json\/wp\/v2\/media?parent=88345"}],"wp:term":[{"taxonomy":"product_brand","embeddable":true,"href":"https:\/\/www.kolibica.com\/sk\/wp-json\/wp\/v2\/product_brand?post=88345"},{"taxonomy":"product_cat","embeddable":true,"href":"https:\/\/www.kolibica.com\/sk\/wp-json\/wp\/v2\/product_cat?post=88345"},{"taxonomy":"product_tag","embeddable":true,"href":"https:\/\/www.kolibica.com\/sk\/wp-json\/wp\/v2\/product_tag?post=88345"}],"curies":[{"name":"wp","href":"https:\/\/api.w.org\/{rel}","templated":true}]}}