{"id":88344,"date":"2020-03-25T13:03:47","date_gmt":"2020-03-25T11:03:47","guid":{"rendered":"https:\/\/www.kolibica.com\/product\/klub-sto-roma\/"},"modified":"2024-04-23T12:38:05","modified_gmt":"2024-04-23T10:38:05","slug":"klub-sto-roma","status":"publish","type":"product","link":"https:\/\/www.kolibica.com\/sk\/produkt\/klub-sto-roma\/","title":{"rendered":"Klub sto Roma"},"content":{"rendered":"<p><strong>Klub sto Roma\u00a0 <\/strong>se sastoji od drvenih tabli i metalne konstrukcije. Stolovi imaju stopice koje omogu\u0107avaju pode\u0161avanje visine stola. Postolje je izra\u0111eno od metalnih cevi 6&#215;2 cm i veoma je stabilno. Tabla mo\u017ee biti od bukve, jasena ili hrasta.<\/p>\n<p>Cena stolova zavisi od veli\u010dine table.<\/p>\n<p>120&#215;60 cm &#8211; 200 Eur<br \/>\n120&#215;70 cm &#8211; 220 Eur<br \/>\n140&#215;60 cm &#8211; 250 Eur<br \/>\n150&#215;70 cm &#8211; 280 Eur<\/p>\n<p>&nbsp;<\/p>\n","protected":false},"excerpt":{"rendered":"<p>Klub sto Roma\u00a0 se sastoji od drvenih tabli i metalne  [&#8230;]<\/p>\n","protected":false},"featured_media":88346,"template":"","meta":{"content-type":""},"product_brand":[],"product_cat":[270,272],"product_tag":[],"class_list":{"0":"post-88344","1":"product","2":"type-product","3":"status-publish","4":"has-post-thumbnail","6":"product_cat-nabytok","7":"product_cat-stoly","9":"first","10":"instock","11":"shipping-taxable","12":"purchasable","13":"product-type-simple"},"aioseo_notices":[],"_links":{"self":[{"href":"https:\/\/www.kolibica.com\/sk\/wp-json\/wp\/v2\/product\/88344","targetHints":{"allow":["GET"]}}],"collection":[{"href":"https:\/\/www.kolibica.com\/sk\/wp-json\/wp\/v2\/product"}],"about":[{"href":"https:\/\/www.kolibica.com\/sk\/wp-json\/wp\/v2\/types\/product"}],"wp:featuredmedia":[{"embeddable":true,"href":"https:\/\/www.kolibica.com\/sk\/wp-json\/wp\/v2\/media\/88346"}],"wp:attachment":[{"href":"https:\/\/www.kolibica.com\/sk\/wp-json\/wp\/v2\/media?parent=88344"}],"wp:term":[{"taxonomy":"product_brand","embeddable":true,"href":"https:\/\/www.kolibica.com\/sk\/wp-json\/wp\/v2\/product_brand?post=88344"},{"taxonomy":"product_cat","embeddable":true,"href":"https:\/\/www.kolibica.com\/sk\/wp-json\/wp\/v2\/product_cat?post=88344"},{"taxonomy":"product_tag","embeddable":true,"href":"https:\/\/www.kolibica.com\/sk\/wp-json\/wp\/v2\/product_tag?post=88344"}],"curies":[{"name":"wp","href":"https:\/\/api.w.org\/{rel}","templated":true}]}}