{"id":88343,"date":"2020-03-19T14:15:54","date_gmt":"2020-03-19T12:15:54","guid":{"rendered":"https:\/\/www.kolibica.com\/product\/trpezarijski-sto-roma-x\/"},"modified":"2024-04-23T12:38:04","modified_gmt":"2024-04-23T10:38:04","slug":"trpezarijski-sto-roma-x","status":"publish","type":"product","link":"https:\/\/www.kolibica.com\/sk\/produkt\/trpezarijski-sto-roma-x\/","title":{"rendered":"Trpezarijski sto Roma X"},"content":{"rendered":"<p><strong>Trpezarijski sto Roma X <\/strong>se sastoji od drvene table debljine 4 cm i metalnih nogara u obliku slova X. Stolovi imaju stopice koje omogu\u0107avaju pode\u0161avanje visine stola. Postolje je izra\u0111eno od metalnih cevi 8&#215;4 cm i veoma je stabilno. Tabla mo\u017ee biti od <a href=\"https:\/\/www.kolibica.com\/gradja-svojstva-i-upotrebljivost-domacih-vrsta-drveta\/\">bukve<\/a>, <a href=\"https:\/\/www.kolibica.com\/gradja-svojstva-i-upotrebljivost-domacih-vrsta-drveta\/\">jasena<\/a> ili <a href=\"https:\/\/www.kolibica.com\/gradja-svojstva-i-upotrebljivost-domacih-vrsta-drveta\/\">hrasta<\/a>. Uz ove stolove preporu\u010dujemo <a title=\"Stolice Roma X\" href=\"https:\/\/www.kolibica.com\/sk\/proizvod\/stolice-za-restorane-roma-x\/\">stolice Roma X<\/a>.<\/p>\n<p>Cena stolova zavisi od veli\u010dine table.<\/p>\n<p>160&#215;70 cm &#8211; 420 Eur<br \/>\n170&#215;70 cm &#8211; 450 Eur<br \/>\n180&#215;80 cm &#8211; 500 Eur<br \/>\n190&#215;90 cm &#8211; 600 Eur<br \/>\n190&#215;100 cm &#8211; 650 Eur<\/p>\n<p>&nbsp;<\/p>\n","protected":false},"excerpt":{"rendered":"<p>Trpezarijski sto Roma X se sastoji od drvene table debljine  [&#8230;]<\/p>\n","protected":false},"featured_media":88154,"template":"","meta":{"content-type":""},"product_brand":[],"product_cat":[270,272],"product_tag":[],"class_list":{"0":"post-88343","1":"product","2":"type-product","3":"status-publish","4":"has-post-thumbnail","6":"product_cat-nabytok","7":"product_cat-stoly","9":"first","10":"instock","11":"shipping-taxable","12":"purchasable","13":"product-type-simple"},"aioseo_notices":[],"_links":{"self":[{"href":"https:\/\/www.kolibica.com\/sk\/wp-json\/wp\/v2\/product\/88343","targetHints":{"allow":["GET"]}}],"collection":[{"href":"https:\/\/www.kolibica.com\/sk\/wp-json\/wp\/v2\/product"}],"about":[{"href":"https:\/\/www.kolibica.com\/sk\/wp-json\/wp\/v2\/types\/product"}],"wp:featuredmedia":[{"embeddable":true,"href":"https:\/\/www.kolibica.com\/sk\/wp-json\/wp\/v2\/media\/88154"}],"wp:attachment":[{"href":"https:\/\/www.kolibica.com\/sk\/wp-json\/wp\/v2\/media?parent=88343"}],"wp:term":[{"taxonomy":"product_brand","embeddable":true,"href":"https:\/\/www.kolibica.com\/sk\/wp-json\/wp\/v2\/product_brand?post=88343"},{"taxonomy":"product_cat","embeddable":true,"href":"https:\/\/www.kolibica.com\/sk\/wp-json\/wp\/v2\/product_cat?post=88343"},{"taxonomy":"product_tag","embeddable":true,"href":"https:\/\/www.kolibica.com\/sk\/wp-json\/wp\/v2\/product_tag?post=88343"}],"curies":[{"name":"wp","href":"https:\/\/api.w.org\/{rel}","templated":true}]}}