{"id":88313,"date":"2020-02-07T09:30:25","date_gmt":"2020-02-07T07:30:25","guid":{"rendered":"https:\/\/www.kolibica.com\/product\/stalak-za-magnum-bocu\/"},"modified":"2026-01-29T20:07:53","modified_gmt":"2026-01-29T18:07:53","slug":"stalak-za-magnum-bocu","status":"publish","type":"product","link":"https:\/\/www.kolibica.com\/sk\/produkt\/stalak-za-magnum-bocu\/","title":{"rendered":"Stalak za magnum bocu"},"content":{"rendered":"<p><strong>Stalak za magnum bocu je namenjen \u010duvanju velike boce vina.<\/strong> Stalak se mo\u017ee modifikovati u zavisnosti od boce koju klijent \u017eeli. Tako\u0111e, mogu se modifikovati i ostali detalji prema \u017eeljama kupca.<\/p>\n<p>.<\/p>\n<p><strong>Napomene:<\/strong><\/p>\n<p>Graviranje nije ura\u010dunato u cenu.<br \/>\nPo \u017eelji kupca na proizvodima laserskom \u0161tampom i CNC (ma\u0161inskim duborezom) nanosimo logo ili drugi tekst<br \/>\nDimenzije proizvoda nisu fiksne<\/p>\n","protected":false},"excerpt":{"rendered":"<p>Stalak za magnum bocu je namenjen \u010duvanju velike boce vina.  [&#8230;]<\/p>\n","protected":false},"featured_media":88316,"template":"","meta":{"content-type":""},"product_brand":[],"product_cat":[250,268],"product_tag":[],"class_list":{"0":"post-88313","1":"product","2":"type-product","3":"status-publish","4":"has-post-thumbnail","6":"product_cat-drevena-obal","7":"product_cat-skrine-na-vino","9":"first","10":"instock","11":"shipping-taxable","12":"purchasable","13":"product-type-simple"},"aioseo_notices":[],"_links":{"self":[{"href":"https:\/\/www.kolibica.com\/sk\/wp-json\/wp\/v2\/product\/88313","targetHints":{"allow":["GET"]}}],"collection":[{"href":"https:\/\/www.kolibica.com\/sk\/wp-json\/wp\/v2\/product"}],"about":[{"href":"https:\/\/www.kolibica.com\/sk\/wp-json\/wp\/v2\/types\/product"}],"wp:featuredmedia":[{"embeddable":true,"href":"https:\/\/www.kolibica.com\/sk\/wp-json\/wp\/v2\/media\/88316"}],"wp:attachment":[{"href":"https:\/\/www.kolibica.com\/sk\/wp-json\/wp\/v2\/media?parent=88313"}],"wp:term":[{"taxonomy":"product_brand","embeddable":true,"href":"https:\/\/www.kolibica.com\/sk\/wp-json\/wp\/v2\/product_brand?post=88313"},{"taxonomy":"product_cat","embeddable":true,"href":"https:\/\/www.kolibica.com\/sk\/wp-json\/wp\/v2\/product_cat?post=88313"},{"taxonomy":"product_tag","embeddable":true,"href":"https:\/\/www.kolibica.com\/sk\/wp-json\/wp\/v2\/product_tag?post=88313"}],"curies":[{"name":"wp","href":"https:\/\/api.w.org\/{rel}","templated":true}]}}