{"id":88309,"date":"2019-11-03T11:51:10","date_gmt":"2019-11-03T09:51:10","guid":{"rendered":"https:\/\/www.kolibica.com\/product\/daske-za-posluzenje-sa-metalnim-rucicama\/"},"modified":"2024-04-23T12:24:25","modified_gmt":"2024-04-23T10:24:25","slug":"daske-za-posluzenje-sa-metalnim-rucicama","status":"publish","type":"product","link":"https:\/\/www.kolibica.com\/sk\/produkt\/daske-za-posluzenje-sa-metalnim-rucicama\/","title":{"rendered":"Daske za poslu\u017eenje sa metalnim ru\u010dicama"},"content":{"rendered":"<p><strong>Daske za poslu\u017eenje sa metalnim ru\u010dicama<\/strong> su prvenstveno promotivni artikal za kompanije u prehrambenoj industriji. Debljina daske je 2 cm. Mo\u017eemo izraditi model sa doradama (lasersko graviranje, \u0161tampa). Oblik i dimenzije daske mogu biti prema zahtevima kupca, kao i udubljenja.<\/p>\n","protected":false},"excerpt":{"rendered":"<p>Daske za poslu\u017eenje sa metalnim ru\u010dicama su prvenstveno promotivni artikal  [&#8230;]<\/p>\n","protected":false},"featured_media":88312,"template":"","meta":{"content-type":""},"product_brand":[],"product_cat":[253,252,255,275],"product_tag":[],"class_list":{"0":"post-88309","1":"product","2":"type-product","3":"status-publish","4":"has-post-thumbnail","6":"product_cat-drevena-kuchynska-galanteria","7":"product_cat-drevna-galanteria","8":"product_cat-obchodna-reklamna-galanteria","9":"product_cat-suveniry","11":"first","12":"instock","13":"shipping-taxable","14":"purchasable","15":"product-type-simple"},"aioseo_notices":[],"_links":{"self":[{"href":"https:\/\/www.kolibica.com\/sk\/wp-json\/wp\/v2\/product\/88309","targetHints":{"allow":["GET"]}}],"collection":[{"href":"https:\/\/www.kolibica.com\/sk\/wp-json\/wp\/v2\/product"}],"about":[{"href":"https:\/\/www.kolibica.com\/sk\/wp-json\/wp\/v2\/types\/product"}],"wp:featuredmedia":[{"embeddable":true,"href":"https:\/\/www.kolibica.com\/sk\/wp-json\/wp\/v2\/media\/88312"}],"wp:attachment":[{"href":"https:\/\/www.kolibica.com\/sk\/wp-json\/wp\/v2\/media?parent=88309"}],"wp:term":[{"taxonomy":"product_brand","embeddable":true,"href":"https:\/\/www.kolibica.com\/sk\/wp-json\/wp\/v2\/product_brand?post=88309"},{"taxonomy":"product_cat","embeddable":true,"href":"https:\/\/www.kolibica.com\/sk\/wp-json\/wp\/v2\/product_cat?post=88309"},{"taxonomy":"product_tag","embeddable":true,"href":"https:\/\/www.kolibica.com\/sk\/wp-json\/wp\/v2\/product_tag?post=88309"}],"curies":[{"name":"wp","href":"https:\/\/api.w.org\/{rel}","templated":true}]}}