{"id":88307,"date":"2019-10-14T10:42:33","date_gmt":"2019-10-14T08:42:33","guid":{"rendered":"https:\/\/www.kolibica.com\/product\/drvene-kutije-za-dve-vinske-boce-sa-poklopcem-i-sarkicama\/"},"modified":"2024-04-23T12:24:25","modified_gmt":"2024-04-23T10:24:25","slug":"drvene-kutije-za-dve-vinske-boce-sa-poklopcem-i-sarkicama","status":"publish","type":"product","link":"https:\/\/www.kolibica.com\/sk\/produkt\/drvene-kutije-za-dve-vinske-boce-sa-poklopcem-i-sarkicama\/","title":{"rendered":"Drvene kutije za dve vinske boce sa poklopcem i \u0161arkicama"},"content":{"rendered":"<p><strong>Drvene kutije za dve vinske boce sa poklopcem i \u0161arkicama<\/strong> se izra\u0111uju od smr\u010de ili lipe. Rusti\u010dan izgled je posebno nagla\u0161en patiniziranim \u0161arkicama. Boce mogu biti razdvojene pregradama, ili se izme\u0111u njih mo\u017ee staviti ve\u0161ta\u010dka slama.<\/p>\n<p>Cena kutije je 15 Eur, a za ve\u0107e koli\u010dine odobravamo dodatne popuste.<\/p>\n<p>&nbsp;<\/p>\n","protected":false},"excerpt":{"rendered":"<p>Drvene kutije za dve vinske boce sa poklopcem i \u0161arkicama  [&#8230;]<\/p>\n","protected":false},"featured_media":88310,"template":"","meta":{"content-type":""},"product_brand":[],"product_cat":[250,268],"product_tag":[],"class_list":{"0":"post-88307","1":"product","2":"type-product","3":"status-publish","4":"has-post-thumbnail","6":"product_cat-drevena-obal","7":"product_cat-skrine-na-vino","9":"first","10":"instock","11":"shipping-taxable","12":"purchasable","13":"product-type-simple"},"aioseo_notices":[],"_links":{"self":[{"href":"https:\/\/www.kolibica.com\/sk\/wp-json\/wp\/v2\/product\/88307","targetHints":{"allow":["GET"]}}],"collection":[{"href":"https:\/\/www.kolibica.com\/sk\/wp-json\/wp\/v2\/product"}],"about":[{"href":"https:\/\/www.kolibica.com\/sk\/wp-json\/wp\/v2\/types\/product"}],"wp:featuredmedia":[{"embeddable":true,"href":"https:\/\/www.kolibica.com\/sk\/wp-json\/wp\/v2\/media\/88310"}],"wp:attachment":[{"href":"https:\/\/www.kolibica.com\/sk\/wp-json\/wp\/v2\/media?parent=88307"}],"wp:term":[{"taxonomy":"product_brand","embeddable":true,"href":"https:\/\/www.kolibica.com\/sk\/wp-json\/wp\/v2\/product_brand?post=88307"},{"taxonomy":"product_cat","embeddable":true,"href":"https:\/\/www.kolibica.com\/sk\/wp-json\/wp\/v2\/product_cat?post=88307"},{"taxonomy":"product_tag","embeddable":true,"href":"https:\/\/www.kolibica.com\/sk\/wp-json\/wp\/v2\/product_tag?post=88307"}],"curies":[{"name":"wp","href":"https:\/\/api.w.org\/{rel}","templated":true}]}}