{"id":88305,"date":"2019-09-29T19:37:28","date_gmt":"2019-09-29T17:37:28","guid":{"rendered":"https:\/\/www.kolibica.com\/product\/jenga\/"},"modified":"2025-06-04T20:25:44","modified_gmt":"2025-06-04T18:25:44","slug":"jenga","status":"publish","type":"product","link":"https:\/\/www.kolibica.com\/sk\/produkt\/jenga\/","title":{"rendered":"Jenga"},"content":{"rendered":"<p><strong>Jenga<\/strong> je dru\u0161tvena igra. Ova zanimljiva dru\u0161tvena igra podsti\u010de de\u010diju koncentraciju i idealna je za razvijanje timskog i takmi\u010darskog duha.<\/p>\n<p>\u2022 Multifunkcionalna igra koja kod dece razvija: pa\u017enju, koncentraciju, reflekse, razmi\u0161ljanje, ma\u0161tu<br \/>\n\u2022 Sastoji se od 48 do 60 drvenih blokova<br \/>\n\u2022 Odli\u010dna za dete-roditelj interakciju<br \/>\n\u2022 Savremenog, izuzetno zanimljivog dizajna<br \/>\n\u2022 Dru\u0161tvena igra koja, tako\u0111e, poma\u017ee deci da razvijaju takmi\u010darski duh i strpljenje<br \/>\n\u2022 Materijal: drvo i \u0161perplo\u010da<br \/>\n\u2022 Preporu\u010den uzrast: 3 godine<\/p>\n<p>Ovaj proizvod mo\u017ee biti modifikovan prema potrebama i \u017eeljama kupca. Elementi za igru se nalaze u drvenoj kutiji na kojoj postoji mogu\u0107nost laserskog graviranja ili \u0161tampe.<\/p>\n","protected":false},"excerpt":{"rendered":"<p>Jenga je dru\u0161tvena igra. Ova zanimljiva dru\u0161tvena igra podsti\u010de de\u010diju  [&#8230;]<\/p>\n","protected":false},"featured_media":88308,"template":"","meta":{"content-type":""},"product_brand":[],"product_cat":[249,275],"product_tag":[],"class_list":{"0":"post-88305","1":"product","2":"type-product","3":"status-publish","4":"has-post-thumbnail","6":"product_cat-spolocenske-hry","7":"product_cat-suveniry","9":"first","10":"instock","11":"shipping-taxable","12":"purchasable","13":"product-type-simple"},"aioseo_notices":[],"_links":{"self":[{"href":"https:\/\/www.kolibica.com\/sk\/wp-json\/wp\/v2\/product\/88305","targetHints":{"allow":["GET"]}}],"collection":[{"href":"https:\/\/www.kolibica.com\/sk\/wp-json\/wp\/v2\/product"}],"about":[{"href":"https:\/\/www.kolibica.com\/sk\/wp-json\/wp\/v2\/types\/product"}],"wp:featuredmedia":[{"embeddable":true,"href":"https:\/\/www.kolibica.com\/sk\/wp-json\/wp\/v2\/media\/88308"}],"wp:attachment":[{"href":"https:\/\/www.kolibica.com\/sk\/wp-json\/wp\/v2\/media?parent=88305"}],"wp:term":[{"taxonomy":"product_brand","embeddable":true,"href":"https:\/\/www.kolibica.com\/sk\/wp-json\/wp\/v2\/product_brand?post=88305"},{"taxonomy":"product_cat","embeddable":true,"href":"https:\/\/www.kolibica.com\/sk\/wp-json\/wp\/v2\/product_cat?post=88305"},{"taxonomy":"product_tag","embeddable":true,"href":"https:\/\/www.kolibica.com\/sk\/wp-json\/wp\/v2\/product_tag?post=88305"}],"curies":[{"name":"wp","href":"https:\/\/api.w.org\/{rel}","templated":true}]}}