{"id":88304,"date":"2019-09-29T19:20:32","date_gmt":"2019-09-29T17:20:32","guid":{"rendered":"https:\/\/www.kolibica.com\/product\/reklamni-stapici\/"},"modified":"2024-04-23T12:24:25","modified_gmt":"2024-04-23T10:24:25","slug":"reklamni-stapici","status":"publish","type":"product","link":"https:\/\/www.kolibica.com\/sk\/produkt\/reklamni-stapici\/","title":{"rendered":"Reklamni \u0161tapi\u0107i"},"content":{"rendered":"<p><strong>Reklamni \u0161tapi\u0107i su<\/strong> proizvod koji je namenjen za upotrebu u promociji proizvoda prehrambene industrije. Oblik i \u0161tampa na \u0161tapi\u0107u su prema potrebama i \u017eeljama kupca. Du\u017eina \u0161tapi\u0107a je 18 cm.<\/p>\n<p>Dimenzije proizvoda mogu biti prema \u017eeljama kupca. Tako\u0111e, mogu\u0107e je dodadtno farbanje, lakiranje i brendiranje proizvoda \u0161tampom ili laserskom gravurom.<\/p>\n","protected":false},"excerpt":{"rendered":"<p>Reklamni \u0161tapi\u0107i su proizvod koji je namenjen za upotrebu u  [&#8230;]<\/p>\n","protected":false},"featured_media":88306,"template":"","meta":{"content-type":""},"product_brand":[],"product_cat":[253,252,275],"product_tag":[],"class_list":{"0":"post-88304","1":"product","2":"type-product","3":"status-publish","4":"has-post-thumbnail","6":"product_cat-drevena-kuchynska-galanteria","7":"product_cat-drevna-galanteria","8":"product_cat-suveniry","10":"first","11":"instock","12":"shipping-taxable","13":"purchasable","14":"product-type-simple"},"aioseo_notices":[],"_links":{"self":[{"href":"https:\/\/www.kolibica.com\/sk\/wp-json\/wp\/v2\/product\/88304","targetHints":{"allow":["GET"]}}],"collection":[{"href":"https:\/\/www.kolibica.com\/sk\/wp-json\/wp\/v2\/product"}],"about":[{"href":"https:\/\/www.kolibica.com\/sk\/wp-json\/wp\/v2\/types\/product"}],"wp:featuredmedia":[{"embeddable":true,"href":"https:\/\/www.kolibica.com\/sk\/wp-json\/wp\/v2\/media\/88306"}],"wp:attachment":[{"href":"https:\/\/www.kolibica.com\/sk\/wp-json\/wp\/v2\/media?parent=88304"}],"wp:term":[{"taxonomy":"product_brand","embeddable":true,"href":"https:\/\/www.kolibica.com\/sk\/wp-json\/wp\/v2\/product_brand?post=88304"},{"taxonomy":"product_cat","embeddable":true,"href":"https:\/\/www.kolibica.com\/sk\/wp-json\/wp\/v2\/product_cat?post=88304"},{"taxonomy":"product_tag","embeddable":true,"href":"https:\/\/www.kolibica.com\/sk\/wp-json\/wp\/v2\/product_tag?post=88304"}],"curies":[{"name":"wp","href":"https:\/\/api.w.org\/{rel}","templated":true}]}}