{"id":88302,"date":"2019-09-29T18:18:32","date_gmt":"2019-09-29T16:18:32","guid":{"rendered":"https:\/\/www.kolibica.com\/product\/stalak-za-tablet-u-kuhinji\/"},"modified":"2026-01-29T20:13:43","modified_gmt":"2026-01-29T18:13:43","slug":"stalak-za-tablet-u-kuhinji","status":"publish","type":"product","link":"https:\/\/www.kolibica.com\/sk\/produkt\/stalak-za-tablet-u-kuhinji\/","title":{"rendered":"Stalak za tablet u kuhinji"},"content":{"rendered":"<p><strong>Stalak za tablet ili mobilni telefon u kuhinji<\/strong> je proizvod koji je namenjen za upotrebu u doma\u0107instvu. Mo\u017ee biti veoma atraktivan za marketin\u0161ke kampanje kompanija u prehrambenoj industriji.<\/p>\n<p>Dimenzije proizvoda mogu biti prema \u017eeljama kupca. Tako\u0111e, mogu\u0107e je dodadtno farbanje, lakiranje i brendiranje proizvoda \u0161tampom ili laserskom gravurom.<\/p>\n<div class=\"flex flex-grow flex-col gap-3\">\n<div class=\"min-h-[20px] flex flex-col items-start gap-4 whitespace-pre-wrap\">\n<div class=\"markdown prose w-full break-words dark:prose-invert light\">\n<p><strong>Stalak za tablet ili mobilni telefon u kuhinji<\/strong> je prakti\u010dan proizvod koji \u0107e vam omogu\u0107iti da koristite va\u0161 ure\u0111aj dok pripremate hranu. Ovaj proizvod je posebno koristan za ljude koji koriste svoje tablete ili mobilne telefone za \u010ditanje recepata dok kuvaju, ili da slu\u0161aju muziku ili gledaju video sadr\u017eaj dok provode vreme u kuhinji.<\/p>\n<p>Dimenzije ovog proizvoda mogu biti prilago\u0111ene va\u0161im potrebama i \u017eeljama, \u0161to omogu\u0107ava da se ovaj stalak uklapa u bilo koji stil kuhinje. Tako\u0111e, dodatno farbanje, lakiranje i brendiranje proizvoda \u0161tampom ili laserskom gravurom, mogu dodatno pobolj\u0161ati izgled i uticati na prepoznatljivost va\u0161e marke.<\/p>\n<p>Ovaj <strong>stalak za tablet i mobilni telefon<\/strong> je izra\u0111en od visokokvalitetnih materijala, \u0161to garantuje izdr\u017eljivost i dug vek trajanja. Jednostavan je za kori\u0161\u0107enje, a mo\u017ee se postaviti na bilo koji ravni prostor u kuhinji, kao \u0161to su kuhinjski sto, ostrvo ili radna povr\u0161ina.<\/p>\n<p>Pored toga, ovaj <strong>stalak za tablet i mobilni telefon u kuhinji<\/strong> mo\u017ee biti veoma atraktivan proizvod za marketin\u0161ke kampanje kompanija u prehrambenoj industriji. Dizajniran je tako da se lako mo\u017ee uklopiti u va\u0161u kuhinju, \u0161to mo\u017ee biti od velikog zna\u010daja za privla\u010denje kupaca.<\/p>\n<p>Koriste\u0107i ovaj <strong>stalak za tablet i mobilni telefon<\/strong>, vi \u0107ete mo\u0107i da pripremate hranu sa lako\u0107om i istovremeno da koristite va\u0161 ure\u0111aj, bilo da slu\u0161ate muziku, gledate video sadr\u017eaj ili pratite recepte. To \u0107e u\u010diniti va\u0161 boravak u kuhinji prijatnijim i efikasnijim.<\/p>\n<p>Uz dug vek trajanja, mogu\u0107nost prilago\u0111avanja dimenzija i brendiranja, kao i prakti\u010dnu upotrebu, ovaj stalak za tablet i mobilni telefon je savr\u0161en proizvod za svaku kuhinju.<\/p>\n<p>Nabavite svoj danas i u\u017eivajte u svim prednostima koje ovaj proizvod nudi!<\/p>\n<\/div>\n<\/div>\n<\/div>\n","protected":false},"excerpt":{"rendered":"<p>Stalak za tablet ili mobilni telefon u kuhinji je proizvod  [&#8230;]<\/p>\n","protected":false},"featured_media":88303,"template":"","meta":{"content-type":""},"product_brand":[],"product_cat":[253,252,275],"product_tag":[],"class_list":{"0":"post-88302","1":"product","2":"type-product","3":"status-publish","4":"has-post-thumbnail","6":"product_cat-drevena-kuchynska-galanteria","7":"product_cat-drevna-galanteria","8":"product_cat-suveniry","10":"first","11":"instock","12":"shipping-taxable","13":"purchasable","14":"product-type-simple"},"aioseo_notices":[],"_links":{"self":[{"href":"https:\/\/www.kolibica.com\/sk\/wp-json\/wp\/v2\/product\/88302","targetHints":{"allow":["GET"]}}],"collection":[{"href":"https:\/\/www.kolibica.com\/sk\/wp-json\/wp\/v2\/product"}],"about":[{"href":"https:\/\/www.kolibica.com\/sk\/wp-json\/wp\/v2\/types\/product"}],"wp:featuredmedia":[{"embeddable":true,"href":"https:\/\/www.kolibica.com\/sk\/wp-json\/wp\/v2\/media\/88303"}],"wp:attachment":[{"href":"https:\/\/www.kolibica.com\/sk\/wp-json\/wp\/v2\/media?parent=88302"}],"wp:term":[{"taxonomy":"product_brand","embeddable":true,"href":"https:\/\/www.kolibica.com\/sk\/wp-json\/wp\/v2\/product_brand?post=88302"},{"taxonomy":"product_cat","embeddable":true,"href":"https:\/\/www.kolibica.com\/sk\/wp-json\/wp\/v2\/product_cat?post=88302"},{"taxonomy":"product_tag","embeddable":true,"href":"https:\/\/www.kolibica.com\/sk\/wp-json\/wp\/v2\/product_tag?post=88302"}],"curies":[{"name":"wp","href":"https:\/\/api.w.org\/{rel}","templated":true}]}}