{"id":88277,"date":"2019-09-29T13:04:41","date_gmt":"2019-09-29T11:04:41","guid":{"rendered":"https:\/\/www.kolibica.com\/product\/drvena-gajba-od-rezanih-elemenata-k-08\/"},"modified":"2026-01-29T20:11:00","modified_gmt":"2026-01-29T18:11:00","slug":"drvena-gajba-od-rezanih-elemenata-k-08","status":"publish","type":"product","link":"https:\/\/www.kolibica.com\/sk\/produkt\/drvena-gajba-od-rezanih-elemenata-k-08\/","title":{"rendered":"Drvena gajba od rezanih elemenata K-08"},"content":{"rendered":"<p><strong>Drvena gajba od rezanih elemenata je veoma trajna.<\/strong><\/p>\n<p><strong>Po porud\u017ebini, proizvodimo i drvene gajbe od rezanih elemenata debljine od 6 do 10 mm<\/strong>. Ove gajbe se izra\u0111uju od topole, jele, smr\u010de, lipe, bukve ili nekog drugog drveta, po \u017eelji kupca.<\/p>\n<p>&nbsp;<\/p>\n<p>Cena drvenih gajbi zavisi od dimenzija gajbe, materijala, dorade na gajbama (farbanje, lakiranje, stampa, lasersko graviranje) i koli\u010dine.<\/p>\n<p>.<\/p>\n<p>&nbsp;<\/p>\n","protected":false},"excerpt":{"rendered":"<p>Drvena gajba od rezanih elemenata je veoma trajna. Po porud\u017ebini,  [&#8230;]<\/p>\n","protected":false},"featured_media":88281,"template":"","meta":{"content-type":""},"product_brand":[],"product_cat":[250,256],"product_tag":[],"class_list":{"0":"post-88277","1":"product","2":"type-product","3":"status-publish","4":"has-post-thumbnail","6":"product_cat-drevena-obal","7":"product_cat-drevene-bedne","9":"first","10":"instock","11":"shipping-taxable","12":"purchasable","13":"product-type-simple"},"aioseo_notices":[],"_links":{"self":[{"href":"https:\/\/www.kolibica.com\/sk\/wp-json\/wp\/v2\/product\/88277","targetHints":{"allow":["GET"]}}],"collection":[{"href":"https:\/\/www.kolibica.com\/sk\/wp-json\/wp\/v2\/product"}],"about":[{"href":"https:\/\/www.kolibica.com\/sk\/wp-json\/wp\/v2\/types\/product"}],"wp:featuredmedia":[{"embeddable":true,"href":"https:\/\/www.kolibica.com\/sk\/wp-json\/wp\/v2\/media\/88281"}],"wp:attachment":[{"href":"https:\/\/www.kolibica.com\/sk\/wp-json\/wp\/v2\/media?parent=88277"}],"wp:term":[{"taxonomy":"product_brand","embeddable":true,"href":"https:\/\/www.kolibica.com\/sk\/wp-json\/wp\/v2\/product_brand?post=88277"},{"taxonomy":"product_cat","embeddable":true,"href":"https:\/\/www.kolibica.com\/sk\/wp-json\/wp\/v2\/product_cat?post=88277"},{"taxonomy":"product_tag","embeddable":true,"href":"https:\/\/www.kolibica.com\/sk\/wp-json\/wp\/v2\/product_tag?post=88277"}],"curies":[{"name":"wp","href":"https:\/\/api.w.org\/{rel}","templated":true}]}}