{"id":88276,"date":"2019-09-27T13:58:47","date_gmt":"2019-09-27T11:58:47","guid":{"rendered":"https:\/\/www.kolibica.com\/product\/nosiljka-za-pivo\/"},"modified":"2026-01-29T20:11:12","modified_gmt":"2026-01-29T18:11:12","slug":"nosiljka-za-pivo","status":"publish","type":"product","link":"https:\/\/www.kolibica.com\/sk\/produkt\/nosiljka-za-pivo\/","title":{"rendered":"Nosiljka za pivo"},"content":{"rendered":"<p><strong>Nosiljka za pivo<\/strong> se proizvodi od smr\u010de, lipe, bukve ili drugog materijala po izboru kupca.<\/p>\n<p>Mogu biti za 4 ili 6 pivskih fla\u0161a. Na nosiljkama postoji mogu\u0107nost graviranja ili u\u0161tampavanja logotipa.<\/p>\n<p>.<\/p>\n<p>&nbsp;<\/p>\n","protected":false},"excerpt":{"rendered":"<p>Nosiljka za pivo se proizvodi od smr\u010de, lipe, bukve ili  [&#8230;]<\/p>\n","protected":false},"featured_media":88282,"template":"","meta":{"content-type":""},"product_brand":[],"product_cat":[250,256],"product_tag":[],"class_list":{"0":"post-88276","1":"product","2":"type-product","3":"status-publish","4":"has-post-thumbnail","6":"product_cat-drevena-obal","7":"product_cat-drevene-bedne","9":"first","10":"instock","11":"shipping-taxable","12":"purchasable","13":"product-type-simple"},"aioseo_notices":[],"_links":{"self":[{"href":"https:\/\/www.kolibica.com\/sk\/wp-json\/wp\/v2\/product\/88276","targetHints":{"allow":["GET"]}}],"collection":[{"href":"https:\/\/www.kolibica.com\/sk\/wp-json\/wp\/v2\/product"}],"about":[{"href":"https:\/\/www.kolibica.com\/sk\/wp-json\/wp\/v2\/types\/product"}],"wp:featuredmedia":[{"embeddable":true,"href":"https:\/\/www.kolibica.com\/sk\/wp-json\/wp\/v2\/media\/88282"}],"wp:attachment":[{"href":"https:\/\/www.kolibica.com\/sk\/wp-json\/wp\/v2\/media?parent=88276"}],"wp:term":[{"taxonomy":"product_brand","embeddable":true,"href":"https:\/\/www.kolibica.com\/sk\/wp-json\/wp\/v2\/product_brand?post=88276"},{"taxonomy":"product_cat","embeddable":true,"href":"https:\/\/www.kolibica.com\/sk\/wp-json\/wp\/v2\/product_cat?post=88276"},{"taxonomy":"product_tag","embeddable":true,"href":"https:\/\/www.kolibica.com\/sk\/wp-json\/wp\/v2\/product_tag?post=88276"}],"curies":[{"name":"wp","href":"https:\/\/api.w.org\/{rel}","templated":true}]}}