{"id":88274,"date":"2019-09-27T11:30:05","date_gmt":"2019-09-27T09:30:05","guid":{"rendered":"https:\/\/www.kolibica.com\/product\/posluzavnik-za-kuver\/"},"modified":"2026-01-29T20:13:51","modified_gmt":"2026-01-29T18:13:51","slug":"posluzavnik-za-kuver","status":"publish","type":"product","link":"https:\/\/www.kolibica.com\/sk\/produkt\/posluzavnik-za-kuver\/","title":{"rendered":"Poslu\u017eavnik za kuver"},"content":{"rendered":"<p><strong>Poslu\u017eavnik za kuver<\/strong> je veoma prakti\u010dno re\u0161enje za restorane koji \u017eele da ostave utisak na goste ovim neobi\u010dnim detaljima.<\/p>\n<p><strong>Cene poslu\u017eavnika za kuver za dve \u010dinijice:<\/strong><\/p>\n<p>do 50 komada. 6 Eur<br \/>\n50-100 komada: 5,50 Eur<br \/>\npreko 100 komada: 4,80 Eur<\/p>\n<p><strong>Cene poslu\u017eavnika za kuver za jednu \u010dinijicu:<\/strong><\/p>\n<p>do 50 komada: 6 Eur<br \/>\n50-100 komada: 5,20 Eur<br \/>\npreko 100 komada: 4,60 Eur<\/p>\n<p>Napomena: Poslu\u017eavnici se izra\u0111uju bez \u010dinijica.<\/p>\n<p><strong>Savet:<\/strong><br \/>\nDrvene varja\u010de i kuhinjske daske ne dr\u017eite potopljene u vodi, jer \u0107e se deformisati. Daske i varja\u010de treba odmah posle upotrebe oprati i osu\u0161iti. Ako su zadr\u017eale neprijatne mirise od hrane,povremeno ih treba izribati o\u0161trom \u010detkom umo\u010denom u me\u0161avinu soli i sir\u0107eta. zatim ih isprati pod mlazom tople vode.<\/p>\n","protected":false},"excerpt":{"rendered":"<p>Poslu\u017eavnik za kuver je veoma prakti\u010dno re\u0161enje za restorane koji  [&#8230;]<\/p>\n","protected":false},"featured_media":88278,"template":"","meta":{"content-type":""},"product_brand":[],"product_cat":[253,252,275],"product_tag":[],"class_list":{"0":"post-88274","1":"product","2":"type-product","3":"status-publish","4":"has-post-thumbnail","6":"product_cat-drevena-kuchynska-galanteria","7":"product_cat-drevna-galanteria","8":"product_cat-suveniry","10":"first","11":"instock","12":"shipping-taxable","13":"purchasable","14":"product-type-simple"},"aioseo_notices":[],"_links":{"self":[{"href":"https:\/\/www.kolibica.com\/sk\/wp-json\/wp\/v2\/product\/88274","targetHints":{"allow":["GET"]}}],"collection":[{"href":"https:\/\/www.kolibica.com\/sk\/wp-json\/wp\/v2\/product"}],"about":[{"href":"https:\/\/www.kolibica.com\/sk\/wp-json\/wp\/v2\/types\/product"}],"wp:featuredmedia":[{"embeddable":true,"href":"https:\/\/www.kolibica.com\/sk\/wp-json\/wp\/v2\/media\/88278"}],"wp:attachment":[{"href":"https:\/\/www.kolibica.com\/sk\/wp-json\/wp\/v2\/media?parent=88274"}],"wp:term":[{"taxonomy":"product_brand","embeddable":true,"href":"https:\/\/www.kolibica.com\/sk\/wp-json\/wp\/v2\/product_brand?post=88274"},{"taxonomy":"product_cat","embeddable":true,"href":"https:\/\/www.kolibica.com\/sk\/wp-json\/wp\/v2\/product_cat?post=88274"},{"taxonomy":"product_tag","embeddable":true,"href":"https:\/\/www.kolibica.com\/sk\/wp-json\/wp\/v2\/product_tag?post=88274"}],"curies":[{"name":"wp","href":"https:\/\/api.w.org\/{rel}","templated":true}]}}