{"id":88272,"date":"2019-09-27T11:24:15","date_gmt":"2019-09-27T09:24:15","guid":{"rendered":"https:\/\/www.kolibica.com\/product\/posluzavnik-restoranska-tacna\/"},"modified":"2026-01-29T20:14:09","modified_gmt":"2026-01-29T18:14:09","slug":"posluzavnik-restoranska-tacna","status":"publish","type":"product","link":"https:\/\/www.kolibica.com\/sk\/produkt\/posluzavnik-restoranska-tacna\/","title":{"rendered":"Poslu\u017eavnik &#8211; restoranska tacna"},"content":{"rendered":"<p><strong>Poslu\u017eavnik<\/strong> je nezaobilazan element svake kuhinje.<\/p>\n<p><strong>Drveni podmeta\u010di &#8211; poslu\u017eavnici<\/strong> se izra\u0111uju od bukovog drveta.<\/p>\n<p><strong>Dimenzije poslu\u017eavnika<\/strong><\/p>\n<p>Manji:39,5&#215;27,5 cm<br \/>\nVe\u0107i: 45,5&#215;30 cm<\/p>\n<p><strong>Poslu\u017eavnik<\/strong> je zbog svog oblika idealan za brendiranje, bilo da je u pitanju u\u0161tampavanje ili lasersko graviranje. Po \u017eelji klijenata, preko poslu\u017eavnika se mo\u017ee postaviti pluta, \u0161to onemogu\u0107ava klizanje.<\/p>\n<p><strong>Cene drvenih poslu\u017eavnika:<\/strong><br \/>\ndo 10 kom. &#8211; 6,50 Eur\/kom.<br \/>\n10-50 kom. &#8211; 6,10 Eur\/kom.<br \/>\n50-100 kom. &#8211; 5,80 Eur\/kom.<br \/>\npreko 100 kom. &#8211; 5,45 Eur\/kom.<\/p>\n<p><strong>\u010cetiri upotrebne vrednosti drvenog podmeta\u010da<\/strong><\/p>\n<p>Alternativno kori\u0161\u0107enje<br \/>\nTEGLICE &#8211; Za\u010dine koje biste ina\u010de izneli na sto stavite na drveni poslu\u017eavnik. Tu mogu biti maslinovo ulje, bosiljak, morska so, biber.<\/p>\n<p>Alternativno kori\u0161\u0107enje<br \/>\nBILJKE &#8211; Zasadite za\u010dine u male saksije i sve ih postavite na poslu\u017eavnik. Izgleda\u0107e dekorativno, a mo\u0107i \u0107ete da ih berete i dodajete u hranu.<\/p>\n<p>Alternativno kori\u0161\u0107enje<br \/>\nMIRIS &#8211; Ukrasite sto cve\u0107em. Mikro ba\u0161ta \u0107e se uklopiti uz svaku dekoraciju. Cvet mo\u017eete da stavite u dr\u017ea\u010d za jaje, \u0161olju, bokal.<\/p>\n<p>Klasi\u010dno kori\u0161\u0107enje<br \/>\n\u010cAJ &#8211; Osnovna primena je serviranje \u010daja. Poslu\u017eite ga sa cve\u0107em koje \u0107e dati i mirisnu notu ovom ritualu.<\/p>\n","protected":false},"excerpt":{"rendered":"<p>Poslu\u017eavnik je nezaobilazan element svake kuhinje. Drveni podmeta\u010di &#8211; poslu\u017eavnici  [&#8230;]<\/p>\n","protected":false},"featured_media":88273,"template":"","meta":{"content-type":""},"product_brand":[],"product_cat":[253,252,275],"product_tag":[],"class_list":{"0":"post-88272","1":"product","2":"type-product","3":"status-publish","4":"has-post-thumbnail","6":"product_cat-drevena-kuchynska-galanteria","7":"product_cat-drevna-galanteria","8":"product_cat-suveniry","10":"first","11":"instock","12":"shipping-taxable","13":"purchasable","14":"product-type-simple"},"aioseo_notices":[],"_links":{"self":[{"href":"https:\/\/www.kolibica.com\/sk\/wp-json\/wp\/v2\/product\/88272","targetHints":{"allow":["GET"]}}],"collection":[{"href":"https:\/\/www.kolibica.com\/sk\/wp-json\/wp\/v2\/product"}],"about":[{"href":"https:\/\/www.kolibica.com\/sk\/wp-json\/wp\/v2\/types\/product"}],"wp:featuredmedia":[{"embeddable":true,"href":"https:\/\/www.kolibica.com\/sk\/wp-json\/wp\/v2\/media\/88273"}],"wp:attachment":[{"href":"https:\/\/www.kolibica.com\/sk\/wp-json\/wp\/v2\/media?parent=88272"}],"wp:term":[{"taxonomy":"product_brand","embeddable":true,"href":"https:\/\/www.kolibica.com\/sk\/wp-json\/wp\/v2\/product_brand?post=88272"},{"taxonomy":"product_cat","embeddable":true,"href":"https:\/\/www.kolibica.com\/sk\/wp-json\/wp\/v2\/product_cat?post=88272"},{"taxonomy":"product_tag","embeddable":true,"href":"https:\/\/www.kolibica.com\/sk\/wp-json\/wp\/v2\/product_tag?post=88272"}],"curies":[{"name":"wp","href":"https:\/\/api.w.org\/{rel}","templated":true}]}}