{"id":88269,"date":"2019-09-27T11:18:50","date_gmt":"2019-09-27T09:18:50","guid":{"rendered":"https:\/\/www.kolibica.com\/product\/cinija-za-cips-i-grickalice\/"},"modified":"2026-01-29T20:14:15","modified_gmt":"2026-01-29T18:14:15","slug":"cinija-za-cips-i-grickalice","status":"publish","type":"product","link":"https:\/\/www.kolibica.com\/sk\/produkt\/cinija-za-cips-i-grickalice\/","title":{"rendered":"\u010cinija za \u010dips i grickalice"},"content":{"rendered":"<p><strong>\u010cinija za \u010dips i grickalice<\/strong> je veoma dopadljiv proizvod koji se obi\u010dno koristi za slu\u017eenje \u010dipsa i tortilja sa razli\u010ditim sosovima i umacima. Izra\u0111uje se od dve vrste drveta (tamnije i svetlije), kao \u0161to je npr. kombinacija parene bukve i jasena ili lipe. Povr\u0161ina \u010dinije je polirana lanenim uljem.<\/p>\n<p><strong>Cene \u010dinije za \u010dips i grickalice:<\/strong><\/p>\n<p>do 50 komada: 12,50 Eur<br \/>\n50-100 komada: 10,50 Eur<br \/>\npreko 100 komada: 9 Eur<\/p>\n","protected":false},"excerpt":{"rendered":"<p>\u010cinija za \u010dips i grickalice je veoma dopadljiv proizvod koji  [&#8230;]<\/p>\n","protected":false},"featured_media":88271,"template":"","meta":{"content-type":""},"product_brand":[],"product_cat":[253,252,275],"product_tag":[],"class_list":{"0":"post-88269","1":"product","2":"type-product","3":"status-publish","4":"has-post-thumbnail","6":"product_cat-drevena-kuchynska-galanteria","7":"product_cat-drevna-galanteria","8":"product_cat-suveniry","10":"first","11":"instock","12":"shipping-taxable","13":"purchasable","14":"product-type-simple"},"aioseo_notices":[],"_links":{"self":[{"href":"https:\/\/www.kolibica.com\/sk\/wp-json\/wp\/v2\/product\/88269","targetHints":{"allow":["GET"]}}],"collection":[{"href":"https:\/\/www.kolibica.com\/sk\/wp-json\/wp\/v2\/product"}],"about":[{"href":"https:\/\/www.kolibica.com\/sk\/wp-json\/wp\/v2\/types\/product"}],"wp:featuredmedia":[{"embeddable":true,"href":"https:\/\/www.kolibica.com\/sk\/wp-json\/wp\/v2\/media\/88271"}],"wp:attachment":[{"href":"https:\/\/www.kolibica.com\/sk\/wp-json\/wp\/v2\/media?parent=88269"}],"wp:term":[{"taxonomy":"product_brand","embeddable":true,"href":"https:\/\/www.kolibica.com\/sk\/wp-json\/wp\/v2\/product_brand?post=88269"},{"taxonomy":"product_cat","embeddable":true,"href":"https:\/\/www.kolibica.com\/sk\/wp-json\/wp\/v2\/product_cat?post=88269"},{"taxonomy":"product_tag","embeddable":true,"href":"https:\/\/www.kolibica.com\/sk\/wp-json\/wp\/v2\/product_tag?post=88269"}],"curies":[{"name":"wp","href":"https:\/\/api.w.org\/{rel}","templated":true}]}}