{"id":88230,"date":"2019-09-23T16:17:13","date_gmt":"2019-09-23T14:17:13","guid":{"rendered":"https:\/\/www.kolibica.com\/product\/vizitar\/"},"modified":"2025-05-18T13:12:30","modified_gmt":"2025-05-18T11:12:30","slug":"vizitar","status":"publish","type":"product","link":"https:\/\/www.kolibica.com\/sk\/produkt\/vizitar\/","title":{"rendered":"Vizitar"},"content":{"rendered":"<p><strong>Vizitar je kutijica za vizit kartice.<\/strong><\/p>\n<p>U dana\u0161nje vreme dostupan je neverovatan izbor vizit kartica razli\u010ditog dizajna, materijala, kvaliteta papira, plastifikacije&#8230; Karakteri\u0161e ih uglavnom ista veli\u010dina, tj. standardne dimenzije od pribli\u017eno 90&#215;50 milimetara.<br \/>\nPrvi utisak puno zna\u010di, pa je mnogo bolje kada svoju podsetnicu izvu\u010dete iz kutijice za vizit kartice, nego da je vadite iz d\u017eepa ili nov\u010danika. To umnogome govori o vama.<\/p>\n<p><strong>Drvena kutijica za vizit karte<\/strong> je savr\u0161en poslovni poklon, sa ugraviranim logotipom va\u0161e firme ili va\u0161im inicijalima. Kutije su dovoljno tanke da mogu stati u va\u0161 d\u017eep, a u njih staje 10-15 vizit kartica, \u0161to je sasvim dovoljno za svakodnevnu upotrebu. Osim toga, va\u0161a kutijica mo\u017ee slu\u017eiti i kao dr\u017ea\u010d za vizit karte na va\u0161em radnom stolu. Proizvodi se od dve vrste drveta (parena bukva i jasen), tako da se boje elemenata savr\u0161eno uklapaju.<\/p>\n<div>\n<p><strong>Dimenzije kutijice za vizit kartice:<\/strong> 108&#215;67 mm.<\/p>\n<\/div>\n<div>\n<p>Minimalna koli\u010dina za poru\u010divanje je 500 komada.<\/p>\n<div><strong>Cena kutijice za vizit karte:<\/strong><\/div>\n<\/div>\n<div>\n<div>500 kom. \u2013 1,85 Eura<\/div>\n<div><\/div>\n<p><em>Cena laserskog graviranja<\/em> je 0,8 \u2013 0,9 Eura po kutijici, u zavisnosti od veli\u010dine gravure.<\/p>\n<\/div>\n","protected":false},"excerpt":{"rendered":"<p>Vizitar je kutijica za vizit kartice. U dana\u0161nje vreme dostupan  [&#8230;]<\/p>\n","protected":false},"featured_media":88233,"template":"","meta":{"content-type":""},"product_brand":[],"product_cat":[252,254,255,275],"product_tag":[],"class_list":{"0":"post-88230","1":"product","2":"type-product","3":"status-publish","4":"has-post-thumbnail","6":"product_cat-drevna-galanteria","7":"product_cat-luxusna-galanteria","8":"product_cat-obchodna-reklamna-galanteria","9":"product_cat-suveniry","11":"first","12":"instock","13":"shipping-taxable","14":"purchasable","15":"product-type-simple"},"aioseo_notices":[],"_links":{"self":[{"href":"https:\/\/www.kolibica.com\/sk\/wp-json\/wp\/v2\/product\/88230","targetHints":{"allow":["GET"]}}],"collection":[{"href":"https:\/\/www.kolibica.com\/sk\/wp-json\/wp\/v2\/product"}],"about":[{"href":"https:\/\/www.kolibica.com\/sk\/wp-json\/wp\/v2\/types\/product"}],"wp:featuredmedia":[{"embeddable":true,"href":"https:\/\/www.kolibica.com\/sk\/wp-json\/wp\/v2\/media\/88233"}],"wp:attachment":[{"href":"https:\/\/www.kolibica.com\/sk\/wp-json\/wp\/v2\/media?parent=88230"}],"wp:term":[{"taxonomy":"product_brand","embeddable":true,"href":"https:\/\/www.kolibica.com\/sk\/wp-json\/wp\/v2\/product_brand?post=88230"},{"taxonomy":"product_cat","embeddable":true,"href":"https:\/\/www.kolibica.com\/sk\/wp-json\/wp\/v2\/product_cat?post=88230"},{"taxonomy":"product_tag","embeddable":true,"href":"https:\/\/www.kolibica.com\/sk\/wp-json\/wp\/v2\/product_tag?post=88230"}],"curies":[{"name":"wp","href":"https:\/\/api.w.org\/{rel}","templated":true}]}}