{"id":88228,"date":"2019-09-23T16:08:28","date_gmt":"2019-09-23T14:08:28","guid":{"rendered":"https:\/\/www.kolibica.com\/product\/usb-flash-memorije\/"},"modified":"2025-05-18T13:13:47","modified_gmt":"2025-05-18T11:13:47","slug":"usb-flash-memorije","status":"publish","type":"product","link":"https:\/\/www.kolibica.com\/sk\/produkt\/usb-flash-memorije\/","title":{"rendered":"USB Flash memorije"},"content":{"rendered":"<p><strong>USB flash memorije sadr\u017ee u sebi \u010dipove razli\u010ditih kapaciteta, po \u017eelji kupca.<\/strong><\/p>\n<p>\u017delite da budete druga\u010diji? Tra\u017eite USB Flash sticker koji je tako\u0111e jedinstven modni detalj? \u017delite prakti\u010dan i elegantan USB Flash disk? Kolibica vam mo\u017ee ponuditi razli\u010dite USB flash stickere razli\u010ditih kapaciteta. Ovi diskovi su ru\u010dne izrade i lepo dizajnirani. Proizvode se i u kombinaciji sa metalnim delovima i karakteri\u0161e ih najvi\u0161i nivo zavr\u0161ne obrade.<\/p>\n<p><strong>Flash stickeri<\/strong> se proizvode od najkvalitetnijeg drveta oraha, tre\u0161nje, \u0161ljive, kru\u0161ke. Mogu se gravirati CNC ili laserski.<\/p>\n<p>S obzirom na to da spadaju u luksuznije proizvode, drveni USB flash stickeri se mogu raditi u malim serijama ili po porud\u017ebini na komad.<\/p>\n<p>Cene za USB flash od 8 GB:<br \/>\ndo 100 kom &#8211;\u00a0 15 Eur<br \/>\nod 100 do 200 kom &#8211; 14 Eur<br \/>\npreko 200 kom &#8211; 12,50 Eur<\/p>\n<p>&nbsp;<\/p>\n<p>&nbsp;<\/p>\n<p>&nbsp;<\/p>\n<p><strong>Napomene:<\/strong><\/p>\n<p>Graviranje nije ura\u010dunato u cenu.<br \/>\nPo \u017eelji kupca na proizvodima laserskom \u0161tampom nanosimo logo ili drugi tekst.<\/p>\n","protected":false},"excerpt":{"rendered":"<p>USB flash memorije sadr\u017ee u sebi \u010dipove razli\u010ditih kapaciteta, po  [&#8230;]<\/p>\n","protected":false},"featured_media":88231,"template":"","meta":{"content-type":""},"product_brand":[],"product_cat":[254,255],"product_tag":[],"class_list":{"0":"post-88228","1":"product","2":"type-product","3":"status-publish","4":"has-post-thumbnail","6":"product_cat-luxusna-galanteria","7":"product_cat-obchodna-reklamna-galanteria","9":"first","10":"instock","11":"shipping-taxable","12":"purchasable","13":"product-type-simple"},"aioseo_notices":[],"_links":{"self":[{"href":"https:\/\/www.kolibica.com\/sk\/wp-json\/wp\/v2\/product\/88228","targetHints":{"allow":["GET"]}}],"collection":[{"href":"https:\/\/www.kolibica.com\/sk\/wp-json\/wp\/v2\/product"}],"about":[{"href":"https:\/\/www.kolibica.com\/sk\/wp-json\/wp\/v2\/types\/product"}],"wp:featuredmedia":[{"embeddable":true,"href":"https:\/\/www.kolibica.com\/sk\/wp-json\/wp\/v2\/media\/88231"}],"wp:attachment":[{"href":"https:\/\/www.kolibica.com\/sk\/wp-json\/wp\/v2\/media?parent=88228"}],"wp:term":[{"taxonomy":"product_brand","embeddable":true,"href":"https:\/\/www.kolibica.com\/sk\/wp-json\/wp\/v2\/product_brand?post=88228"},{"taxonomy":"product_cat","embeddable":true,"href":"https:\/\/www.kolibica.com\/sk\/wp-json\/wp\/v2\/product_cat?post=88228"},{"taxonomy":"product_tag","embeddable":true,"href":"https:\/\/www.kolibica.com\/sk\/wp-json\/wp\/v2\/product_tag?post=88228"}],"curies":[{"name":"wp","href":"https:\/\/api.w.org\/{rel}","templated":true}]}}