{"id":88204,"date":"2019-09-18T12:25:44","date_gmt":"2019-09-18T10:25:44","guid":{"rendered":"https:\/\/www.kolibica.com\/product\/daska-za-serviranje-u-obliku-sunke\/"},"modified":"2026-01-29T20:15:05","modified_gmt":"2026-01-29T18:15:05","slug":"daska-za-serviranje-u-obliku-sunke","status":"publish","type":"product","link":"https:\/\/www.kolibica.com\/sk\/produkt\/daska-za-serviranje-u-obliku-sunke\/","title":{"rendered":"Daska za serviranje u obliku \u0161unke"},"content":{"rendered":"<p><strong>Daska za serviranje u obliku \u0161unke<\/strong> je namenjena ugostiteljskim objektima ili doma\u0107instvima. Debljina daske je 2 cm. Mo\u017eemo izraditi model sa doradama (lasersko graviranje, \u0161tampa).<\/p>\n","protected":false},"excerpt":{"rendered":"<p>Daska za serviranje u obliku \u0161unke je namenjena ugostiteljskim objektima  [&#8230;]<\/p>\n","protected":false},"featured_media":88205,"template":"","meta":{"content-type":""},"product_brand":[],"product_cat":[253,252,255,275],"product_tag":[],"class_list":{"0":"post-88204","1":"product","2":"type-product","3":"status-publish","4":"has-post-thumbnail","6":"product_cat-drevena-kuchynska-galanteria","7":"product_cat-drevna-galanteria","8":"product_cat-obchodna-reklamna-galanteria","9":"product_cat-suveniry","11":"first","12":"instock","13":"shipping-taxable","14":"purchasable","15":"product-type-simple"},"aioseo_notices":[],"_links":{"self":[{"href":"https:\/\/www.kolibica.com\/sk\/wp-json\/wp\/v2\/product\/88204","targetHints":{"allow":["GET"]}}],"collection":[{"href":"https:\/\/www.kolibica.com\/sk\/wp-json\/wp\/v2\/product"}],"about":[{"href":"https:\/\/www.kolibica.com\/sk\/wp-json\/wp\/v2\/types\/product"}],"wp:featuredmedia":[{"embeddable":true,"href":"https:\/\/www.kolibica.com\/sk\/wp-json\/wp\/v2\/media\/88205"}],"wp:attachment":[{"href":"https:\/\/www.kolibica.com\/sk\/wp-json\/wp\/v2\/media?parent=88204"}],"wp:term":[{"taxonomy":"product_brand","embeddable":true,"href":"https:\/\/www.kolibica.com\/sk\/wp-json\/wp\/v2\/product_brand?post=88204"},{"taxonomy":"product_cat","embeddable":true,"href":"https:\/\/www.kolibica.com\/sk\/wp-json\/wp\/v2\/product_cat?post=88204"},{"taxonomy":"product_tag","embeddable":true,"href":"https:\/\/www.kolibica.com\/sk\/wp-json\/wp\/v2\/product_tag?post=88204"}],"curies":[{"name":"wp","href":"https:\/\/api.w.org\/{rel}","templated":true}]}}