{"id":88198,"date":"2019-09-06T11:50:44","date_gmt":"2019-09-06T09:50:44","guid":{"rendered":"https:\/\/www.kolibica.com\/product\/kutijice-bez-poklopca\/"},"modified":"2025-05-18T13:13:01","modified_gmt":"2025-05-18T11:13:01","slug":"kutijice-bez-poklopca","status":"publish","type":"product","link":"https:\/\/www.kolibica.com\/sk\/produkt\/kutijice-bez-poklopca\/","title":{"rendered":"Kutijice bez poklopca"},"content":{"rendered":"<p><strong>Kutijice bez poklopca <\/strong>se koriste za pakovanje proizvoda i\/ili poklona. Izra\u0111uju se od drveta i mogu biti tonirane prema \u017eelji kupca. Na kutijicama postoji mogucnost laserskog graviranja logotipa va\u0161e kompanije. Dimenzije mogu biti po zahtevu kupca.<\/p>\n","protected":false},"excerpt":{"rendered":"<p>Kutijice bez poklopca se koriste za pakovanje proizvoda i\/ili poklona.  [&#8230;]<\/p>\n","protected":false},"featured_media":88199,"template":"","meta":{"content-type":""},"product_brand":[],"product_cat":[252,254,255,275],"product_tag":[],"class_list":{"0":"post-88198","1":"product","2":"type-product","3":"status-publish","4":"has-post-thumbnail","6":"product_cat-drevna-galanteria","7":"product_cat-luxusna-galanteria","8":"product_cat-obchodna-reklamna-galanteria","9":"product_cat-suveniry","11":"first","12":"instock","13":"shipping-taxable","14":"purchasable","15":"product-type-simple"},"aioseo_notices":[],"_links":{"self":[{"href":"https:\/\/www.kolibica.com\/sk\/wp-json\/wp\/v2\/product\/88198","targetHints":{"allow":["GET"]}}],"collection":[{"href":"https:\/\/www.kolibica.com\/sk\/wp-json\/wp\/v2\/product"}],"about":[{"href":"https:\/\/www.kolibica.com\/sk\/wp-json\/wp\/v2\/types\/product"}],"wp:featuredmedia":[{"embeddable":true,"href":"https:\/\/www.kolibica.com\/sk\/wp-json\/wp\/v2\/media\/88199"}],"wp:attachment":[{"href":"https:\/\/www.kolibica.com\/sk\/wp-json\/wp\/v2\/media?parent=88198"}],"wp:term":[{"taxonomy":"product_brand","embeddable":true,"href":"https:\/\/www.kolibica.com\/sk\/wp-json\/wp\/v2\/product_brand?post=88198"},{"taxonomy":"product_cat","embeddable":true,"href":"https:\/\/www.kolibica.com\/sk\/wp-json\/wp\/v2\/product_cat?post=88198"},{"taxonomy":"product_tag","embeddable":true,"href":"https:\/\/www.kolibica.com\/sk\/wp-json\/wp\/v2\/product_tag?post=88198"}],"curies":[{"name":"wp","href":"https:\/\/api.w.org\/{rel}","templated":true}]}}