{"id":88196,"date":"2019-09-06T11:25:45","date_gmt":"2019-09-06T09:25:45","guid":{"rendered":"https:\/\/www.kolibica.com\/product\/daska-za-serviranje-prase\/"},"modified":"2024-04-23T11:58:07","modified_gmt":"2024-04-23T09:58:07","slug":"daska-za-serviranje-prase","status":"publish","type":"product","link":"https:\/\/www.kolibica.com\/sk\/produkt\/daska-za-serviranje-prase\/","title":{"rendered":"Daska za serviranje &#8211; Prase"},"content":{"rendered":"<p><strong>Daska za serviranje &#8211; Prase je kuhinjska daska veoma interesantnog oblika koja mo\u017ee slu\u017eiti za se\u010denje i poslu\u017eivanje predjela.<\/strong><\/p>\n<p><strong>Kuhinjske daske<\/strong> se proizvode od kvalitetnog bukovog drveta. Daske mogu biti sa \u017eljebovima za se\u010denje pice ili bez njih. Na daskama se mo\u017ee izgravirati logo ili uraditi dodatni useci, prema \u017eeljama kupca.<\/p>\n<p>&nbsp;<\/p>\n<p>&nbsp;<\/p>\n<p><strong>Savet:<\/strong><\/p>\n<p>Drvene varja\u010de i kuhinjske daske ne dr\u017eite potopljene u vodi, jer \u0107e se deformisati. Daske i varja\u010de treba odmah posle upotrebe oprati i osu\u0161iti. Ako su zadr\u017eale neprijatne mirise od hrane, povremeno ih treba izribati o\u0161trom \u010detkom umo\u010denom u me\u0161avinu soli i sir\u0107eta, a zatim ih isprati pod mlazom tople vode.<\/p>\n<p>&nbsp;<\/p>\n","protected":false},"excerpt":{"rendered":"<p>Daska za serviranje &#8211; Prase je kuhinjska daska veoma interesantnog  [&#8230;]<\/p>\n","protected":false},"featured_media":88197,"template":"","meta":{"content-type":""},"product_brand":[],"product_cat":[253],"product_tag":[],"class_list":{"0":"post-88196","1":"product","2":"type-product","3":"status-publish","4":"has-post-thumbnail","6":"product_cat-drevena-kuchynska-galanteria","8":"first","9":"instock","10":"shipping-taxable","11":"product-type-simple"},"aioseo_notices":[],"_links":{"self":[{"href":"https:\/\/www.kolibica.com\/sk\/wp-json\/wp\/v2\/product\/88196","targetHints":{"allow":["GET"]}}],"collection":[{"href":"https:\/\/www.kolibica.com\/sk\/wp-json\/wp\/v2\/product"}],"about":[{"href":"https:\/\/www.kolibica.com\/sk\/wp-json\/wp\/v2\/types\/product"}],"wp:featuredmedia":[{"embeddable":true,"href":"https:\/\/www.kolibica.com\/sk\/wp-json\/wp\/v2\/media\/88197"}],"wp:attachment":[{"href":"https:\/\/www.kolibica.com\/sk\/wp-json\/wp\/v2\/media?parent=88196"}],"wp:term":[{"taxonomy":"product_brand","embeddable":true,"href":"https:\/\/www.kolibica.com\/sk\/wp-json\/wp\/v2\/product_brand?post=88196"},{"taxonomy":"product_cat","embeddable":true,"href":"https:\/\/www.kolibica.com\/sk\/wp-json\/wp\/v2\/product_cat?post=88196"},{"taxonomy":"product_tag","embeddable":true,"href":"https:\/\/www.kolibica.com\/sk\/wp-json\/wp\/v2\/product_tag?post=88196"}],"curies":[{"name":"wp","href":"https:\/\/api.w.org\/{rel}","templated":true}]}}