{"id":88192,"date":"2019-09-06T10:47:34","date_gmt":"2019-09-06T08:47:34","guid":{"rendered":"https:\/\/www.kolibica.com\/product\/kutijice-za-vizit-kartice\/"},"modified":"2024-04-23T11:57:42","modified_gmt":"2024-04-23T09:57:42","slug":"kutijice-za-vizit-kartice","status":"publish","type":"product","link":"https:\/\/www.kolibica.com\/sk\/produkt\/kutijice-za-vizit-kartice\/","title":{"rendered":"Kutijice za vizit kartice"},"content":{"rendered":"<p><strong>Kutijice za vizit kartice<\/strong> su dopadljiv detalj poslovnih ljudi. Izra\u0111uju se od drveta i mogu biti tonirane prema \u017eelji kupca. Na kutijicama postoji mogucnost laserskog graviranja logotipa va\u0161e kompanije.<\/p>\n<p><strong>Drvena kutijica za vizit karte<\/strong> je savr\u0161en poslovni poklon, sa ugraviranim logotipom va\u0161e firme ili va\u0161im inicijalima. Kutije su dovoljno tanke da mogu stati u va\u0161 d\u017eep, a u njih staje 10-15 vizit kartica, \u0161to je sasvim dovoljno za svakodnevnu upotrebu.<\/p>\n","protected":false},"excerpt":{"rendered":"<p>Kutijice za vizit kartice su dopadljiv detalj poslovnih ljudi. Izra\u0111uju  [&#8230;]<\/p>\n","protected":false},"featured_media":88193,"template":"","meta":{"content-type":""},"product_brand":[],"product_cat":[252,254,255,275],"product_tag":[],"class_list":{"0":"post-88192","1":"product","2":"type-product","3":"status-publish","4":"has-post-thumbnail","6":"product_cat-drevna-galanteria","7":"product_cat-luxusna-galanteria","8":"product_cat-obchodna-reklamna-galanteria","9":"product_cat-suveniry","11":"first","12":"instock","13":"shipping-taxable","14":"purchasable","15":"product-type-simple"},"aioseo_notices":[],"_links":{"self":[{"href":"https:\/\/www.kolibica.com\/sk\/wp-json\/wp\/v2\/product\/88192","targetHints":{"allow":["GET"]}}],"collection":[{"href":"https:\/\/www.kolibica.com\/sk\/wp-json\/wp\/v2\/product"}],"about":[{"href":"https:\/\/www.kolibica.com\/sk\/wp-json\/wp\/v2\/types\/product"}],"wp:featuredmedia":[{"embeddable":true,"href":"https:\/\/www.kolibica.com\/sk\/wp-json\/wp\/v2\/media\/88193"}],"wp:attachment":[{"href":"https:\/\/www.kolibica.com\/sk\/wp-json\/wp\/v2\/media?parent=88192"}],"wp:term":[{"taxonomy":"product_brand","embeddable":true,"href":"https:\/\/www.kolibica.com\/sk\/wp-json\/wp\/v2\/product_brand?post=88192"},{"taxonomy":"product_cat","embeddable":true,"href":"https:\/\/www.kolibica.com\/sk\/wp-json\/wp\/v2\/product_cat?post=88192"},{"taxonomy":"product_tag","embeddable":true,"href":"https:\/\/www.kolibica.com\/sk\/wp-json\/wp\/v2\/product_tag?post=88192"}],"curies":[{"name":"wp","href":"https:\/\/api.w.org\/{rel}","templated":true}]}}