{"id":88190,"date":"2019-08-05T13:55:37","date_gmt":"2019-08-05T11:55:37","guid":{"rendered":"https:\/\/www.kolibica.com\/product\/drvene-cinijice-za-sos\/"},"modified":"2026-01-29T20:15:27","modified_gmt":"2026-01-29T18:15:27","slug":"drvene-cinijice-za-sos","status":"publish","type":"product","link":"https:\/\/www.kolibica.com\/sk\/produkt\/drvene-cinijice-za-sos\/","title":{"rendered":"Drvene \u010dinijice za sos"},"content":{"rendered":"<p><strong>Drvene \u010dinijice za sos<\/strong> se proizvode od bukve. Za\u0161ti\u0107ene su uljanim premazom. Po zahtevu kupca mogu biti gravirane.<\/p>\n","protected":false},"excerpt":{"rendered":"<p>Drvene \u010dinijice za sos se proizvode od bukve. Za\u0161ti\u0107ene su  [&#8230;]<\/p>\n","protected":false},"featured_media":88191,"template":"","meta":{"content-type":""},"product_brand":[],"product_cat":[253,267,255,275],"product_tag":[],"class_list":{"0":"post-88190","1":"product","2":"type-product","3":"status-publish","4":"has-post-thumbnail","6":"product_cat-drevena-kuchynska-galanteria","7":"product_cat-hedonizmus","8":"product_cat-obchodna-reklamna-galanteria","9":"product_cat-suveniry","11":"first","12":"instock","13":"shipping-taxable","14":"purchasable","15":"product-type-simple"},"aioseo_notices":[],"_links":{"self":[{"href":"https:\/\/www.kolibica.com\/sk\/wp-json\/wp\/v2\/product\/88190","targetHints":{"allow":["GET"]}}],"collection":[{"href":"https:\/\/www.kolibica.com\/sk\/wp-json\/wp\/v2\/product"}],"about":[{"href":"https:\/\/www.kolibica.com\/sk\/wp-json\/wp\/v2\/types\/product"}],"wp:featuredmedia":[{"embeddable":true,"href":"https:\/\/www.kolibica.com\/sk\/wp-json\/wp\/v2\/media\/88191"}],"wp:attachment":[{"href":"https:\/\/www.kolibica.com\/sk\/wp-json\/wp\/v2\/media?parent=88190"}],"wp:term":[{"taxonomy":"product_brand","embeddable":true,"href":"https:\/\/www.kolibica.com\/sk\/wp-json\/wp\/v2\/product_brand?post=88190"},{"taxonomy":"product_cat","embeddable":true,"href":"https:\/\/www.kolibica.com\/sk\/wp-json\/wp\/v2\/product_cat?post=88190"},{"taxonomy":"product_tag","embeddable":true,"href":"https:\/\/www.kolibica.com\/sk\/wp-json\/wp\/v2\/product_tag?post=88190"}],"curies":[{"name":"wp","href":"https:\/\/api.w.org\/{rel}","templated":true}]}}