{"id":88186,"date":"2019-07-29T20:40:21","date_gmt":"2019-07-29T18:40:21","guid":{"rendered":"https:\/\/www.kolibica.com\/product\/parazit-police\/"},"modified":"2026-01-29T20:15:35","modified_gmt":"2026-01-29T18:15:35","slug":"parazit-police","status":"publish","type":"product","link":"https:\/\/www.kolibica.com\/sk\/produkt\/parazit-police\/","title":{"rendered":"Parazit police"},"content":{"rendered":"<p><strong>Parazit police<\/strong> su police malih dimenzija. Uglavnom se koriste za pove\u0107anje dostupnosti proizvoda kroz zauzimanje \u0161to manjeg prostora. U proizvodnji ovih polica mo\u017eemo koristiti <a href=\"\/?p=1015\">razli\u010dite materijale<\/a>, Tako klijent dobija atraktivan proizvod koji privla\u010di kupce i isti\u010de proizvod za koji je polica namenjena. Veli\u010dina i oblik police su promenljivi, kao i sve dodatne dorade koje se mogu izvr\u0161iti. Police se mogu ka\u010diti na ve\u0107 postoje\u0107a mesta ili biti samostoje\u0107e.<\/p>\n<p><strong>Parazit police<\/strong> se obi\u010do postavljaju blizu kase, gondole, velikih polica i gondola, kao i fri\u017eidera. <a href=\"https:\/\/www.facebook.com\/kolibica\/\" target=\"_blank\" rel=\"noopener\">Mi na Facebook-u<\/a>.<\/p>\n","protected":false},"excerpt":{"rendered":"<p>Parazit police su police malih dimenzija. Uglavnom se koriste za  [&#8230;]<\/p>\n","protected":false},"featured_media":88187,"template":"","meta":{"content-type":""},"product_brand":[],"product_cat":[253,250,255,275],"product_tag":[],"class_list":{"0":"post-88186","1":"product","2":"type-product","3":"status-publish","4":"has-post-thumbnail","6":"product_cat-drevena-kuchynska-galanteria","7":"product_cat-drevena-obal","8":"product_cat-obchodna-reklamna-galanteria","9":"product_cat-suveniry","11":"first","12":"instock","13":"shipping-taxable","14":"purchasable","15":"product-type-simple"},"aioseo_notices":[],"_links":{"self":[{"href":"https:\/\/www.kolibica.com\/sk\/wp-json\/wp\/v2\/product\/88186","targetHints":{"allow":["GET"]}}],"collection":[{"href":"https:\/\/www.kolibica.com\/sk\/wp-json\/wp\/v2\/product"}],"about":[{"href":"https:\/\/www.kolibica.com\/sk\/wp-json\/wp\/v2\/types\/product"}],"wp:featuredmedia":[{"embeddable":true,"href":"https:\/\/www.kolibica.com\/sk\/wp-json\/wp\/v2\/media\/88187"}],"wp:attachment":[{"href":"https:\/\/www.kolibica.com\/sk\/wp-json\/wp\/v2\/media?parent=88186"}],"wp:term":[{"taxonomy":"product_brand","embeddable":true,"href":"https:\/\/www.kolibica.com\/sk\/wp-json\/wp\/v2\/product_brand?post=88186"},{"taxonomy":"product_cat","embeddable":true,"href":"https:\/\/www.kolibica.com\/sk\/wp-json\/wp\/v2\/product_cat?post=88186"},{"taxonomy":"product_tag","embeddable":true,"href":"https:\/\/www.kolibica.com\/sk\/wp-json\/wp\/v2\/product_tag?post=88186"}],"curies":[{"name":"wp","href":"https:\/\/api.w.org\/{rel}","templated":true}]}}