{"id":88181,"date":"2019-07-29T18:05:21","date_gmt":"2019-07-29T16:05:21","guid":{"rendered":"https:\/\/www.kolibica.com\/product\/drvene-kofe\/"},"modified":"2026-04-07T12:24:03","modified_gmt":"2026-04-07T10:24:03","slug":"drvene-kofe","status":"publish","type":"product","link":"https:\/\/www.kolibica.com\/sk\/produkt\/drvene-kofe\/","title":{"rendered":"Drvene kofe"},"content":{"rendered":"<p><strong>Drvene kofe<\/strong> se proizvode od bukve, hrasta ili jasena. Obru\u010di mogu biti pocinkovani ili crni. Visina kofe je 32 cm, a pre\u010dnik u gornjem delu 33 cm. Ove kofe su veoma atraktivne za dekoraciju u ba\u0161ti, prakti\u010dne za doma\u0107instvo za \u010duvanje povr\u0107a itd.<\/p>\n<p>Cene drvenih kofa:<\/p>\n<p>&nbsp;<\/p>\n","protected":false},"excerpt":{"rendered":"<p>Drvene kofe se proizvode od bukve, hrasta ili jasena. Obru\u010di  [&#8230;]<\/p>\n","protected":false},"featured_media":88182,"template":"","meta":{"content-type":""},"product_brand":[],"product_cat":[253,250,275],"product_tag":[],"class_list":{"0":"post-88181","1":"product","2":"type-product","3":"status-publish","4":"has-post-thumbnail","6":"product_cat-drevena-kuchynska-galanteria","7":"product_cat-drevena-obal","8":"product_cat-suveniry","10":"first","11":"instock","12":"shipping-taxable","13":"purchasable","14":"product-type-simple"},"aioseo_notices":[],"_links":{"self":[{"href":"https:\/\/www.kolibica.com\/sk\/wp-json\/wp\/v2\/product\/88181","targetHints":{"allow":["GET"]}}],"collection":[{"href":"https:\/\/www.kolibica.com\/sk\/wp-json\/wp\/v2\/product"}],"about":[{"href":"https:\/\/www.kolibica.com\/sk\/wp-json\/wp\/v2\/types\/product"}],"wp:featuredmedia":[{"embeddable":true,"href":"https:\/\/www.kolibica.com\/sk\/wp-json\/wp\/v2\/media\/88182"}],"wp:attachment":[{"href":"https:\/\/www.kolibica.com\/sk\/wp-json\/wp\/v2\/media?parent=88181"}],"wp:term":[{"taxonomy":"product_brand","embeddable":true,"href":"https:\/\/www.kolibica.com\/sk\/wp-json\/wp\/v2\/product_brand?post=88181"},{"taxonomy":"product_cat","embeddable":true,"href":"https:\/\/www.kolibica.com\/sk\/wp-json\/wp\/v2\/product_cat?post=88181"},{"taxonomy":"product_tag","embeddable":true,"href":"https:\/\/www.kolibica.com\/sk\/wp-json\/wp\/v2\/product_tag?post=88181"}],"curies":[{"name":"wp","href":"https:\/\/api.w.org\/{rel}","templated":true}]}}