{"id":88175,"date":"2019-06-22T11:22:58","date_gmt":"2019-06-22T09:22:58","guid":{"rendered":"https:\/\/www.kolibica.com\/product\/kuhinjska-daska-kd08\/"},"modified":"2024-04-23T11:42:41","modified_gmt":"2024-04-23T09:42:41","slug":"kuhinjska-daska-kd08","status":"publish","type":"product","link":"https:\/\/www.kolibica.com\/sk\/produkt\/kuhinjska-daska-kd08\/","title":{"rendered":"Kuhinjska daska &#8211; KD08"},"content":{"rendered":"<p><strong>Kuhinjska daska &#8211; KD08 slu\u017ei za se\u010denje i serviranje hrane.<\/strong><\/p>\n<p><strong>Kuhinjske daske<\/strong> se proizvode od kvalitetnog bukovog drveta. Daske mogu biti sa \u017eljebovima za se\u010denje pice ili bez njih. Na daskama se mo\u017ee izgravirati logo ili uraditi dodatni useci, prema \u017eeljama kupca.<\/p>\n<p>&nbsp;<\/p>\n<p>&nbsp;<\/p>\n<p><strong>Savet:<\/strong><\/p>\n<p>Drvene varja\u010de i kuhinjske daske ne dr\u017eite potopljene u vodi, jer \u0107e se deformisati. Daske i varja\u010de treba odmah posle upotrebe oprati i osu\u0161iti. Ako su zadr\u017eale neprijatne mirise od hrane, povremeno ih treba izribati o\u0161trom \u010detkom umo\u010denom u me\u0161avinu soli i sir\u0107eta, a zatim ih isprati pod mlazom tople vode.<\/p>\n<p>&nbsp;<\/p>\n","protected":false},"excerpt":{"rendered":"<p>Kuhinjska daska &#8211; KD08 slu\u017ei za se\u010denje i serviranje hrane.  [&#8230;]<\/p>\n","protected":false},"featured_media":88176,"template":"","meta":{"content-type":""},"product_brand":[],"product_cat":[253],"product_tag":[],"class_list":{"0":"post-88175","1":"product","2":"type-product","3":"status-publish","4":"has-post-thumbnail","6":"product_cat-drevena-kuchynska-galanteria","8":"first","9":"instock","10":"shipping-taxable","11":"product-type-simple"},"aioseo_notices":[],"_links":{"self":[{"href":"https:\/\/www.kolibica.com\/sk\/wp-json\/wp\/v2\/product\/88175","targetHints":{"allow":["GET"]}}],"collection":[{"href":"https:\/\/www.kolibica.com\/sk\/wp-json\/wp\/v2\/product"}],"about":[{"href":"https:\/\/www.kolibica.com\/sk\/wp-json\/wp\/v2\/types\/product"}],"wp:featuredmedia":[{"embeddable":true,"href":"https:\/\/www.kolibica.com\/sk\/wp-json\/wp\/v2\/media\/88176"}],"wp:attachment":[{"href":"https:\/\/www.kolibica.com\/sk\/wp-json\/wp\/v2\/media?parent=88175"}],"wp:term":[{"taxonomy":"product_brand","embeddable":true,"href":"https:\/\/www.kolibica.com\/sk\/wp-json\/wp\/v2\/product_brand?post=88175"},{"taxonomy":"product_cat","embeddable":true,"href":"https:\/\/www.kolibica.com\/sk\/wp-json\/wp\/v2\/product_cat?post=88175"},{"taxonomy":"product_tag","embeddable":true,"href":"https:\/\/www.kolibica.com\/sk\/wp-json\/wp\/v2\/product_tag?post=88175"}],"curies":[{"name":"wp","href":"https:\/\/api.w.org\/{rel}","templated":true}]}}