{"id":88133,"date":"2019-05-14T18:17:05","date_gmt":"2019-05-14T16:17:05","guid":{"rendered":"https:\/\/www.kolibica.com\/product\/daska-za-viski-i-tompus\/"},"modified":"2024-04-23T11:26:00","modified_gmt":"2024-04-23T09:26:00","slug":"daska-za-viski-i-tompus","status":"publish","type":"product","link":"https:\/\/www.kolibica.com\/sk\/produkt\/daska-za-viski-i-tompus\/","title":{"rendered":"Daska za viski i tompus"},"content":{"rendered":"<p><strong>Daska za viski i tompus<\/strong> je izra\u0111ena od hrasta, sa metalnim detaljima koji joj daju rusti\u010dan izgled.<\/p>\n<p>Prvoklasna jaka cigara i singl malt viski, su sinonimi u\u017eivanja u naj\u010distijoj aromi i kao takvi logi\u010dno predstavljaju idealnu kombinaciju. Naravno, ne smemo zaboraviti da je ovo ma\u010d sa dve o\u0161trice, neumereno u\u017eivanje u cigarama i pi\u0107u mo\u017ee zna\u010dajno ugroziti ljudsko zdravlje. Uostalom, lepota opu\u0161tanja uz aromati\u010dan dim i jeste u jedinstvenosti do\u017eivljaja. Ako se ponavlja previ\u0161e \u010desto i nekontrolisano, postaje samo ru\u017ena navika. Zato od samog po\u010detka formiranja stava u\u017eivalaca jeste umerenost. To je jednini put u dugoro\u010dni plan otkrivanja novih ukusa i senzacija koje sve ovo nosi&#8230;<\/p>\n<p>&nbsp;<\/p>\n<p><strong>Cene dasaka:<\/strong><\/p>\n<p>Do 10 kom. &#8211; 20 Eur<br \/>\n10-50 kom &#8211; 15 Eur<br \/>\npreko 50 kom. &#8211; 10 Eur<br \/>\npreko 100 kom. &#8211; 8 Eur.<\/p>\n<p><strong>Napomene:<\/strong><\/p>\n<p>Graviranje nije ura\u010dunato u cenu.<br \/>\nPo \u017eelji kupca na proizvodima laserskom \u0161tampom i CNC (ma\u0161inskim duborezom) nanosimo logo ili drugi tekst<br \/>\nDimenzije proizvoda nisu fiksne<\/p>\n","protected":false},"excerpt":{"rendered":"<p>Daska za viski i tompus je izra\u0111ena od hrasta, sa  [&#8230;]<\/p>\n","protected":false},"featured_media":88138,"template":"","meta":{"content-type":""},"product_brand":[],"product_cat":[267,254,255],"product_tag":[],"class_list":{"0":"post-88133","1":"product","2":"type-product","3":"status-publish","4":"has-post-thumbnail","6":"product_cat-hedonizmus","7":"product_cat-luxusna-galanteria","8":"product_cat-obchodna-reklamna-galanteria","10":"first","11":"instock","12":"shipping-taxable","13":"purchasable","14":"product-type-simple"},"aioseo_notices":[],"_links":{"self":[{"href":"https:\/\/www.kolibica.com\/sk\/wp-json\/wp\/v2\/product\/88133","targetHints":{"allow":["GET"]}}],"collection":[{"href":"https:\/\/www.kolibica.com\/sk\/wp-json\/wp\/v2\/product"}],"about":[{"href":"https:\/\/www.kolibica.com\/sk\/wp-json\/wp\/v2\/types\/product"}],"wp:featuredmedia":[{"embeddable":true,"href":"https:\/\/www.kolibica.com\/sk\/wp-json\/wp\/v2\/media\/88138"}],"wp:attachment":[{"href":"https:\/\/www.kolibica.com\/sk\/wp-json\/wp\/v2\/media?parent=88133"}],"wp:term":[{"taxonomy":"product_brand","embeddable":true,"href":"https:\/\/www.kolibica.com\/sk\/wp-json\/wp\/v2\/product_brand?post=88133"},{"taxonomy":"product_cat","embeddable":true,"href":"https:\/\/www.kolibica.com\/sk\/wp-json\/wp\/v2\/product_cat?post=88133"},{"taxonomy":"product_tag","embeddable":true,"href":"https:\/\/www.kolibica.com\/sk\/wp-json\/wp\/v2\/product_tag?post=88133"}],"curies":[{"name":"wp","href":"https:\/\/api.w.org\/{rel}","templated":true}]}}