{"id":88130,"date":"2019-04-27T11:14:09","date_gmt":"2019-04-27T09:14:09","guid":{"rendered":"https:\/\/www.kolibica.com\/product\/stolice-za-restorane-roma-x\/"},"modified":"2025-03-20T12:02:19","modified_gmt":"2025-03-20T10:02:19","slug":"stolice-za-restorane-roma-x","status":"publish","type":"product","link":"https:\/\/www.kolibica.com\/sk\/produkt\/stolice-za-restorane-roma-x\/","title":{"rendered":"Stolice za restorane Roma X"},"content":{"rendered":"<p><strong>Stolice za restorane Roma X<\/strong> su veoma pogodne za du\u017ee sedenje. Konstruisane su da budu udobne, kako bi va\u0161i gosti u\u017eivali u jelu i boravku u va\u0161em restoranu. Naslon sa ukr\u0161tenim letvicama daje veoma dopadljiv izgled stolice, kao i odli\u010dnu udobnost.<\/p>\n<p>Mo\u017eete izabrati boju stolica u skladu sa tonovima koji preovla\u0111uju u va\u0161em restoranu ili kafi\u0107u. Ove stolice se najbolje uklapaju uz <a href=\"https:\/\/www.kolibica.com\/sk\/proizvod\/barske-stolice-roma-x\/\">barske stolice Roma X<\/a>.<\/p>\n<p>Za ve\u0107e koli\u010dine stolica odobravamo dodatni popust.<\/p>\n","protected":false},"excerpt":{"rendered":"<p>Stolice za restorane Roma X su veoma pogodne za du\u017ee  [&#8230;]<\/p>\n","protected":false},"featured_media":88135,"template":"","meta":{"content-type":""},"product_brand":[],"product_cat":[257,270],"product_tag":[],"class_list":{"0":"post-88130","1":"product","2":"type-product","3":"status-publish","4":"has-post-thumbnail","6":"product_cat-drevene-stolicky","7":"product_cat-nabytok","9":"first","10":"instock","11":"shipping-taxable","12":"purchasable","13":"product-type-simple"},"aioseo_notices":[],"_links":{"self":[{"href":"https:\/\/www.kolibica.com\/sk\/wp-json\/wp\/v2\/product\/88130","targetHints":{"allow":["GET"]}}],"collection":[{"href":"https:\/\/www.kolibica.com\/sk\/wp-json\/wp\/v2\/product"}],"about":[{"href":"https:\/\/www.kolibica.com\/sk\/wp-json\/wp\/v2\/types\/product"}],"wp:featuredmedia":[{"embeddable":true,"href":"https:\/\/www.kolibica.com\/sk\/wp-json\/wp\/v2\/media\/88135"}],"wp:attachment":[{"href":"https:\/\/www.kolibica.com\/sk\/wp-json\/wp\/v2\/media?parent=88130"}],"wp:term":[{"taxonomy":"product_brand","embeddable":true,"href":"https:\/\/www.kolibica.com\/sk\/wp-json\/wp\/v2\/product_brand?post=88130"},{"taxonomy":"product_cat","embeddable":true,"href":"https:\/\/www.kolibica.com\/sk\/wp-json\/wp\/v2\/product_cat?post=88130"},{"taxonomy":"product_tag","embeddable":true,"href":"https:\/\/www.kolibica.com\/sk\/wp-json\/wp\/v2\/product_tag?post=88130"}],"curies":[{"name":"wp","href":"https:\/\/api.w.org\/{rel}","templated":true}]}}