{"id":88129,"date":"2019-02-13T15:35:05","date_gmt":"2019-02-13T13:35:05","guid":{"rendered":"https:\/\/www.kolibica.com\/product\/drvene-kutije-za-dve-boce-vina-i-dve-case\/"},"modified":"2026-01-29T20:08:53","modified_gmt":"2026-01-29T18:08:53","slug":"drvene-kutije-za-dve-boce-vina-i-dve-case","status":"publish","type":"product","link":"https:\/\/www.kolibica.com\/sk\/produkt\/drvene-kutije-za-dve-boce-vina-i-dve-case\/","title":{"rendered":"Drvene kutije za dve boce vina i dve \u010da\u0161e"},"content":{"rendered":"<p><strong>Drvene kutije za dve vinske boce i dve \u010da\u0161e<\/strong> se izra\u0111uju od mekog drveta: lipe, jele ili smr\u010de. Ove kutije u se otvaraju poput kov\u010de\u017ei\u0107a i veoma su prakti\u010dne za no\u0161enje, jer imaju ru\u010dicu, a unutra\u0161njost im je oblo\u017eena penom ili plutom. Veoma su prakti\u010dne za poklone, naro\u010dito ukoliko \u017eelite da onaj kome poklanjate vino stvarno i u\u017eiva u njemu &#8211; naravno u dru\u0161tvu.<\/p>\n<p><strong>Dimenzije kutija za 1 vinsku bocu i 2 \u010da\u0161e su:<\/strong> 325x160x160 mm.<\/p>\n<p>Cene drvenih kutija za dve vinske boce:<br \/>\n30-50 komada: 22,70 Eur<br \/>\n50-300 komada: 20,50 Eur<br \/>\n300-1000 komada: 18,00 Eur<br \/>\nPreko 1000 komada &#8211; cena po dogovoru.<\/p>\n<p>U cenu kutije su ura\u010dunate i dve \u010da\u0161e za vino.<\/p>\n<p>.<\/p>\n<p><strong>Napomene:<\/strong><\/p>\n<p>Graviranje nije ura\u010dunato u cenu.<br \/>\nPo \u017eelji kupca na proizvodima laserskom \u0161tampom i CNC (ma\u0161inskim duborezom) nanosimo logo ili drugi tekst<br \/>\nDimenzije proizvoda nisu fiksne<\/p>\n","protected":false},"excerpt":{"rendered":"<p>Drvene kutije za dve vinske boce i dve \u010da\u0161e se  [&#8230;]<\/p>\n","protected":false},"featured_media":88131,"template":"","meta":{"content-type":""},"product_brand":[],"product_cat":[250,268],"product_tag":[],"class_list":{"0":"post-88129","1":"product","2":"type-product","3":"status-publish","4":"has-post-thumbnail","6":"product_cat-drevena-obal","7":"product_cat-skrine-na-vino","9":"first","10":"instock","11":"shipping-taxable","12":"purchasable","13":"product-type-simple"},"aioseo_notices":[],"_links":{"self":[{"href":"https:\/\/www.kolibica.com\/sk\/wp-json\/wp\/v2\/product\/88129","targetHints":{"allow":["GET"]}}],"collection":[{"href":"https:\/\/www.kolibica.com\/sk\/wp-json\/wp\/v2\/product"}],"about":[{"href":"https:\/\/www.kolibica.com\/sk\/wp-json\/wp\/v2\/types\/product"}],"wp:featuredmedia":[{"embeddable":true,"href":"https:\/\/www.kolibica.com\/sk\/wp-json\/wp\/v2\/media\/88131"}],"wp:attachment":[{"href":"https:\/\/www.kolibica.com\/sk\/wp-json\/wp\/v2\/media?parent=88129"}],"wp:term":[{"taxonomy":"product_brand","embeddable":true,"href":"https:\/\/www.kolibica.com\/sk\/wp-json\/wp\/v2\/product_brand?post=88129"},{"taxonomy":"product_cat","embeddable":true,"href":"https:\/\/www.kolibica.com\/sk\/wp-json\/wp\/v2\/product_cat?post=88129"},{"taxonomy":"product_tag","embeddable":true,"href":"https:\/\/www.kolibica.com\/sk\/wp-json\/wp\/v2\/product_tag?post=88129"}],"curies":[{"name":"wp","href":"https:\/\/api.w.org\/{rel}","templated":true}]}}