{"id":88127,"date":"2019-02-13T01:16:20","date_gmt":"2019-02-12T23:16:20","guid":{"rendered":"https:\/\/www.kolibica.com\/product\/drvene-kutije-za-vinsku-bocu-i-dve-case\/"},"modified":"2026-01-29T20:09:01","modified_gmt":"2026-01-29T18:09:01","slug":"drvene-kutije-za-vinsku-bocu-i-dve-case","status":"publish","type":"product","link":"https:\/\/www.kolibica.com\/sk\/produkt\/drvene-kutije-za-vinsku-bocu-i-dve-case\/","title":{"rendered":"Drvene kutije za vinsku bocu i dve \u010da\u0161e"},"content":{"rendered":"<p><strong>Drvene kutije za jednu vinsku bocu i dve \u010da\u0161e.<\/strong><\/p>\n<p>.<\/p>\n<p><strong>Napomene:<\/strong><\/p>\n<p>Graviranje nije ura\u010dunato u cenu.<br \/>\nPo \u017eelji kupca na proizvodima laserskom \u0161tampom i CNC (ma\u0161inskim duborezom) nanosimo logo ili drugi tekst<br \/>\nDimenzije proizvoda nisu fiksne<\/p>\n","protected":false},"excerpt":{"rendered":"<p>Drvene kutije za jednu vinsku bocu i dve \u010da\u0161e. .  [&#8230;]<\/p>\n","protected":false},"featured_media":88128,"template":"","meta":{"content-type":""},"product_brand":[],"product_cat":[250,268],"product_tag":[],"class_list":{"0":"post-88127","1":"product","2":"type-product","3":"status-publish","4":"has-post-thumbnail","6":"product_cat-drevena-obal","7":"product_cat-skrine-na-vino","9":"first","10":"instock","11":"shipping-taxable","12":"purchasable","13":"product-type-simple"},"aioseo_notices":[],"_links":{"self":[{"href":"https:\/\/www.kolibica.com\/sk\/wp-json\/wp\/v2\/product\/88127","targetHints":{"allow":["GET"]}}],"collection":[{"href":"https:\/\/www.kolibica.com\/sk\/wp-json\/wp\/v2\/product"}],"about":[{"href":"https:\/\/www.kolibica.com\/sk\/wp-json\/wp\/v2\/types\/product"}],"wp:featuredmedia":[{"embeddable":true,"href":"https:\/\/www.kolibica.com\/sk\/wp-json\/wp\/v2\/media\/88128"}],"wp:attachment":[{"href":"https:\/\/www.kolibica.com\/sk\/wp-json\/wp\/v2\/media?parent=88127"}],"wp:term":[{"taxonomy":"product_brand","embeddable":true,"href":"https:\/\/www.kolibica.com\/sk\/wp-json\/wp\/v2\/product_brand?post=88127"},{"taxonomy":"product_cat","embeddable":true,"href":"https:\/\/www.kolibica.com\/sk\/wp-json\/wp\/v2\/product_cat?post=88127"},{"taxonomy":"product_tag","embeddable":true,"href":"https:\/\/www.kolibica.com\/sk\/wp-json\/wp\/v2\/product_tag?post=88127"}],"curies":[{"name":"wp","href":"https:\/\/api.w.org\/{rel}","templated":true}]}}