{"id":88092,"date":"2019-02-13T01:14:56","date_gmt":"2019-02-12T23:14:56","guid":{"rendered":"https:\/\/www.kolibica.com\/product\/drvene-cuturice\/"},"modified":"2026-01-29T18:39:28","modified_gmt":"2026-01-29T16:39:28","slug":"drvene-cuturice","status":"publish","type":"product","link":"https:\/\/www.kolibica.com\/sk\/produkt\/drvene-cuturice\/","title":{"rendered":"Drvene \u010duturice"},"content":{"rendered":"<p><strong>Drvene \u010duturice se koriste za alkoholna pi\u0107a. Nezaobilazan su detalj kada se pozivaju svatovi.<\/strong><\/p>\n<p>Unutra\u0161njost <strong>drvenih \u010duturica<\/strong> \u010dini staklena fla\u0161a, a spolja\u0161njost karakteri\u0161e vrhunska zavr\u0161na obrada. Na\u0161e <strong>\u010duturice<\/strong> su ukra\u0161ene laserskim graviranjem ili ma\u0161inskim duborezom na najsavremenijim CNC ma\u0161inama. Prema \u017eeljama kupaca, mogu biti odra\u0111eni i dodatni detalji koji bi \u010duturicama dali jedinstven izgled. Zapremina \u010duturice je 0,7 litara.<\/p>\n<p><strong>Cene velikih \u010duturica (0,7 l):<\/strong><br \/>\ndo 30 komada: 35 Eura<br \/>\n30-50 komada: 32 Eura<br \/>\n50-300 komada: 30 Eura<br \/>\n300-1000 komada: 28 Eura<\/p>\n<p><strong>Napomene:<\/strong><\/p>\n<p>Graviranje nije ura\u010dunato u cenu.<br \/>\nPo \u017eelji kupca na proizvodima laserskom \u0161tampom i CNC (ma\u0161inskim duborezom) nanosimo logo ili drugi tekst<\/p>\n","protected":false},"excerpt":{"rendered":"<p>Drvene \u010duturice se koriste za alkoholna pi\u0107a. Nezaobilazan su detalj  [&#8230;]<\/p>\n","protected":false},"featured_media":88098,"template":"","meta":{"content-type":""},"product_brand":[],"product_cat":[244,250],"product_tag":[],"class_list":{"0":"post-88092","1":"product","2":"type-product","3":"status-publish","4":"has-post-thumbnail","6":"product_cat-drevena-flasa","7":"product_cat-drevena-obal","9":"first","10":"instock","11":"shipping-taxable","12":"purchasable","13":"product-type-simple"},"aioseo_notices":[],"_links":{"self":[{"href":"https:\/\/www.kolibica.com\/sk\/wp-json\/wp\/v2\/product\/88092","targetHints":{"allow":["GET"]}}],"collection":[{"href":"https:\/\/www.kolibica.com\/sk\/wp-json\/wp\/v2\/product"}],"about":[{"href":"https:\/\/www.kolibica.com\/sk\/wp-json\/wp\/v2\/types\/product"}],"wp:featuredmedia":[{"embeddable":true,"href":"https:\/\/www.kolibica.com\/sk\/wp-json\/wp\/v2\/media\/88098"}],"wp:attachment":[{"href":"https:\/\/www.kolibica.com\/sk\/wp-json\/wp\/v2\/media?parent=88092"}],"wp:term":[{"taxonomy":"product_brand","embeddable":true,"href":"https:\/\/www.kolibica.com\/sk\/wp-json\/wp\/v2\/product_brand?post=88092"},{"taxonomy":"product_cat","embeddable":true,"href":"https:\/\/www.kolibica.com\/sk\/wp-json\/wp\/v2\/product_cat?post=88092"},{"taxonomy":"product_tag","embeddable":true,"href":"https:\/\/www.kolibica.com\/sk\/wp-json\/wp\/v2\/product_tag?post=88092"}],"curies":[{"name":"wp","href":"https:\/\/api.w.org\/{rel}","templated":true}]}}