{"id":88091,"date":"2019-02-13T01:02:30","date_gmt":"2019-02-12T23:02:30","guid":{"rendered":"https:\/\/www.kolibica.com\/product\/drvene-kutije-za-tri-vinske-boce\/"},"modified":"2026-01-29T20:09:12","modified_gmt":"2026-01-29T18:09:12","slug":"drvene-kutije-za-tri-vinske-boce","status":"publish","type":"product","link":"https:\/\/www.kolibica.com\/sk\/produkt\/drvene-kutije-za-tri-vinske-boce\/","title":{"rendered":"Drvene kutije za tri vinske boce"},"content":{"rendered":"<p><strong>Drvene kutije za tri ili vi\u0161e vinskih boca<\/strong> se izra\u0111uju od mekog drveta: lipe, jele ili smr\u010de. Ove kutije u standardnoj varijanti imaju klizni poklopac koji mo\u017ee biti potpuno zatvoren ili imati nekoliko otvora. Veoma su prakti\u010dne za vinarije koje \u017eele da upakuju srodna vina iz svoje ponude ili kompanije koje svojim partnerima \u017eele da poklone komplet kvalitetnih vina.<\/p>\n<p>Dimenzije standardnih kutija za dve vinske boce: 365x245x90 mm.<\/p>\n<p>Cene drvenih kutija za tri vinske boce:<br \/>\n30-50 komada: 11,20 Eur<br \/>\n50-300 komada: 10,80 Eur<br \/>\n300-1000 komada: 10,40 Eur<br \/>\nPreko 1000 komada &#8211; cena po dogovoru.<\/p>\n<p>.<\/p>\n<p><strong>Napomene:<\/strong><\/p>\n<p>Graviranje nije ura\u010dunato u cenu.<br \/>\nPo \u017eelji kupca na proizvodima laserskom \u0161tampom i CNC (ma\u0161inskim duborezom) nanosimo logo ili drugi tekst<br \/>\nDimenzije proizvoda nisu fiksne<\/p>\n","protected":false},"excerpt":{"rendered":"<p>Drvene kutije za tri ili vi\u0161e vinskih boca se izra\u0111uju  [&#8230;]<\/p>\n","protected":false},"featured_media":88097,"template":"","meta":{"content-type":""},"product_brand":[],"product_cat":[250,268],"product_tag":[],"class_list":{"0":"post-88091","1":"product","2":"type-product","3":"status-publish","4":"has-post-thumbnail","6":"product_cat-drevena-obal","7":"product_cat-skrine-na-vino","9":"first","10":"instock","11":"shipping-taxable","12":"purchasable","13":"product-type-simple"},"aioseo_notices":[],"_links":{"self":[{"href":"https:\/\/www.kolibica.com\/sk\/wp-json\/wp\/v2\/product\/88091","targetHints":{"allow":["GET"]}}],"collection":[{"href":"https:\/\/www.kolibica.com\/sk\/wp-json\/wp\/v2\/product"}],"about":[{"href":"https:\/\/www.kolibica.com\/sk\/wp-json\/wp\/v2\/types\/product"}],"wp:featuredmedia":[{"embeddable":true,"href":"https:\/\/www.kolibica.com\/sk\/wp-json\/wp\/v2\/media\/88097"}],"wp:attachment":[{"href":"https:\/\/www.kolibica.com\/sk\/wp-json\/wp\/v2\/media?parent=88091"}],"wp:term":[{"taxonomy":"product_brand","embeddable":true,"href":"https:\/\/www.kolibica.com\/sk\/wp-json\/wp\/v2\/product_brand?post=88091"},{"taxonomy":"product_cat","embeddable":true,"href":"https:\/\/www.kolibica.com\/sk\/wp-json\/wp\/v2\/product_cat?post=88091"},{"taxonomy":"product_tag","embeddable":true,"href":"https:\/\/www.kolibica.com\/sk\/wp-json\/wp\/v2\/product_tag?post=88091"}],"curies":[{"name":"wp","href":"https:\/\/api.w.org\/{rel}","templated":true}]}}